{"id":613,"date":"2025-09-17T15:28:27","date_gmt":"2025-09-17T13:28:27","guid":{"rendered":"https:\/\/komlife.22projects.sk\/szolgaltatasok\/varosi-szolgaltatasok\/"},"modified":"2026-02-05T11:26:46","modified_gmt":"2026-02-05T10:26:46","slug":"varosi-szolgaltatasok","status":"publish","type":"page","link":"https:\/\/komlife.eu\/hu\/szolgaltatasok\/varosi-szolgaltatasok\/","title":{"rendered":"V\u00e1rosi szolg\u00e1ltat\u00e1sok"},"content":{"rendered":"\n<section class=\"wp-block-the-mighty22-contacts-grid contacts-grid\">\n<article class=\"wp-block-the-mighty22-contact-card contact-card\"><header class=\"contact-card__header\"><h4 class=\"contact-card__name\">Kom\u00e1romi V\u00e1rosi Hivatal<\/h4><p class=\"contact-card__note description\">az adminisztr\u00e1ci\u00f3 \u00e9s az \u00f6nkorm\u00e1nyzat k\u00f6zpontja, ahol int\u00e9zhet\u0151ek az anyak\u00f6nyvi \u00fcgyek, a lakc\u00edmbejelent\u00e9s, az \u00e9p\u00edt\u00e9si enged\u00e9lyek \u00e9s k\u00fcl\u00f6nf\u00e9le igazol\u00e1sok.<\/p><\/header><div class=\"contact-card__addresses\"><div class=\"contact-card__address\"><span class=\"contact-card__icon contact-card__icon--address\"><svg xmlns=\"http:\/\/www.w3.org\/2000\/svg\" width=\"22\" height=\"30\" viewbox=\"0 0 22 30\" fill=\"none\"><path d=\"M11 0C4.93457 0 0 4.87395 0 10.8648C0 18.2997 9.84392 29.2145 10.263 29.6755C10.6567 30.1086 11.344 30.1078 11.737 29.6755C12.1561 29.2145 22 18.2997 22 10.8648C21.9999 4.87395 17.0654 0 11 0ZM11 16.3312C7.94833 16.3312 5.46568 13.879 5.46568 10.8648C5.46568 7.85063 7.94839 5.39848 11 5.39848C14.0516 5.39848 16.5343 7.85069 16.5343 10.8649C16.5343 13.8791 14.0516 16.3312 11 16.3312Z\" fill=\"#0E2433\"><\/path><\/svg><\/span><address class=\"contact-card__address-text\">N\u00e1m. gen. Klapku 1, 945 01 Kom\u00e1rno<\/address><\/div><\/div><div class=\"contact-card__websites\"><div class=\"contact-card__website\"><span class=\"contact-card__icon contact-card__icon--website\"><svg xmlns=\"http:\/\/www.w3.org\/2000\/svg\" width=\"22\" height=\"23\" viewbox=\"0 0 22 23\" fill=\"none\"><path d=\"M14.9333 6.75556H7.06667C7.73333 2.8 9.24444 0 11.0222 0C12.7556 0 14.3111 2.8 14.9333 6.75556ZM6.75556 11.0222C6.75556 10.0444 6.8 9.11111 6.88889 8.17778H15.1111C15.2 9.11111 15.2444 10.0444 15.2444 11.0222C15.2444 12.0444 15.2 12.9778 15.1111 13.8667H6.88889C6.8 12.9778 6.75556 12.0444 6.75556 11.0222ZM21.1556 6.75556H16.3556C15.9556 4.26667 15.2444 2 14.1333 0.488889C17.3333 1.42222 19.9111 3.77778 21.1556 6.75556ZM7.86667 0.488889C6.75556 2 6.04444 4.26667 5.64444 6.75556H0.844444C2.08889 3.77778 4.66667 1.42222 7.86667 0.488889ZM21.6444 8.17778C21.8667 9.11111 22 10.0444 22 11.0222C22 12.0444 21.8667 12.9778 21.6444 13.8667H16.5333C16.6222 12.9333 16.7111 12 16.7111 11.0222C16.7111 10.0889 16.6222 9.11111 16.5333 8.17778H21.6444ZM5.33333 11.0222C5.33333 12 5.37778 12.9333 5.46667 13.8667H0.355556C0.133333 12.9778 0 12.0444 0 11.0222C0 10.0444 0.133333 9.11111 0.355556 8.17778H5.46667C5.37778 9.11111 5.33333 10.0889 5.33333 11.0222ZM7.06667 15.2889H14.9333C14.3111 19.2889 12.7556 22.0444 11.0222 22.0444C9.24444 22.0444 7.73333 19.2889 7.06667 15.2889ZM14.1333 21.6C15.2444 20.0889 16 17.8222 16.3556 15.2889H21.1556C19.9111 18.3111 17.3333 20.6667 14.1333 21.6ZM0.844444 15.2889H5.64444C6.04444 17.8222 6.75556 20.0889 7.86667 21.6C4.66667 20.6667 2.08889 18.3111 0.844444 15.2889Z\" fill=\"#0E2433\"><\/path><\/svg><\/span><a class=\"contact-card__website-link\" href=\"https:\/\/komarno.sk\" target=\"_blank\" rel=\"noopener noreferrer\">komarno.sk<\/a><\/div><\/div><\/article>\n\n\n\n<article class=\"wp-block-the-mighty22-contact-card contact-card\"><header class=\"contact-card__header\"><h4 class=\"contact-card__name\">Anyak\u00f6nyvi Hivatal<\/h4><p class=\"contact-card__note description\">sz\u00fclet\u00e9sek, h\u00e1zass\u00e1gok, hal\u00e1lesetek bejegyz\u00e9se, n\u00e9v- \u00e9s vezet\u00e9kn\u00e9v-v\u00e1ltoztat\u00e1s.<\/p><\/header><div class=\"contact-card__addresses\"><div class=\"contact-card__address\"><span class=\"contact-card__icon contact-card__icon--address\"><svg xmlns=\"http:\/\/www.w3.org\/2000\/svg\" width=\"22\" height=\"30\" viewbox=\"0 0 22 30\" fill=\"none\"><path d=\"M11 0C4.93457 0 0 4.87395 0 10.8648C0 18.2997 9.84392 29.2145 10.263 29.6755C10.6567 30.1086 11.344 30.1078 11.737 29.6755C12.1561 29.2145 22 18.2997 22 10.8648C21.9999 4.87395 17.0654 0 11 0ZM11 16.3312C7.94833 16.3312 5.46568 13.879 5.46568 10.8648C5.46568 7.85063 7.94839 5.39848 11 5.39848C14.0516 5.39848 16.5343 7.85069 16.5343 10.8649C16.5343 13.8791 14.0516 16.3312 11 16.3312Z\" fill=\"#0E2433\"><\/path><\/svg><\/span><address class=\"contact-card__address-text\">N\u00e1m. gen. Klapku 1, 945 01 Kom\u00e1rno<\/address><\/div><\/div><div class=\"contact-card__phones\"><div class=\"contact-card__phone\"><span class=\"contact-card__icon contact-card__icon--mobile\"><svg xmlns=\"http:\/\/www.w3.org\/2000\/svg\" width=\"17\" height=\"30\" viewbox=\"0 0 17 30\" fill=\"none\"><path d=\"M14.8144 0H2.18374C0.975814 0 0 0.979012 0 2.18621V27.8166C0 29.02 0.975814 30 2.18374 30H14.8144C16.0204 30 17 29.021 17 27.8166V2.18621C16.9991 0.979012 16.0204 0 14.8144 0ZM15.362 24.3068H1.63804V3.68787H15.362V24.3068ZM11.4274 2.2184H5.57161V1.58024H11.4284L11.4274 2.2184ZM13.9333 1.92678C13.9333 2.23544 13.6813 2.4854 13.3734 2.4854C13.0645 2.4854 12.8135 2.2345 12.8135 1.92678C12.8135 1.61906 13.0645 1.36816 13.3734 1.36816C13.6822 1.36721 13.9333 1.61812 13.9333 1.92678ZM11.165 27.6708H5.83214V26.0309H11.165V27.6708Z\" fill=\"#0E2433\"><\/path><\/svg><\/span><a class=\"contact-card__phone-link\" href=\"tel:0352851299\" target=\"_blank\" rel=\"noopener noreferrer\">035\/285 12 99<\/a><\/div><div class=\"contact-card__phone\"><span class=\"contact-card__icon contact-card__icon--mobile\"><svg xmlns=\"http:\/\/www.w3.org\/2000\/svg\" width=\"17\" height=\"30\" viewbox=\"0 0 17 30\" fill=\"none\"><path d=\"M14.8144 0H2.18374C0.975814 0 0 0.979012 0 2.18621V27.8166C0 29.02 0.975814 30 2.18374 30H14.8144C16.0204 30 17 29.021 17 27.8166V2.18621C16.9991 0.979012 16.0204 0 14.8144 0ZM15.362 24.3068H1.63804V3.68787H15.362V24.3068ZM11.4274 2.2184H5.57161V1.58024H11.4284L11.4274 2.2184ZM13.9333 1.92678C13.9333 2.23544 13.6813 2.4854 13.3734 2.4854C13.0645 2.4854 12.8135 2.2345 12.8135 1.92678C12.8135 1.61906 13.0645 1.36816 13.3734 1.36816C13.6822 1.36721 13.9333 1.61812 13.9333 1.92678ZM11.165 27.6708H5.83214V26.0309H11.165V27.6708Z\" fill=\"#0E2433\"><\/path><\/svg><\/span><a class=\"contact-card__phone-link\" href=\"tel:0352851298\" target=\"_blank\" rel=\"noopener noreferrer\">035\/285 12 98<\/a><\/div><\/div><\/article>\n\n\n\n<article class=\"wp-block-the-mighty22-contact-card contact-card\"><header class=\"contact-card__header\"><h4 class=\"contact-card__name\">Kommun\u00e1lis szolg\u00e1ltat\u00e1sok<\/h4><p class=\"contact-card__note description\">k\u00f6zter\u00fcletek kezel\u00e9se, z\u00f6ldfel\u00fcletek karbantart\u00e1sa, t\u00e9li \u00fatkarbantart\u00e1s \u00e9s hullad\u00e9ksz\u00e1ll\u00edt\u00e1s. Biztos\u00edtja a KN Smart.<\/p><\/header><div class=\"contact-card__websites\"><div class=\"contact-card__website\"><span class=\"contact-card__icon contact-card__icon--website\"><svg xmlns=\"http:\/\/www.w3.org\/2000\/svg\" width=\"22\" height=\"23\" viewbox=\"0 0 22 23\" fill=\"none\"><path d=\"M14.9333 6.75556H7.06667C7.73333 2.8 9.24444 0 11.0222 0C12.7556 0 14.3111 2.8 14.9333 6.75556ZM6.75556 11.0222C6.75556 10.0444 6.8 9.11111 6.88889 8.17778H15.1111C15.2 9.11111 15.2444 10.0444 15.2444 11.0222C15.2444 12.0444 15.2 12.9778 15.1111 13.8667H6.88889C6.8 12.9778 6.75556 12.0444 6.75556 11.0222ZM21.1556 6.75556H16.3556C15.9556 4.26667 15.2444 2 14.1333 0.488889C17.3333 1.42222 19.9111 3.77778 21.1556 6.75556ZM7.86667 0.488889C6.75556 2 6.04444 4.26667 5.64444 6.75556H0.844444C2.08889 3.77778 4.66667 1.42222 7.86667 0.488889ZM21.6444 8.17778C21.8667 9.11111 22 10.0444 22 11.0222C22 12.0444 21.8667 12.9778 21.6444 13.8667H16.5333C16.6222 12.9333 16.7111 12 16.7111 11.0222C16.7111 10.0889 16.6222 9.11111 16.5333 8.17778H21.6444ZM5.33333 11.0222C5.33333 12 5.37778 12.9333 5.46667 13.8667H0.355556C0.133333 12.9778 0 12.0444 0 11.0222C0 10.0444 0.133333 9.11111 0.355556 8.17778H5.46667C5.37778 9.11111 5.33333 10.0889 5.33333 11.0222ZM7.06667 15.2889H14.9333C14.3111 19.2889 12.7556 22.0444 11.0222 22.0444C9.24444 22.0444 7.73333 19.2889 7.06667 15.2889ZM14.1333 21.6C15.2444 20.0889 16 17.8222 16.3556 15.2889H21.1556C19.9111 18.3111 17.3333 20.6667 14.1333 21.6ZM0.844444 15.2889H5.64444C6.04444 17.8222 6.75556 20.0889 7.86667 21.6C4.66667 20.6667 2.08889 18.3111 0.844444 15.2889Z\" fill=\"#0E2433\"><\/path><\/svg><\/span><a class=\"contact-card__website-link\" href=\"https:\/\/knsmart.sk\" target=\"_blank\" rel=\"noopener noreferrer\">knsmart.sk<\/a><\/div><\/div><\/article>\n\n\n\n<article class=\"wp-block-the-mighty22-contact-card contact-card\"><header class=\"contact-card__header\"><h4 class=\"contact-card__name\">KOMVaK &#8211; Kom\u00e1rom v\u00e1ros v\u00edz- \u00e9s csatornam\u0171vei, rt.<\/h4><\/header><div class=\"contact-card__addresses\"><div class=\"contact-card__address\"><span class=\"contact-card__icon contact-card__icon--address\"><svg xmlns=\"http:\/\/www.w3.org\/2000\/svg\" width=\"22\" height=\"30\" viewbox=\"0 0 22 30\" fill=\"none\"><path d=\"M11 0C4.93457 0 0 4.87395 0 10.8648C0 18.2997 9.84392 29.2145 10.263 29.6755C10.6567 30.1086 11.344 30.1078 11.737 29.6755C12.1561 29.2145 22 18.2997 22 10.8648C21.9999 4.87395 17.0654 0 11 0ZM11 16.3312C7.94833 16.3312 5.46568 13.879 5.46568 10.8648C5.46568 7.85063 7.94839 5.39848 11 5.39848C14.0516 5.39848 16.5343 7.85069 16.5343 10.8649C16.5343 13.8791 14.0516 16.3312 11 16.3312Z\" fill=\"#0E2433\"><\/path><\/svg><\/span><address class=\"contact-card__address-text\">E. B. Luk\u00e1\u010da 25, 945 01 Kom\u00e1rno<\/address><\/div><\/div><div class=\"contact-card__phones contact-card__phones--mobile\"><div class=\"contact-card__phone\"><span class=\"contact-card__icon contact-card__icon--mobile\"><svg xmlns=\"http:\/\/www.w3.org\/2000\/svg\" width=\"17\" height=\"30\" viewbox=\"0 0 17 30\" fill=\"none\"><path d=\"M14.8144 0H2.18374C0.975814 0 0 0.979012 0 2.18621V27.8166C0 29.02 0.975814 30 2.18374 30H14.8144C16.0204 30 17 29.021 17 27.8166V2.18621C16.9991 0.979012 16.0204 0 14.8144 0ZM15.362 24.3068H1.63804V3.68787H15.362V24.3068ZM11.4274 2.2184H5.57161V1.58024H11.4284L11.4274 2.2184ZM13.9333 1.92678C13.9333 2.23544 13.6813 2.4854 13.3734 2.4854C13.0645 2.4854 12.8135 2.2345 12.8135 1.92678C12.8135 1.61906 13.0645 1.36816 13.3734 1.36816C13.6822 1.36721 13.9333 1.61812 13.9333 1.92678ZM11.165 27.6708H5.83214V26.0309H11.165V27.6708Z\" fill=\"#0E2433\"><\/path><\/svg><\/span><a class=\"contact-card__phone-link\" href=\"tel:00421357731073\" target=\"_blank\" rel=\"noopener noreferrer\">00421 35 77 31 073<\/a><\/div><div class=\"contact-card__phone\"><span class=\"contact-card__icon contact-card__icon--mobile\"><svg xmlns=\"http:\/\/www.w3.org\/2000\/svg\" width=\"17\" height=\"30\" viewbox=\"0 0 17 30\" fill=\"none\"><path d=\"M14.8144 0H2.18374C0.975814 0 0 0.979012 0 2.18621V27.8166C0 29.02 0.975814 30 2.18374 30H14.8144C16.0204 30 17 29.021 17 27.8166V2.18621C16.9991 0.979012 16.0204 0 14.8144 0ZM15.362 24.3068H1.63804V3.68787H15.362V24.3068ZM11.4274 2.2184H5.57161V1.58024H11.4284L11.4274 2.2184ZM13.9333 1.92678C13.9333 2.23544 13.6813 2.4854 13.3734 2.4854C13.0645 2.4854 12.8135 2.2345 12.8135 1.92678C12.8135 1.61906 13.0645 1.36816 13.3734 1.36816C13.6822 1.36721 13.9333 1.61812 13.9333 1.92678ZM11.165 27.6708H5.83214V26.0309H11.165V27.6708Z\" fill=\"#0E2433\"><\/path><\/svg><\/span><a class=\"contact-card__phone-link\" href=\"tel:00421353214000\" target=\"_blank\" rel=\"noopener noreferrer\">00421 35 3214 000<\/a><\/div><\/div><div class=\"contact-card__emails\"><div class=\"contact-card__email\"><span class=\"contact-card__icon contact-card__icon--email\"><svg xmlns=\"http:\/\/www.w3.org\/2000\/svg\" width=\"22\" height=\"17\" viewbox=\"0 0 22 17\" fill=\"none\"><path d=\"M21.5703 5.45703C21.7422 5.32813 22 5.45703 22 5.67188V14.4375C22 15.5977 21.0547 16.5 19.9375 16.5H2.0625C0.902344 16.5 0 15.5977 0 14.4375V5.67188C0 5.45703 0.214844 5.32813 0.386719 5.45703C1.375 6.23047 2.62109 7.17578 7.00391 10.3555C7.90625 11 9.45313 12.418 11 12.418C12.5039 12.418 14.0938 11 14.9531 10.3555C19.3359 7.17578 20.582 6.23047 21.5703 5.45703ZM11 11C9.96875 11.043 8.55078 9.75391 7.82031 9.23828C2.10547 5.11328 1.67578 4.72656 0.386719 3.69531C0.128906 3.52344 0 3.22266 0 2.87891V2.0625C0 0.945313 0.902344 0 2.0625 0H19.9375C21.0547 0 22 0.945313 22 2.0625V2.87891C22 3.22266 21.8281 3.52344 21.5703 3.69531C20.2813 4.72656 19.8516 5.11328 14.1367 9.23828C13.4063 9.75391 11.9883 11.043 11 11Z\" fill=\"#0E2433\"><\/path><\/svg><\/span><a class=\"contact-card__email-link\" href=\"mailto:sekretariat@komvak.sk\" target=\"_blank\" rel=\"noopener noreferrer\">sekretariat@komvak.sk<\/a><\/div><div class=\"contact-card__email\"><span class=\"contact-card__icon contact-card__icon--email\"><svg xmlns=\"http:\/\/www.w3.org\/2000\/svg\" width=\"22\" height=\"17\" viewbox=\"0 0 22 17\" fill=\"none\"><path d=\"M21.5703 5.45703C21.7422 5.32813 22 5.45703 22 5.67188V14.4375C22 15.5977 21.0547 16.5 19.9375 16.5H2.0625C0.902344 16.5 0 15.5977 0 14.4375V5.67188C0 5.45703 0.214844 5.32813 0.386719 5.45703C1.375 6.23047 2.62109 7.17578 7.00391 10.3555C7.90625 11 9.45313 12.418 11 12.418C12.5039 12.418 14.0938 11 14.9531 10.3555C19.3359 7.17578 20.582 6.23047 21.5703 5.45703ZM11 11C9.96875 11.043 8.55078 9.75391 7.82031 9.23828C2.10547 5.11328 1.67578 4.72656 0.386719 3.69531C0.128906 3.52344 0 3.22266 0 2.87891V2.0625C0 0.945313 0.902344 0 2.0625 0H19.9375C21.0547 0 22 0.945313 22 2.0625V2.87891C22 3.22266 21.8281 3.52344 21.5703 3.69531C20.2813 4.72656 19.8516 5.11328 14.1367 9.23828C13.4063 9.75391 11.9883 11.043 11 11Z\" fill=\"#0E2433\"><\/path><\/svg><\/span><a class=\"contact-card__email-link\" href=\"mailto:mail@komvak.sk\" target=\"_blank\" rel=\"noopener noreferrer\">mail@komvak.sk<\/a><\/div><\/div><div class=\"contact-card__websites\"><div class=\"contact-card__website\"><span class=\"contact-card__icon contact-card__icon--website\"><svg xmlns=\"http:\/\/www.w3.org\/2000\/svg\" width=\"22\" height=\"23\" viewbox=\"0 0 22 23\" fill=\"none\"><path d=\"M14.9333 6.75556H7.06667C7.73333 2.8 9.24444 0 11.0222 0C12.7556 0 14.3111 2.8 14.9333 6.75556ZM6.75556 11.0222C6.75556 10.0444 6.8 9.11111 6.88889 8.17778H15.1111C15.2 9.11111 15.2444 10.0444 15.2444 11.0222C15.2444 12.0444 15.2 12.9778 15.1111 13.8667H6.88889C6.8 12.9778 6.75556 12.0444 6.75556 11.0222ZM21.1556 6.75556H16.3556C15.9556 4.26667 15.2444 2 14.1333 0.488889C17.3333 1.42222 19.9111 3.77778 21.1556 6.75556ZM7.86667 0.488889C6.75556 2 6.04444 4.26667 5.64444 6.75556H0.844444C2.08889 3.77778 4.66667 1.42222 7.86667 0.488889ZM21.6444 8.17778C21.8667 9.11111 22 10.0444 22 11.0222C22 12.0444 21.8667 12.9778 21.6444 13.8667H16.5333C16.6222 12.9333 16.7111 12 16.7111 11.0222C16.7111 10.0889 16.6222 9.11111 16.5333 8.17778H21.6444ZM5.33333 11.0222C5.33333 12 5.37778 12.9333 5.46667 13.8667H0.355556C0.133333 12.9778 0 12.0444 0 11.0222C0 10.0444 0.133333 9.11111 0.355556 8.17778H5.46667C5.37778 9.11111 5.33333 10.0889 5.33333 11.0222ZM7.06667 15.2889H14.9333C14.3111 19.2889 12.7556 22.0444 11.0222 22.0444C9.24444 22.0444 7.73333 19.2889 7.06667 15.2889ZM14.1333 21.6C15.2444 20.0889 16 17.8222 16.3556 15.2889H21.1556C19.9111 18.3111 17.3333 20.6667 14.1333 21.6ZM0.844444 15.2889H5.64444C6.04444 17.8222 6.75556 20.0889 7.86667 21.6C4.66667 20.6667 2.08889 18.3111 0.844444 15.2889Z\" fill=\"#0E2433\"><\/path><\/svg><\/span><a class=\"contact-card__website-link\" href=\"https:\/\/komvak.sk\/\" target=\"_blank\" rel=\"noopener noreferrer\">https:\/\/komvak.sk\/<\/a><\/div><\/div><\/article>\n\n\n\n<article class=\"wp-block-the-mighty22-contact-card contact-card\"><header class=\"contact-card__header\"><h4 class=\"contact-card__name\">Kom\u00e1rom v\u00e1ros tulajdon\u00e1ban l\u00e9v\u0151 l\u00e9tes\u00edtm\u00e9nyek \u00e9s szolg\u00e1ltat\u00e1sok kezel\u00e9se<\/h4><p class=\"contact-card__note description\">t\u00f6bbek k\u00f6z\u00f6tt az uszoda, a j\u00e9gp\u00e1lya, a sportcsarnok \u00e9s a term\u00e1lf\u00fcrd\u0151. Ezek m\u0171k\u00f6dtet\u00e9s\u00e9t COMORRA SERVIS v\u00e1llalat biztos\u00edtja.<\/p><\/header><div class=\"contact-card__websites\"><div class=\"contact-card__website\"><span class=\"contact-card__icon contact-card__icon--website\"><svg xmlns=\"http:\/\/www.w3.org\/2000\/svg\" width=\"22\" height=\"23\" viewbox=\"0 0 22 23\" fill=\"none\"><path d=\"M14.9333 6.75556H7.06667C7.73333 2.8 9.24444 0 11.0222 0C12.7556 0 14.3111 2.8 14.9333 6.75556ZM6.75556 11.0222C6.75556 10.0444 6.8 9.11111 6.88889 8.17778H15.1111C15.2 9.11111 15.2444 10.0444 15.2444 11.0222C15.2444 12.0444 15.2 12.9778 15.1111 13.8667H6.88889C6.8 12.9778 6.75556 12.0444 6.75556 11.0222ZM21.1556 6.75556H16.3556C15.9556 4.26667 15.2444 2 14.1333 0.488889C17.3333 1.42222 19.9111 3.77778 21.1556 6.75556ZM7.86667 0.488889C6.75556 2 6.04444 4.26667 5.64444 6.75556H0.844444C2.08889 3.77778 4.66667 1.42222 7.86667 0.488889ZM21.6444 8.17778C21.8667 9.11111 22 10.0444 22 11.0222C22 12.0444 21.8667 12.9778 21.6444 13.8667H16.5333C16.6222 12.9333 16.7111 12 16.7111 11.0222C16.7111 10.0889 16.6222 9.11111 16.5333 8.17778H21.6444ZM5.33333 11.0222C5.33333 12 5.37778 12.9333 5.46667 13.8667H0.355556C0.133333 12.9778 0 12.0444 0 11.0222C0 10.0444 0.133333 9.11111 0.355556 8.17778H5.46667C5.37778 9.11111 5.33333 10.0889 5.33333 11.0222ZM7.06667 15.2889H14.9333C14.3111 19.2889 12.7556 22.0444 11.0222 22.0444C9.24444 22.0444 7.73333 19.2889 7.06667 15.2889ZM14.1333 21.6C15.2444 20.0889 16 17.8222 16.3556 15.2889H21.1556C19.9111 18.3111 17.3333 20.6667 14.1333 21.6ZM0.844444 15.2889H5.64444C6.04444 17.8222 6.75556 20.0889 7.86667 21.6C4.66667 20.6667 2.08889 18.3111 0.844444 15.2889Z\" fill=\"#0E2433\"><\/path><\/svg><\/span><a class=\"contact-card__website-link\" href=\"https:\/\/comorraservis.sk\" target=\"_blank\" rel=\"noopener noreferrer\">comorraservis.sk<\/a><\/div><\/div><\/article>\n<\/section>\n\n<section class=\"wp-block-the-mighty22-contacts-grid contacts-grid\"\/>\n\n<p><\/p>\n","protected":false},"excerpt":{"rendered":"","protected":false},"author":2,"featured_media":860,"parent":601,"menu_order":0,"comment_status":"closed","ping_status":"closed","template":"","meta":{"_acf_changed":false,"footnotes":""},"hlavna-kategoria":[],"class_list":["post-613","page","type-page","status-publish","has-post-thumbnail","hentry"],"acf":[],"_links":{"self":[{"href":"https:\/\/komlife.eu\/hu\/wp-json\/wp\/v2\/pages\/613","targetHints":{"allow":["GET"]}}],"collection":[{"href":"https:\/\/komlife.eu\/hu\/wp-json\/wp\/v2\/pages"}],"about":[{"href":"https:\/\/komlife.eu\/hu\/wp-json\/wp\/v2\/types\/page"}],"author":[{"embeddable":true,"href":"https:\/\/komlife.eu\/hu\/wp-json\/wp\/v2\/users\/2"}],"replies":[{"embeddable":true,"href":"https:\/\/komlife.eu\/hu\/wp-json\/wp\/v2\/comments?post=613"}],"version-history":[{"count":2,"href":"https:\/\/komlife.eu\/hu\/wp-json\/wp\/v2\/pages\/613\/revisions"}],"predecessor-version":[{"id":1852,"href":"https:\/\/komlife.eu\/hu\/wp-json\/wp\/v2\/pages\/613\/revisions\/1852"}],"up":[{"embeddable":true,"href":"https:\/\/komlife.eu\/hu\/wp-json\/wp\/v2\/pages\/601"}],"wp:featuredmedia":[{"embeddable":true,"href":"https:\/\/komlife.eu\/hu\/wp-json\/wp\/v2\/media\/860"}],"wp:attachment":[{"href":"https:\/\/komlife.eu\/hu\/wp-json\/wp\/v2\/media?parent=613"}],"wp:term":[{"taxonomy":"hlavna-kategoria","embeddable":true,"href":"https:\/\/komlife.eu\/hu\/wp-json\/wp\/v2\/hlavna-kategoria?post=613"}],"curies":[{"name":"wp","href":"https:\/\/api.w.org\/{rel}","templated":true}]}}