{"id":611,"date":"2025-09-17T15:28:49","date_gmt":"2025-09-17T13:28:49","guid":{"rendered":"https:\/\/komlife.22projects.sk\/szolgaltatasok\/varosi-kozlekedes\/"},"modified":"2026-02-03T08:34:26","modified_gmt":"2026-02-03T07:34:26","slug":"varosi-kozlekedes","status":"publish","type":"page","link":"https:\/\/komlife.eu\/hu\/szolgaltatasok\/varosi-kozlekedes\/","title":{"rendered":"V\u00e1rosi k\u00f6zleked\u00e9s"},"content":{"rendered":"\n<p>A szolg\u00e1ltat\u00f3 az <strong>Arriva Nov\u00e9 Z\u00e1mky, a.s.<\/strong>, amely a v\u00e1roson bel\u00fcli rendszeres j\u00e1ratokat \u00e9s az el\u0151v\u00e1rosi k\u00f6zleked\u00e9st is biztos\u00edtja.<\/p>\n\n<p>Menetrend el\u00e9rhet\u0151 az<a href=\"https:\/\/arriva.sk\/nove-zamky\/regionalna-doprava\/cestovne-poriadky\/#komarno\" target=\"_blank\" rel=\"noreferrer noopener\"> arriva.sk<\/a> weboldalon, valamint az aut\u00f3buszmeg\u00e1ll\u00f3kban.<\/p>\n\n<p><strong>Online \u00fatvonaltervez\u00e9s: korszer\u0171 megold\u00e1sok az utaz\u00f3k sz\u00e1m\u00e1ra<\/strong><\/p>\n\n<p>Kom\u00e1rom v\u00e1ros\u00e1nak \u00e9s az <strong>ARRIVA Nov\u00e9 Z\u00e1mky<\/strong> k\u00f6zleked\u00e9si szolg\u00e1ltat\u00f3nak k\u00f6z\u00f6s c\u00e9lja, hogy a t\u00f6megk\u00f6zleked\u00e9s m\u00e9g el\u00e9rhet\u0151bb\u00e9 \u00e9s praktikusabb\u00e1 v\u00e1ljon. <strong>A kom\u00e1romi v\u00e1rosi aut\u00f3busz-j\u00e1ratok m\u00e1r a Google Maps szolg\u00e1ltat\u00e1sban is el\u00e9rhet\u0151k<\/strong>, \u00edgy az utasok n\u00e9h\u00e1ny kattint\u00e1ssal megtervezhetik \u00fatvonalukat.<\/p>\n\n<p>A rendszer t\u00f6bb lehet\u0151s\u00e9get k\u00edn\u00e1l \u2013 p\u00e9ld\u00e1ul <strong>a leggyorsabb \u00fatvonalat<\/strong>, <strong>a kevesebb \u00e1tsz\u00e1ll\u00e1ssal j\u00e1r\u00f3 v\u00e1ltozatot<\/strong>, vagy <strong>a r\u00f6videbb gyalogl\u00e1st ig\u00e9nyl\u0151 megold\u00e1st.<\/strong><\/p>\n\n<p>Emellett el\u00e9rhet\u0151 a <strong>UBIAN mobilalkalmaz\u00e1s \u00e9s e-shop<\/strong> is, amelyek seg\u00edtik az \u00fatvonaltervez\u00e9st, valamint t\u00e1j\u00e9koztat\u00e1st ny\u00fajtanak a region\u00e1lis j\u00e1ratokr\u00f3l \u2013 \u00edgy az utasok minden sz\u00fcks\u00e9ges inform\u00e1ci\u00f3t \u00e1tl\u00e1that\u00f3an, egy helyen \u00e9rhetnek el.<\/p>\n\n<p><strong><a href=\"https:\/\/komarno.sk\/mesto-2\/cestovne-poriadky-mhd\/\" target=\"_blank\" rel=\"noreferrer noopener\">Helyi t\u00f6megk\u00f6zlek\u00e9s menetrendje el\u00e9rhet\u0151 ITT<\/a><\/strong><\/p>\n\n<section class=\"wp-block-the-mighty22-tip mighty-tip\"><div class=\"mighty-tip__icon\" aria-hidden=\"true\"><img src=\"data:image\/svg+xml;base64,PHN2ZyB2aWV3Qm94PSIwIDAgNjkgMTAxIiBwcmVzZXJ2ZUFzcGVjdFJhdGlvPSJ4TWlkWU1pZCBtZWV0IiB4bWxucz0iaHR0cDovL3d3dy53My5vcmcvMjAwMC9zdmciPjxwYXRoIGQ9Ik0zNC41LDIwLjcxYy0xNi40MSwwLTI5Ljc3LDEzLjM2LTI5Ljc3LDI5Ljc5LDAsMTUuMjMsMTQuMTksMjIuNjgsMTQuMTksMzEuNTZ2OS42N2MwLDUuMTEsNC4xNiw5LjI3LDkuMjcsOS4yN2gxMi42MmM1LjExLDAsOS4yNy00LjE2LDkuMjctOS4yN3YtOS42N2MwLTguODgsMTQuMTktMTYuMzMsMTQuMTktMzEuNTYsMC0xNi40Mi0xMy4zNS0yOS43OS0yOS43Ny0yOS43OVpNNDQuMTYsOTEuNzNjMCwxLjg1LTEuNSwzLjM1LTMuMzUsMy4zNWgtMTIuNjJjLTEuODUsMC0zLjM1LTEuNS0zLjM1LTMuMzV2LTYuNzFoMTkuMzJ2Ni43MVpNNDQuNDcsNzkuMWgtNy4wMXYtMTEuOTNjMy42Ni0xLjI0LDYuMzEtNC43MSw2LjMxLTguNzgsMC0xLjYzLTEuMzItMi45Ni0yLjk2LTIuOTZzLTIuOTYsMS4zMi0yLjk2LDIuOTZjMCwxLjg1LTEuNSwzLjM1LTMuMzUsMy4zNXMtMy4zNS0xLjUtMy4zNS0zLjM1YzAtMS42My0xLjMyLTIuOTYtMi45Ni0yLjk2cy0yLjk2LDEuMzItMi45NiwyLjk2YzAsNC4wOCwyLjY0LDcuNTUsNi4zMSw4Ljc4djExLjkzaC03LjAxYy0yLjA5LTEwLjE3LTEzLjg5LTE2LjcxLTEzLjg5LTI4LjYsMC0xMy4xNiwxMC43LTIzLjg3LDIzLjg1LTIzLjg3czIzLjg2LDEwLjcxLDIzLjg2LDIzLjg3YzAsMTEuODktMTEuODEsMTguNDQtMTMuODksMjguNloiLz48cGF0aCBkPSJNMzQuNSwxNC4wMWMxLjYzLDAsMi45Ni0xLjMzLDIuOTYtMi45NlYyLjk2YzAtMS42My0xLjMyLTIuOTYtMi45Ni0yLjk2cy0yLjk2LDEuMzMtMi45NiwyLjk2djguMDljMCwxLjYzLDEuMzIsMi45NiwyLjk2LDIuOTZaIi8+PHBhdGggZD0iTTExLjM2LDIxLjAzYzEuMTUtMS4xNSwxLjE1LTMuMDMsMC00LjE4bC02LjMxLTYuMzFjLTEuMTUtMS4xNi0zLjAzLTEuMTYtNC4xOCwwLTEuMTYsMS4xNS0xLjE2LDMuMDMsMCw0LjE4bDYuMzEsNi4zMWMxLjE1LDEuMTYsMy4wMywxLjE2LDQuMTgsMFoiLz48cGF0aCBkPSJNNjguMTMsMTAuNTNjLTEuMTYtMS4xNi0zLjAzLTEuMTYtNC4xOCwwbC02LjMxLDYuMzFjLTEuMTUsMS4xNS0xLjE1LDMuMDMsMCw0LjE4LDEuMTYsMS4xNiwzLjAzLDEuMTYsNC4xOCwwbDYuMzEtNi4zMWMxLjE1LTEuMTYsMS4xNS0zLjAzLDAtNC4xOFoiLz48L3N2Zz4=\" alt=\"\" loading=\"lazy\" decoding=\"async\"><\/div><div class=\"mighty-tip__body\"><h3 class=\"mighty-tip__heading\">Tipp<\/h3><div class=\"mighty-tip__text\">Kom\u00e1rom nemcsak busszal, hanem vas\u00faton is k\u00f6nnyen megk\u00f6zel\u00edthet\u0151: a vonatok Pozsony fel\u00e9 \u00e9s Budapest ir\u00e1ny\u00e1ba is j\u00e1rnak, \u00e9s t\u00f6bb t\u00e1vols\u00e1gi buszj\u00e1rat is \u00e9rinti a v\u00e1rost.<\/div><\/div><\/section>\n","protected":false},"excerpt":{"rendered":"<p>A szolg\u00e1ltat\u00f3 az Arriva Nov\u00e9 Z\u00e1mky, a.s., amely a v\u00e1roson bel\u00fcli rendszeres j\u00e1ratokat \u00e9s az el\u0151v\u00e1rosi k\u00f6zleked\u00e9st is biztos\u00edtja. Menetrend el\u00e9rhet\u0151 az arriva.sk weboldalon, valamint az aut\u00f3buszmeg\u00e1ll\u00f3kban. Online \u00fatvonaltervez\u00e9s: korszer\u0171 megold\u00e1sok az utaz\u00f3k sz\u00e1m\u00e1ra Kom\u00e1rom v\u00e1ros\u00e1nak \u00e9s az ARRIVA Nov\u00e9 Z\u00e1mky k\u00f6zleked\u00e9si szolg\u00e1ltat\u00f3nak k\u00f6z\u00f6s c\u00e9lja, hogy a t\u00f6megk\u00f6zleked\u00e9s m\u00e9g el\u00e9rhet\u0151bb\u00e9 \u00e9s praktikusabb\u00e1 v\u00e1ljon. A kom\u00e1romi [&hellip;]<\/p>\n","protected":false},"author":2,"featured_media":860,"parent":601,"menu_order":0,"comment_status":"closed","ping_status":"closed","template":"","meta":{"_acf_changed":false,"footnotes":""},"hlavna-kategoria":[],"class_list":["post-611","page","type-page","status-publish","has-post-thumbnail","hentry"],"acf":[],"_links":{"self":[{"href":"https:\/\/komlife.eu\/hu\/wp-json\/wp\/v2\/pages\/611","targetHints":{"allow":["GET"]}}],"collection":[{"href":"https:\/\/komlife.eu\/hu\/wp-json\/wp\/v2\/pages"}],"about":[{"href":"https:\/\/komlife.eu\/hu\/wp-json\/wp\/v2\/types\/page"}],"author":[{"embeddable":true,"href":"https:\/\/komlife.eu\/hu\/wp-json\/wp\/v2\/users\/2"}],"replies":[{"embeddable":true,"href":"https:\/\/komlife.eu\/hu\/wp-json\/wp\/v2\/comments?post=611"}],"version-history":[{"count":3,"href":"https:\/\/komlife.eu\/hu\/wp-json\/wp\/v2\/pages\/611\/revisions"}],"predecessor-version":[{"id":1738,"href":"https:\/\/komlife.eu\/hu\/wp-json\/wp\/v2\/pages\/611\/revisions\/1738"}],"up":[{"embeddable":true,"href":"https:\/\/komlife.eu\/hu\/wp-json\/wp\/v2\/pages\/601"}],"wp:featuredmedia":[{"embeddable":true,"href":"https:\/\/komlife.eu\/hu\/wp-json\/wp\/v2\/media\/860"}],"wp:attachment":[{"href":"https:\/\/komlife.eu\/hu\/wp-json\/wp\/v2\/media?parent=611"}],"wp:term":[{"taxonomy":"hlavna-kategoria","embeddable":true,"href":"https:\/\/komlife.eu\/hu\/wp-json\/wp\/v2\/hlavna-kategoria?post=611"}],"curies":[{"name":"wp","href":"https:\/\/api.w.org\/{rel}","templated":true}]}}