{"id":596,"date":"2025-09-17T15:23:28","date_gmt":"2025-09-17T13:23:28","guid":{"rendered":"https:\/\/komlife.22projects.sk\/oktatas-es-neveles\/felnottek\/felnottkepzes-komaromban\/"},"modified":"2025-11-21T10:30:05","modified_gmt":"2025-11-21T09:30:05","slug":"felnottkepzes-komaromban","status":"publish","type":"page","link":"https:\/\/komlife.eu\/hu\/oktatas-es-neveles\/felnottkepzes-komaromban\/","title":{"rendered":"Feln\u0151ttk\u00e9pz\u00e9s Kom\u00e1romban"},"content":{"rendered":"\n<h3 class=\"wp-block-heading\">Nyelvtanfolyamok<\/h3>\n\n<p>Kom\u00e1romban val\u00f3ban sok lehet\u0151s\u00e9g van idegen nyelvek tanul\u00e1s\u00e1ra:<\/p>\n\n<section class=\"wp-block-the-mighty22-contacts-grid contacts-grid\">\n<article class=\"wp-block-the-mighty22-contact-card contact-card\"><header class=\"contact-card__header\"><h4 class=\"contact-card__name\">Pro Americana, spol. s r.o. <\/h4><p class=\"contact-card__note description\">Angol, n\u00e9met, spanyol, olasz \u00e9s szlov\u00e1k nyelv oktat\u00e1sa kellemes k\u00f6rnyezetben.<\/p><\/header><div class=\"contact-card__addresses\"><div class=\"contact-card__address\"><span class=\"contact-card__icon contact-card__icon--address\"><svg width=\"22\" height=\"30\" viewbox=\"0 0 22 30\" fill=\"none\" xmlns=\"http:\/\/www.w3.org\/2000\/svg\"><path d=\"M11 0C4.93457 0 0 4.87395 0 10.8648C0 18.2997 9.84392 29.2145 10.263 29.6755C10.6567 30.1086 11.344 30.1078 11.737 29.6755C12.1561 29.2145 22 18.2997 22 10.8648C21.9999 4.87395 17.0654 0 11 0ZM11 16.3312C7.94833 16.3312 5.46568 13.879 5.46568 10.8648C5.46568 7.85063 7.94839 5.39848 11 5.39848C14.0516 5.39848 16.5343 7.85069 16.5343 10.8649C16.5343 13.8791 14.0516 16.3312 11 16.3312Z\" fill=\"#0E2433\"\/><\/svg><\/span><address class=\"contact-card__address-text\">Gener\u00e1la Klapku 61,<br>945\u202f01\u202fKom\u00e1rno<\/address><\/div><\/div><div class=\"contact-card__phones contact-card__phones--mobile\"><div class=\"contact-card__phone\"><span class=\"contact-card__icon contact-card__icon--mobile\"><svg width=\"17\" height=\"30\" viewbox=\"0 0 17 30\" fill=\"none\" xmlns=\"http:\/\/www.w3.org\/2000\/svg\"><path d=\"M14.8144 0H2.18374C0.975814 0 0 0.979012 0 2.18621V27.8166C0 29.02 0.975814 30 2.18374 30H14.8144C16.0204 30 17 29.021 17 27.8166V2.18621C16.9991 0.979012 16.0204 0 14.8144 0ZM15.362 24.3068H1.63804V3.68787H15.362V24.3068ZM11.4274 2.2184H5.57161V1.58024H11.4284L11.4274 2.2184ZM13.9333 1.92678C13.9333 2.23544 13.6813 2.4854 13.3734 2.4854C13.0645 2.4854 12.8135 2.2345 12.8135 1.92678C12.8135 1.61906 13.0645 1.36816 13.3734 1.36816C13.6822 1.36721 13.9333 1.61812 13.9333 1.92678ZM11.165 27.6708H5.83214V26.0309H11.165V27.6708Z\" fill=\"#0E2433\"\/><\/svg><\/span><a class=\"contact-card__phone-link\" href=\"tel:+421903202518\" target=\"_blank\" rel=\"noopener noreferrer\">+421 903 202 518<\/a><\/div><\/div><div class=\"contact-card__emails\"><div class=\"contact-card__email\"><span class=\"contact-card__icon contact-card__icon--email\"><svg width=\"22\" height=\"17\" viewbox=\"0 0 22 17\" fill=\"none\" xmlns=\"http:\/\/www.w3.org\/2000\/svg\"><path d=\"M21.5703 5.45703C21.7422 5.32813 22 5.45703 22 5.67188V14.4375C22 15.5977 21.0547 16.5 19.9375 16.5H2.0625C0.902344 16.5 0 15.5977 0 14.4375V5.67188C0 5.45703 0.214844 5.32813 0.386719 5.45703C1.375 6.23047 2.62109 7.17578 7.00391 10.3555C7.90625 11 9.45313 12.418 11 12.418C12.5039 12.418 14.0938 11 14.9531 10.3555C19.3359 7.17578 20.582 6.23047 21.5703 5.45703ZM11 11C9.96875 11.043 8.55078 9.75391 7.82031 9.23828C2.10547 5.11328 1.67578 4.72656 0.386719 3.69531C0.128906 3.52344 0 3.22266 0 2.87891V2.0625C0 0.945313 0.902344 0 2.0625 0H19.9375C21.0547 0 22 0.945313 22 2.0625V2.87891C22 3.22266 21.8281 3.52344 21.5703 3.69531C20.2813 4.72656 19.8516 5.11328 14.1367 9.23828C13.4063 9.75391 11.9883 11.043 11 11Z\" fill=\"#0E2433\"\/><\/svg><\/span><a class=\"contact-card__email-link\" href=\"mailto:proamericana@proamericana.sk\" target=\"_blank\" rel=\"noopener noreferrer\">proamericana@proamericana.sk<\/a><\/div><\/div><div class=\"contact-card__websites\"><div class=\"contact-card__website\"><span class=\"contact-card__icon contact-card__icon--website\"><svg width=\"22\" height=\"23\" viewbox=\"0 0 22 23\" fill=\"none\" xmlns=\"http:\/\/www.w3.org\/2000\/svg\"><path d=\"M14.9333 6.75556H7.06667C7.73333 2.8 9.24444 0 11.0222 0C12.7556 0 14.3111 2.8 14.9333 6.75556ZM6.75556 11.0222C6.75556 10.0444 6.8 9.11111 6.88889 8.17778H15.1111C15.2 9.11111 15.2444 10.0444 15.2444 11.0222C15.2444 12.0444 15.2 12.9778 15.1111 13.8667H6.88889C6.8 12.9778 6.75556 12.0444 6.75556 11.0222ZM21.1556 6.75556H16.3556C15.9556 4.26667 15.2444 2 14.1333 0.488889C17.3333 1.42222 19.9111 3.77778 21.1556 6.75556ZM7.86667 0.488889C6.75556 2 6.04444 4.26667 5.64444 6.75556H0.844444C2.08889 3.77778 4.66667 1.42222 7.86667 0.488889ZM21.6444 8.17778C21.8667 9.11111 22 10.0444 22 11.0222C22 12.0444 21.8667 12.9778 21.6444 13.8667H16.5333C16.6222 12.9333 16.7111 12 16.7111 11.0222C16.7111 10.0889 16.6222 9.11111 16.5333 8.17778H21.6444ZM5.33333 11.0222C5.33333 12 5.37778 12.9333 5.46667 13.8667H0.355556C0.133333 12.9778 0 12.0444 0 11.0222C0 10.0444 0.133333 9.11111 0.355556 8.17778H5.46667C5.37778 9.11111 5.33333 10.0889 5.33333 11.0222ZM7.06667 15.2889H14.9333C14.3111 19.2889 12.7556 22.0444 11.0222 22.0444C9.24444 22.0444 7.73333 19.2889 7.06667 15.2889ZM14.1333 21.6C15.2444 20.0889 16 17.8222 16.3556 15.2889H21.1556C19.9111 18.3111 17.3333 20.6667 14.1333 21.6ZM0.844444 15.2889H5.64444C6.04444 17.8222 6.75556 20.0889 7.86667 21.6C4.66667 20.6667 2.08889 18.3111 0.844444 15.2889Z\" fill=\"#0E2433\"\/><\/svg><\/span><a class=\"contact-card__website-link\" href=\"https:\/\/proamericana.sk\" target=\"_blank\" rel=\"noopener noreferrer\">proamericana.sk <\/a><\/div><\/div><\/article>\n\n\n\n<article class=\"wp-block-the-mighty22-contact-card contact-card\"><header class=\"contact-card__header\"><h4 class=\"contact-card__name\">Szaki \u2013 Szakk\u00e9pz\u0151 \u00e9s feln\u0151ttk\u00e9pz\u00e9si int\u00e9zet<\/h4><p class=\"contact-card__note description\">Csoportos \u00e9s egy\u00e9ni nyelvtanfolyamok (angol, magyar, szlov\u00e1k, n\u00e9met \u00e9s tov\u00e1bbi nyelveken), vizsgafelk\u00e9sz\u00edt\u0151 kurzusok (pl. ECL), valamint szakmai k\u00e9pz\u00e9sek (pl.: CNC-programoz\u00e1s, k\u00f6nyvel\u00e9s).<\/p><\/header><div class=\"contact-card__addresses\"><div class=\"contact-card__address\"><span class=\"contact-card__icon contact-card__icon--address\"><svg width=\"22\" height=\"30\" viewbox=\"0 0 22 30\" fill=\"none\" xmlns=\"http:\/\/www.w3.org\/2000\/svg\"><path d=\"M11 0C4.93457 0 0 4.87395 0 10.8648C0 18.2997 9.84392 29.2145 10.263 29.6755C10.6567 30.1086 11.344 30.1078 11.737 29.6755C12.1561 29.2145 22 18.2997 22 10.8648C21.9999 4.87395 17.0654 0 11 0ZM11 16.3312C7.94833 16.3312 5.46568 13.879 5.46568 10.8648C5.46568 7.85063 7.94839 5.39848 11 5.39848C14.0516 5.39848 16.5343 7.85069 16.5343 10.8649C16.5343 13.8791 14.0516 16.3312 11 16.3312Z\" fill=\"#0E2433\"\/><\/svg><\/span><address class=\"contact-card__address-text\">Stavb\u00e1rov 8\/8,<br>945\u202f01\u202fKom\u00e1rno<\/address><\/div><\/div><div class=\"contact-card__phones contact-card__phones--mobile\"><div class=\"contact-card__phone\"><span class=\"contact-card__icon contact-card__icon--mobile\"><svg width=\"17\" height=\"30\" viewbox=\"0 0 17 30\" fill=\"none\" xmlns=\"http:\/\/www.w3.org\/2000\/svg\"><path d=\"M14.8144 0H2.18374C0.975814 0 0 0.979012 0 2.18621V27.8166C0 29.02 0.975814 30 2.18374 30H14.8144C16.0204 30 17 29.021 17 27.8166V2.18621C16.9991 0.979012 16.0204 0 14.8144 0ZM15.362 24.3068H1.63804V3.68787H15.362V24.3068ZM11.4274 2.2184H5.57161V1.58024H11.4284L11.4274 2.2184ZM13.9333 1.92678C13.9333 2.23544 13.6813 2.4854 13.3734 2.4854C13.0645 2.4854 12.8135 2.2345 12.8135 1.92678C12.8135 1.61906 13.0645 1.36816 13.3734 1.36816C13.6822 1.36721 13.9333 1.61812 13.9333 1.92678ZM11.165 27.6708H5.83214V26.0309H11.165V27.6708Z\" fill=\"#0E2433\"\/><\/svg><\/span><a class=\"contact-card__phone-link\" href=\"tel:0907483019\" target=\"_blank\" rel=\"noopener noreferrer\">0907 483 019<\/a><\/div><\/div><div class=\"contact-card__emails\"><div class=\"contact-card__email\"><span class=\"contact-card__icon contact-card__icon--email\"><svg width=\"22\" height=\"17\" viewbox=\"0 0 22 17\" fill=\"none\" xmlns=\"http:\/\/www.w3.org\/2000\/svg\"><path d=\"M21.5703 5.45703C21.7422 5.32813 22 5.45703 22 5.67188V14.4375C22 15.5977 21.0547 16.5 19.9375 16.5H2.0625C0.902344 16.5 0 15.5977 0 14.4375V5.67188C0 5.45703 0.214844 5.32813 0.386719 5.45703C1.375 6.23047 2.62109 7.17578 7.00391 10.3555C7.90625 11 9.45313 12.418 11 12.418C12.5039 12.418 14.0938 11 14.9531 10.3555C19.3359 7.17578 20.582 6.23047 21.5703 5.45703ZM11 11C9.96875 11.043 8.55078 9.75391 7.82031 9.23828C2.10547 5.11328 1.67578 4.72656 0.386719 3.69531C0.128906 3.52344 0 3.22266 0 2.87891V2.0625C0 0.945313 0.902344 0 2.0625 0H19.9375C21.0547 0 22 0.945313 22 2.0625V2.87891C22 3.22266 21.8281 3.52344 21.5703 3.69531C20.2813 4.72656 19.8516 5.11328 14.1367 9.23828C13.4063 9.75391 11.9883 11.043 11 11Z\" fill=\"#0E2433\"\/><\/svg><\/span><a class=\"contact-card__email-link\" href=\"mailto:szaki@szaki.sk\" target=\"_blank\" rel=\"noopener noreferrer\">szaki@szaki.sk<\/a><\/div><\/div><div class=\"contact-card__websites\"><div class=\"contact-card__website\"><span class=\"contact-card__icon contact-card__icon--website\"><svg width=\"22\" height=\"23\" viewbox=\"0 0 22 23\" fill=\"none\" xmlns=\"http:\/\/www.w3.org\/2000\/svg\"><path d=\"M14.9333 6.75556H7.06667C7.73333 2.8 9.24444 0 11.0222 0C12.7556 0 14.3111 2.8 14.9333 6.75556ZM6.75556 11.0222C6.75556 10.0444 6.8 9.11111 6.88889 8.17778H15.1111C15.2 9.11111 15.2444 10.0444 15.2444 11.0222C15.2444 12.0444 15.2 12.9778 15.1111 13.8667H6.88889C6.8 12.9778 6.75556 12.0444 6.75556 11.0222ZM21.1556 6.75556H16.3556C15.9556 4.26667 15.2444 2 14.1333 0.488889C17.3333 1.42222 19.9111 3.77778 21.1556 6.75556ZM7.86667 0.488889C6.75556 2 6.04444 4.26667 5.64444 6.75556H0.844444C2.08889 3.77778 4.66667 1.42222 7.86667 0.488889ZM21.6444 8.17778C21.8667 9.11111 22 10.0444 22 11.0222C22 12.0444 21.8667 12.9778 21.6444 13.8667H16.5333C16.6222 12.9333 16.7111 12 16.7111 11.0222C16.7111 10.0889 16.6222 9.11111 16.5333 8.17778H21.6444ZM5.33333 11.0222C5.33333 12 5.37778 12.9333 5.46667 13.8667H0.355556C0.133333 12.9778 0 12.0444 0 11.0222C0 10.0444 0.133333 9.11111 0.355556 8.17778H5.46667C5.37778 9.11111 5.33333 10.0889 5.33333 11.0222ZM7.06667 15.2889H14.9333C14.3111 19.2889 12.7556 22.0444 11.0222 22.0444C9.24444 22.0444 7.73333 19.2889 7.06667 15.2889ZM14.1333 21.6C15.2444 20.0889 16 17.8222 16.3556 15.2889H21.1556C19.9111 18.3111 17.3333 20.6667 14.1333 21.6ZM0.844444 15.2889H5.64444C6.04444 17.8222 6.75556 20.0889 7.86667 21.6C4.66667 20.6667 2.08889 18.3111 0.844444 15.2889Z\" fill=\"#0E2433\"\/><\/svg><\/span><a class=\"contact-card__website-link\" href=\"https:\/\/szaki.sk\" target=\"_blank\" rel=\"noopener noreferrer\">szaki.sk<\/a><\/div><\/div><\/article>\n\n\n\n<article class=\"wp-block-the-mighty22-contact-card contact-card\"><header class=\"contact-card__header\"><h4 class=\"contact-card__name\">I love English<\/h4><p class=\"contact-card__note description\">Kis nyelviskola egy\u00e9ni odafigyel\u00e9ssel \u00e9s rugalmas \u00f3rarenddel, kezd\u0151k sz\u00e1m\u00e1ra is ide\u00e1lis.<br> <br> <br><\/p><\/header><div class=\"contact-card__addresses\"><div class=\"contact-card__address\"><span class=\"contact-card__icon contact-card__icon--address\"><svg width=\"22\" height=\"30\" viewbox=\"0 0 22 30\" fill=\"none\" xmlns=\"http:\/\/www.w3.org\/2000\/svg\"><path d=\"M11 0C4.93457 0 0 4.87395 0 10.8648C0 18.2997 9.84392 29.2145 10.263 29.6755C10.6567 30.1086 11.344 30.1078 11.737 29.6755C12.1561 29.2145 22 18.2997 22 10.8648C21.9999 4.87395 17.0654 0 11 0ZM11 16.3312C7.94833 16.3312 5.46568 13.879 5.46568 10.8648C5.46568 7.85063 7.94839 5.39848 11 5.39848C14.0516 5.39848 16.5343 7.85069 16.5343 10.8649C16.5343 13.8791 14.0516 16.3312 11 16.3312Z\" fill=\"#0E2433\"\/><\/svg><\/span><address class=\"contact-card__address-text\">\u017dupn\u00e1 13,<br>945\u202f01\u202fKom\u00e1rno<\/address><\/div><\/div><div class=\"contact-card__phones contact-card__phones--mobile\"><div class=\"contact-card__phone\"><span class=\"contact-card__icon contact-card__icon--mobile\"><svg width=\"17\" height=\"30\" viewbox=\"0 0 17 30\" fill=\"none\" xmlns=\"http:\/\/www.w3.org\/2000\/svg\"><path d=\"M14.8144 0H2.18374C0.975814 0 0 0.979012 0 2.18621V27.8166C0 29.02 0.975814 30 2.18374 30H14.8144C16.0204 30 17 29.021 17 27.8166V2.18621C16.9991 0.979012 16.0204 0 14.8144 0ZM15.362 24.3068H1.63804V3.68787H15.362V24.3068ZM11.4274 2.2184H5.57161V1.58024H11.4284L11.4274 2.2184ZM13.9333 1.92678C13.9333 2.23544 13.6813 2.4854 13.3734 2.4854C13.0645 2.4854 12.8135 2.2345 12.8135 1.92678C12.8135 1.61906 13.0645 1.36816 13.3734 1.36816C13.6822 1.36721 13.9333 1.61812 13.9333 1.92678ZM11.165 27.6708H5.83214V26.0309H11.165V27.6708Z\" fill=\"#0E2433\"\/><\/svg><\/span><a class=\"contact-card__phone-link\" href=\"tel:0915400480\" target=\"_blank\" rel=\"noopener noreferrer\">0915 400 480<\/a><\/div><\/div><div class=\"contact-card__emails\"><div class=\"contact-card__email\"><span class=\"contact-card__icon contact-card__icon--email\"><svg width=\"22\" height=\"17\" viewbox=\"0 0 22 17\" fill=\"none\" xmlns=\"http:\/\/www.w3.org\/2000\/svg\"><path d=\"M21.5703 5.45703C21.7422 5.32813 22 5.45703 22 5.67188V14.4375C22 15.5977 21.0547 16.5 19.9375 16.5H2.0625C0.902344 16.5 0 15.5977 0 14.4375V5.67188C0 5.45703 0.214844 5.32813 0.386719 5.45703C1.375 6.23047 2.62109 7.17578 7.00391 10.3555C7.90625 11 9.45313 12.418 11 12.418C12.5039 12.418 14.0938 11 14.9531 10.3555C19.3359 7.17578 20.582 6.23047 21.5703 5.45703ZM11 11C9.96875 11.043 8.55078 9.75391 7.82031 9.23828C2.10547 5.11328 1.67578 4.72656 0.386719 3.69531C0.128906 3.52344 0 3.22266 0 2.87891V2.0625C0 0.945313 0.902344 0 2.0625 0H19.9375C21.0547 0 22 0.945313 22 2.0625V2.87891C22 3.22266 21.8281 3.52344 21.5703 3.69531C20.2813 4.72656 19.8516 5.11328 14.1367 9.23828C13.4063 9.75391 11.9883 11.043 11 11Z\" fill=\"#0E2433\"\/><\/svg><\/span><a class=\"contact-card__email-link\" href=\"mailto:ilovenglishkom@gmail.com\" target=\"_blank\" rel=\"noopener noreferrer\">ilovenglishkom@gmail.com<\/a><\/div><\/div><div class=\"contact-card__websites\"><div class=\"contact-card__website\"><span class=\"contact-card__icon contact-card__icon--website\"><svg width=\"22\" height=\"23\" viewbox=\"0 0 22 23\" fill=\"none\" xmlns=\"http:\/\/www.w3.org\/2000\/svg\"><path d=\"M14.9333 6.75556H7.06667C7.73333 2.8 9.24444 0 11.0222 0C12.7556 0 14.3111 2.8 14.9333 6.75556ZM6.75556 11.0222C6.75556 10.0444 6.8 9.11111 6.88889 8.17778H15.1111C15.2 9.11111 15.2444 10.0444 15.2444 11.0222C15.2444 12.0444 15.2 12.9778 15.1111 13.8667H6.88889C6.8 12.9778 6.75556 12.0444 6.75556 11.0222ZM21.1556 6.75556H16.3556C15.9556 4.26667 15.2444 2 14.1333 0.488889C17.3333 1.42222 19.9111 3.77778 21.1556 6.75556ZM7.86667 0.488889C6.75556 2 6.04444 4.26667 5.64444 6.75556H0.844444C2.08889 3.77778 4.66667 1.42222 7.86667 0.488889ZM21.6444 8.17778C21.8667 9.11111 22 10.0444 22 11.0222C22 12.0444 21.8667 12.9778 21.6444 13.8667H16.5333C16.6222 12.9333 16.7111 12 16.7111 11.0222C16.7111 10.0889 16.6222 9.11111 16.5333 8.17778H21.6444ZM5.33333 11.0222C5.33333 12 5.37778 12.9333 5.46667 13.8667H0.355556C0.133333 12.9778 0 12.0444 0 11.0222C0 10.0444 0.133333 9.11111 0.355556 8.17778H5.46667C5.37778 9.11111 5.33333 10.0889 5.33333 11.0222ZM7.06667 15.2889H14.9333C14.3111 19.2889 12.7556 22.0444 11.0222 22.0444C9.24444 22.0444 7.73333 19.2889 7.06667 15.2889ZM14.1333 21.6C15.2444 20.0889 16 17.8222 16.3556 15.2889H21.1556C19.9111 18.3111 17.3333 20.6667 14.1333 21.6ZM0.844444 15.2889H5.64444C6.04444 17.8222 6.75556 20.0889 7.86667 21.6C4.66667 20.6667 2.08889 18.3111 0.844444 15.2889Z\" fill=\"#0E2433\"\/><\/svg><\/span><a class=\"contact-card__website-link\" href=\"https:\/\/ilovenglishkom.sk\" target=\"_blank\" rel=\"noopener noreferrer\"> ilovenglishkom.sk<\/a><\/div><\/div><\/article>\n<\/section>\n\n<div class=\"wp-block-columns is-layout-flex wp-container-core-columns-is-layout-28f84493 wp-block-columns-is-layout-flex\">\n<div class=\"wp-block-column is-layout-flow wp-block-column-is-layout-flow\">\n<h3 class=\"wp-block-heading\">Szakmai \u00e9s digit\u00e1lis tanfolyamok<\/h3>\n\n\n\n<p>Ha modern technikai ismereteket \u00e9s gyakorlati k\u00e9szs\u00e9geket szeretne elsaj\u00e1t\u00edtani, ezek a lehet\u0151s\u00e9gek ide\u00e1lisak:<\/p>\n\n\n\n<p><strong>Ing. Ondrej Tak\u00e1\u010d, PhD.<br\/><\/strong>IKT t\u00edpus\u00fa tanfolyamok \u00e9s idegen nyelvi korrepet\u00e1l\u00e1s.<br\/><strong>Adresa:<\/strong> Stani\u010dn\u00e1 21\/17, 945\u202f01\u202fKom\u00e1rno<br\/><br\/>Sz\u00e1m\u00edt\u00f3g\u00e9pes tanfolyamok \u2013 Antre \/ Kom-Pas<br\/>Alapfok\u00fa PC, Word, Excel, PowerPoint, Outlook \u2013 minden koroszt\u00e1ly sz\u00e1m\u00e1ra.<br\/><br\/><br\/><strong>Tov\u00e1bbi inform\u00e1ci\u00f3k:<\/strong> <a href=\"http:\/\/www.antre.sk\">antre.sk<\/a><br\/><br\/>Sz\u00e1m\u00edt\u00f3g\u00e9pes k\u00e9pz\u00e9sek \u2013 IJaV (Ing. J\u00e1n \u017ditniak, PhD.)<br\/>Egy\u00e9ni \u00e9s csoportos k\u00e9pz\u00e9sek Microsoft Office (Word, Excel, PowerPoint, Access, Power BI), webk\u00e9sz\u00edt\u00e9s, grafikai szerkeszt\u00e9s \u00e9s programoz\u00e1s t\u00e9m\u00e1ban.<br\/><strong>Orsz\u00e1gos online modellben m\u0171k\u00f6dik<\/strong>, Kom\u00e1romban is el\u00e9rhet\u0151.<br\/><br\/>Sz\u00e1m\u00edt\u00f3g\u00e9pes tanfolyamok testre szabva \u2013 pocitacove-kurzy.sk<br\/>Sz\u00e9les k\u00edn\u00e1lat: Windows, Word, Excel (k\u00fcl\u00f6nb\u00f6z\u0151 szinteken), grafikai programok, PowerPoint, Outlook, webk\u00e9sz\u00edt\u00e9s, MS Teams, irodai levelez\u00e9s.<br\/><strong>Web:<\/strong><a href=\"https:\/\/www.pocitacove-kurzy.sk\/\"> pocitacove-kurzy.sk<br\/><\/a><\/p>\n<\/div>\n\n\n\n<div class=\"wp-block-column is-layout-flow wp-block-column-is-layout-flow\">\n<figure class=\"wp-block-image size-large\"><img fetchpriority=\"high\" decoding=\"async\" width=\"1024\" height=\"683\" src=\"https:\/\/komlife.eu\/wp-content\/uploads\/2025\/09\/group-of-students-learning-in-classroom-2025-02-10-12-14-22-utc-1024x683.jpg\" alt=\"\" class=\"wp-image-450\" srcset=\"https:\/\/komlife.eu\/wp-content\/uploads\/2025\/09\/group-of-students-learning-in-classroom-2025-02-10-12-14-22-utc-1024x683.jpg 1024w, https:\/\/komlife.eu\/wp-content\/uploads\/2025\/09\/group-of-students-learning-in-classroom-2025-02-10-12-14-22-utc-300x200.jpg 300w, https:\/\/komlife.eu\/wp-content\/uploads\/2025\/09\/group-of-students-learning-in-classroom-2025-02-10-12-14-22-utc-768x513.jpg 768w, https:\/\/komlife.eu\/wp-content\/uploads\/2025\/09\/group-of-students-learning-in-classroom-2025-02-10-12-14-22-utc-1536x1025.jpg 1536w, https:\/\/komlife.eu\/wp-content\/uploads\/2025\/09\/group-of-students-learning-in-classroom-2025-02-10-12-14-22-utc-2048x1367.jpg 2048w\" sizes=\"(max-width: 1024px) 100vw, 1024px\" \/><\/figure>\n<\/div>\n<\/div>\n\n<div class=\"wp-block-columns is-layout-flex wp-container-core-columns-is-layout-28f84493 wp-block-columns-is-layout-flex\">\n<div class=\"wp-block-column is-layout-flow wp-block-column-is-layout-flow\">\n<h3 class=\"wp-block-heading\">Mit adhatnak ezek a tanfolyamok?<\/h3>\n\n\n\n<p><strong>Mit adhatnak ezek a tanfolyamok:<\/strong><\/p>\n\n\n\n<ul class=\"wp-block-list\">\n<li>Nyelvtud\u00e1s fejleszt\u00e9se, bizony\u00edtv\u00e1ny megszerz\u00e9se, magabiztoss\u00e1g az angol, n\u00e9met \u00e9s m\u00e1s nyelvek haszn\u00e1lat\u00e1ban<\/li>\n\n\n\n<li>Gyakorlati k\u00e9szs\u00e9gek sz\u00e1m\u00edt\u00f3g\u00e9p-, IT- \u00e9s programhaszn\u00e1latban, irodai szoftverek kezel\u00e9s\u00e9ben<\/li>\n\n\n\n<li>Jobb versenyk\u00e9pess\u00e9g a munkaer\u0151piacon, \u00faj \u00e1ll\u00e1slehet\u0151s\u00e9gek<\/li>\n\n\n\n<li>Egy\u00e9ni ig\u00e9nyekhez igazod\u00f3 oktat\u00e1s \u00e9s rugalmas id\u0151beoszt\u00e1s<\/li>\n<\/ul>\n<\/div>\n\n\n\n<div class=\"wp-block-column is-layout-flow wp-block-column-is-layout-flow\">\n<figure class=\"wp-block-image size-large\"><img decoding=\"async\" width=\"1024\" height=\"683\" src=\"https:\/\/komlife.eu\/wp-content\/uploads\/2025\/09\/students-boy-learning-electrical-appliances-educa-2025-03-08-17-58-04-utc-1024x683.jpg\" alt=\"\" class=\"wp-image-451\" srcset=\"https:\/\/komlife.eu\/wp-content\/uploads\/2025\/09\/students-boy-learning-electrical-appliances-educa-2025-03-08-17-58-04-utc-1024x683.jpg 1024w, https:\/\/komlife.eu\/wp-content\/uploads\/2025\/09\/students-boy-learning-electrical-appliances-educa-2025-03-08-17-58-04-utc-300x200.jpg 300w, https:\/\/komlife.eu\/wp-content\/uploads\/2025\/09\/students-boy-learning-electrical-appliances-educa-2025-03-08-17-58-04-utc-768x512.jpg 768w, https:\/\/komlife.eu\/wp-content\/uploads\/2025\/09\/students-boy-learning-electrical-appliances-educa-2025-03-08-17-58-04-utc-1536x1024.jpg 1536w, https:\/\/komlife.eu\/wp-content\/uploads\/2025\/09\/students-boy-learning-electrical-appliances-educa-2025-03-08-17-58-04-utc-2048x1365.jpg 2048w\" sizes=\"(max-width: 1024px) 100vw, 1024px\" \/><\/figure>\n<\/div>\n<\/div>\n","protected":false},"excerpt":{"rendered":"<p>Nyelvtanfolyamok Kom\u00e1romban val\u00f3ban sok lehet\u0151s\u00e9g van idegen nyelvek tanul\u00e1s\u00e1ra: Szakmai \u00e9s digit\u00e1lis tanfolyamok Ha modern technikai ismereteket \u00e9s gyakorlati k\u00e9szs\u00e9geket szeretne elsaj\u00e1t\u00edtani, ezek a lehet\u0151s\u00e9gek ide\u00e1lisak: Ing. Ondrej Tak\u00e1\u010d, PhD.IKT t\u00edpus\u00fa tanfolyamok \u00e9s idegen nyelvi korrepet\u00e1l\u00e1s.Adresa: Stani\u010dn\u00e1 21\/17, 945\u202f01\u202fKom\u00e1rno Sz\u00e1m\u00edt\u00f3g\u00e9pes tanfolyamok \u2013 Antre \/ Kom-PasAlapfok\u00fa PC, Word, Excel, PowerPoint, Outlook \u2013 minden koroszt\u00e1ly sz\u00e1m\u00e1ra. Tov\u00e1bbi [&hellip;]<\/p>\n","protected":false},"author":2,"featured_media":860,"parent":592,"menu_order":0,"comment_status":"closed","ping_status":"closed","template":"","meta":{"_acf_changed":false,"footnotes":""},"hlavna-kategoria":[],"class_list":["post-596","page","type-page","status-publish","has-post-thumbnail","hentry"],"acf":[],"_links":{"self":[{"href":"https:\/\/komlife.eu\/hu\/wp-json\/wp\/v2\/pages\/596","targetHints":{"allow":["GET"]}}],"collection":[{"href":"https:\/\/komlife.eu\/hu\/wp-json\/wp\/v2\/pages"}],"about":[{"href":"https:\/\/komlife.eu\/hu\/wp-json\/wp\/v2\/types\/page"}],"author":[{"embeddable":true,"href":"https:\/\/komlife.eu\/hu\/wp-json\/wp\/v2\/users\/2"}],"replies":[{"embeddable":true,"href":"https:\/\/komlife.eu\/hu\/wp-json\/wp\/v2\/comments?post=596"}],"version-history":[{"count":0,"href":"https:\/\/komlife.eu\/hu\/wp-json\/wp\/v2\/pages\/596\/revisions"}],"up":[{"embeddable":true,"href":"https:\/\/komlife.eu\/hu\/wp-json\/wp\/v2\/pages\/592"}],"wp:featuredmedia":[{"embeddable":true,"href":"https:\/\/komlife.eu\/hu\/wp-json\/wp\/v2\/media\/860"}],"wp:attachment":[{"href":"https:\/\/komlife.eu\/hu\/wp-json\/wp\/v2\/media?parent=596"}],"wp:term":[{"taxonomy":"hlavna-kategoria","embeddable":true,"href":"https:\/\/komlife.eu\/hu\/wp-json\/wp\/v2\/hlavna-kategoria?post=596"}],"curies":[{"name":"wp","href":"https:\/\/api.w.org\/{rel}","templated":true}]}}