{"id":570,"date":"2025-09-09T11:07:12","date_gmt":"2025-09-09T09:07:12","guid":{"rendered":"https:\/\/komlife.22projects.sk\/terhesseg-es-szulove-valas\/szules-elott\/adminisztrativ-kotelezettsegek\/"},"modified":"2026-02-06T14:24:32","modified_gmt":"2026-02-06T13:24:32","slug":"adminisztrativ-kotelezettsegek","status":"publish","type":"page","link":"https:\/\/komlife.eu\/hu\/terhesseg-es-szulove-valas\/szules-elott\/adminisztrativ-kotelezettsegek\/","title":{"rendered":"Adminisztrat\u00edv k\u00f6telezetts\u00e9gek"},"content":{"rendered":"\n<h3 class=\"wp-block-heading\">Anyak\u00f6nyvi Hivatal<\/h3>\n\n<div class=\"wp-block-columns is-layout-flex wp-container-core-columns-is-layout-28f84493 wp-block-columns-is-layout-flex\">\n<div class=\"wp-block-column is-layout-flow wp-block-column-is-layout-flow\">\n<section class=\"wp-block-the-mighty22-contacts-grid contacts-grid\" style=\"--grid-columns:1\">\n<article class=\"wp-block-the-mighty22-contact-card contact-card\"><header class=\"contact-card__header\"><h4 class=\"contact-card__name\">Bc. Erzs\u00e9bet Moln\u00e1r <\/h4><p class=\"contact-card__note description\">anyak\u00f6nyvvezet\u0151<\/p><\/header><div class=\"contact-card__phones\"><div class=\"contact-card__phone\"><span class=\"contact-card__icon contact-card__icon--mobile\"><svg xmlns=\"http:\/\/www.w3.org\/2000\/svg\" width=\"17\" height=\"30\" viewbox=\"0 0 17 30\" fill=\"none\"><path d=\"M14.8144 0H2.18374C0.975814 0 0 0.979012 0 2.18621V27.8166C0 29.02 0.975814 30 2.18374 30H14.8144C16.0204 30 17 29.021 17 27.8166V2.18621C16.9991 0.979012 16.0204 0 14.8144 0ZM15.362 24.3068H1.63804V3.68787H15.362V24.3068ZM11.4274 2.2184H5.57161V1.58024H11.4284L11.4274 2.2184ZM13.9333 1.92678C13.9333 2.23544 13.6813 2.4854 13.3734 2.4854C13.0645 2.4854 12.8135 2.2345 12.8135 1.92678C12.8135 1.61906 13.0645 1.36816 13.3734 1.36816C13.6822 1.36721 13.9333 1.61812 13.9333 1.92678ZM11.165 27.6708H5.83214V26.0309H11.165V27.6708Z\" fill=\"#0E2433\"><\/path><\/svg><\/span><a class=\"contact-card__phone-link\" href=\"tel:0352851297\" target=\"_blank\" rel=\"noopener noreferrer\">035 2851 297<\/a><\/div><\/div><div class=\"contact-card__emails\"><div class=\"contact-card__email\"><span class=\"contact-card__icon contact-card__icon--email\"><svg xmlns=\"http:\/\/www.w3.org\/2000\/svg\" width=\"22\" height=\"17\" viewbox=\"0 0 22 17\" fill=\"none\"><path d=\"M21.5703 5.45703C21.7422 5.32813 22 5.45703 22 5.67188V14.4375C22 15.5977 21.0547 16.5 19.9375 16.5H2.0625C0.902344 16.5 0 15.5977 0 14.4375V5.67188C0 5.45703 0.214844 5.32813 0.386719 5.45703C1.375 6.23047 2.62109 7.17578 7.00391 10.3555C7.90625 11 9.45313 12.418 11 12.418C12.5039 12.418 14.0938 11 14.9531 10.3555C19.3359 7.17578 20.582 6.23047 21.5703 5.45703ZM11 11C9.96875 11.043 8.55078 9.75391 7.82031 9.23828C2.10547 5.11328 1.67578 4.72656 0.386719 3.69531C0.128906 3.52344 0 3.22266 0 2.87891V2.0625C0 0.945313 0.902344 0 2.0625 0H19.9375C21.0547 0 22 0.945313 22 2.0625V2.87891C22 3.22266 21.8281 3.52344 21.5703 3.69531C20.2813 4.72656 19.8516 5.11328 14.1367 9.23828C13.4063 9.75391 11.9883 11.043 11 11Z\" fill=\"#0E2433\"><\/path><\/svg><\/span><a class=\"contact-card__email-link\" href=\"mailto:erzsebet.molnar@komarno.sk\" target=\"_blank\" rel=\"noopener noreferrer\">erzsebet.molnar@komarno.sk<\/a><\/div><div class=\"contact-card__email\"><span class=\"contact-card__icon contact-card__icon--email\"><svg xmlns=\"http:\/\/www.w3.org\/2000\/svg\" width=\"22\" height=\"17\" viewbox=\"0 0 22 17\" fill=\"none\"><path d=\"M21.5703 5.45703C21.7422 5.32813 22 5.45703 22 5.67188V14.4375C22 15.5977 21.0547 16.5 19.9375 16.5H2.0625C0.902344 16.5 0 15.5977 0 14.4375V5.67188C0 5.45703 0.214844 5.32813 0.386719 5.45703C1.375 6.23047 2.62109 7.17578 7.00391 10.3555C7.90625 11 9.45313 12.418 11 12.418C12.5039 12.418 14.0938 11 14.9531 10.3555C19.3359 7.17578 20.582 6.23047 21.5703 5.45703ZM11 11C9.96875 11.043 8.55078 9.75391 7.82031 9.23828C2.10547 5.11328 1.67578 4.72656 0.386719 3.69531C0.128906 3.52344 0 3.22266 0 2.87891V2.0625C0 0.945313 0.902344 0 2.0625 0H19.9375C21.0547 0 22 0.945313 22 2.0625V2.87891C22 3.22266 21.8281 3.52344 21.5703 3.69531C20.2813 4.72656 19.8516 5.11328 14.1367 9.23828C13.4063 9.75391 11.9883 11.043 11 11Z\" fill=\"#0E2433\"><\/path><\/svg><\/span><a class=\"contact-card__email-link\" href=\"mailto:matrika@komarno.sk\" target=\"_blank\" rel=\"noopener noreferrer\">matrika@komarno.sk<\/a><\/div><\/div><\/article>\n<\/section>\n\n\n\n<div class=\"wp-block-buttons is-layout-flex wp-block-buttons-is-layout-flex\">\n<div class=\"wp-block-button\"><a class=\"wp-block-button__link wp-element-button\" href=\"https:\/\/komarno.sk\/mestsky-urad-2\/matricny-urad\/\">Tov\u00e1bbi el\u00e9rhet\u0151s\u00e9gek<\/a><\/div>\n<\/div>\n<\/div>\n\n\n\n<div class=\"wp-block-column is-layout-flow wp-block-column-is-layout-flow\">\n<iframe src=\"https:\/\/www.google.com\/maps\/embed?pb=!1m18!1m12!1m3!1d2682.297454027583!2d18.12623347670648!3d47.756284477628775!2m3!1f0!2f0!3f0!3m2!1i1024!2i768!4f13.1!3m3!1m2!1s0x476bad559bbf6a51%3A0x74326ac7c1f080d5!2zTWVzdHNrw70gw7pyYWQgS29tw6Fybm8!5e0!3m2!1sen!2ssk!4v1770193484099!5m2!1sen!2ssk\" width=\"600\" height=\"450\" style=\"border:0;\" allowfullscreen=\"\" loading=\"lazy\" referrerpolicy=\"no-referrer-when-downgrade\"><\/iframe>\n<\/div>\n<\/div>\n\n<div class=\"wp-block-columns is-layout-flex wp-container-core-columns-is-layout-28f84493 wp-block-columns-is-layout-flex\">\n<div class=\"wp-block-column is-layout-flow wp-block-column-is-layout-flow\">\n<h3 class=\"wp-block-heading\">Mit \u00e9rdemes tudni a gyermek sz\u00fclet\u00e9se el\u0151tt?<\/h3>\n\n\n\n<ul class=\"wp-block-list\">\n<li><strong>A gyermek nev\u00e9nek kiv\u00e1laszt\u00e1sa<\/strong><br\/>Javasoljuk, hogy el\u0151re \u00e9rdekl\u0151dj\u00f6n az anyak\u00f6nyvi hivatalban a n\u00e9v hivatalos form\u00e1j\u00e1r\u00f3l. Az \u00fcgyint\u00e9z\u0151k seg\u00edtenek a v\u00e1laszt\u00e1sban \u00e9s megv\u00e1laszolj\u00e1k a felmer\u00fcl\u0151 k\u00e9rd\u00e9seket.<\/li>\n<\/ul>\n\n\n\n<ul class=\"wp-block-list\">\n<li><strong>H\u00e1zass\u00e1gon k\u00edv\u00fcl sz\u00fcletett gyermekek eset\u00e9n<\/strong><br\/>Ha <strong>mindk\u00e9t sz\u00fcl\u0151 nagykor\u00fa<\/strong>, <strong>az apas\u00e1got k\u00f6zvetlen\u00fcl az anyak\u00f6nyvi hivatalban lehet elismerni<\/strong> \u00e9rv\u00e9nyes szem\u00e9lyi igazolv\u00e1nyok (k\u00fclf\u00f6ldi eset\u00e9n \u00fatlev\u00e9l \u00e9s tolm\u00e1cs) bemutat\u00e1s\u00e1val. <br\/><br\/>Ha <strong>az egyik sz\u00fcl\u0151 kiskor\u00fa<\/strong>, az apas\u00e1g elismer\u00e9se <strong>a Kom\u00e1romi j\u00e1r\u00e1si b\u00edr\u00f3s\u00e1gon<\/strong> t\u00f6rt\u00e9nik, <strong>a kiskor\u00fa t\u00f6rv\u00e9nyes k\u00e9pvisel\u0151j\u00e9nek jelenl\u00e9t\u00e9ben<\/strong>.<\/li>\n<\/ul>\n<\/div>\n\n\n\n<div class=\"wp-block-column is-layout-flow wp-block-column-is-layout-flow\">\n<figure class=\"wp-block-image size-full\"><img fetchpriority=\"high\" decoding=\"async\" width=\"520\" height=\"586\" src=\"https:\/\/komlife.eu\/wp-content\/uploads\/2025\/09\/komlife-img-pred-porodom-administrativne-povinnosti.jpg\" alt=\"\" class=\"wp-image-184\" style=\"object-fit:cover\" srcset=\"https:\/\/komlife.eu\/wp-content\/uploads\/2025\/09\/komlife-img-pred-porodom-administrativne-povinnosti.jpg 520w, https:\/\/komlife.eu\/wp-content\/uploads\/2025\/09\/komlife-img-pred-porodom-administrativne-povinnosti-266x300.jpg 266w\" sizes=\"(max-width: 520px) 100vw, 520px\" \/><\/figure>\n<\/div>\n<\/div>\n\n<p><\/p>\n","protected":false},"excerpt":{"rendered":"<p>Anyak\u00f6nyvi Hivatal Mit \u00e9rdemes tudni a gyermek sz\u00fclet\u00e9se el\u0151tt?<\/p>\n","protected":false},"author":1,"featured_media":860,"parent":567,"menu_order":0,"comment_status":"closed","ping_status":"closed","template":"","meta":{"_acf_changed":false,"footnotes":""},"hlavna-kategoria":[],"class_list":["post-570","page","type-page","status-publish","has-post-thumbnail","hentry"],"acf":[],"_links":{"self":[{"href":"https:\/\/komlife.eu\/hu\/wp-json\/wp\/v2\/pages\/570","targetHints":{"allow":["GET"]}}],"collection":[{"href":"https:\/\/komlife.eu\/hu\/wp-json\/wp\/v2\/pages"}],"about":[{"href":"https:\/\/komlife.eu\/hu\/wp-json\/wp\/v2\/types\/page"}],"author":[{"embeddable":true,"href":"https:\/\/komlife.eu\/hu\/wp-json\/wp\/v2\/users\/1"}],"replies":[{"embeddable":true,"href":"https:\/\/komlife.eu\/hu\/wp-json\/wp\/v2\/comments?post=570"}],"version-history":[{"count":2,"href":"https:\/\/komlife.eu\/hu\/wp-json\/wp\/v2\/pages\/570\/revisions"}],"predecessor-version":[{"id":1882,"href":"https:\/\/komlife.eu\/hu\/wp-json\/wp\/v2\/pages\/570\/revisions\/1882"}],"up":[{"embeddable":true,"href":"https:\/\/komlife.eu\/hu\/wp-json\/wp\/v2\/pages\/567"}],"wp:featuredmedia":[{"embeddable":true,"href":"https:\/\/komlife.eu\/hu\/wp-json\/wp\/v2\/media\/860"}],"wp:attachment":[{"href":"https:\/\/komlife.eu\/hu\/wp-json\/wp\/v2\/media?parent=570"}],"wp:term":[{"taxonomy":"hlavna-kategoria","embeddable":true,"href":"https:\/\/komlife.eu\/hu\/wp-json\/wp\/v2\/hlavna-kategoria?post=570"}],"curies":[{"name":"wp","href":"https:\/\/api.w.org\/{rel}","templated":true}]}}