{"id":554,"date":"2025-09-12T10:02:56","date_gmt":"2025-09-12T08:02:56","guid":{"rendered":"https:\/\/komlife.22projects.sk\/csaladi-gondoskodas\/egeszseg-es-gyerekek\/sportlehetosegek-gyerekeknek\/"},"modified":"2025-11-20T16:07:08","modified_gmt":"2025-11-20T15:07:08","slug":"sportlehetosegek-gyerekeknek","status":"publish","type":"page","link":"https:\/\/komlife.eu\/hu\/csaladi-gondoskodas\/egeszseg-es-gyerekek\/sportlehetosegek-gyerekeknek\/","title":{"rendered":"Sportlehet\u0151s\u00e9gek gyerekeknek"},"content":{"rendered":"\n<h3 class=\"wp-block-heading\">Milyen sportokat pr\u00f3b\u00e1lhatnak ki a gyerekek Kom\u00e1romban?<\/h3>\n\n<div class=\"wp-block-columns is-layout-flex wp-container-core-columns-is-layout-28f84493 wp-block-columns-is-layout-flex\">\n<div class=\"wp-block-column is-layout-flow wp-block-column-is-layout-flow\">\n<ul class=\"wp-block-list\">\n<li><strong>Labdaj\u00e1t\u00e9kok<\/strong>: foci, kos\u00e1rlabda, r\u00f6plabda, k\u00e9zilabda<br\/><\/li>\n\n\n\n<li><strong>V\u00edzisportok<\/strong>: \u00fasz\u00e1s, v\u00edzilabda<br\/><\/li>\n\n\n\n<li><strong>K\u00fczd\u0151sportok:<\/strong> judo, karate, aikido, boksz<br\/><\/li>\n\n\n\n<li><strong>Gimnasztika \u00e9s mozg\u00e1sos tev\u00e9kenys\u00e9gek<\/strong>: torna, atl\u00e9tika, t\u00e1ncos gimnasztika<br\/><\/li>\n\n\n\n<li><strong>Korcsoly\u00e1z\u00e1s \u00e9s rollerez\u00e9s<\/strong>: g\u00f6rkorcsolya, roller<br\/><\/li>\n\n\n\n<li><strong>Ker\u00e9kp\u00e1roz\u00e1s<\/strong> \u00e9s <strong>csal\u00e1di t\u00far\u00e1z\u00e1s<\/strong><br\/><\/li>\n\n\n\n<li><strong>Tenisz, asztalitenisz<\/strong><br\/><\/li>\n\n\n\n<li><strong>T\u00e1ncsport<\/strong> \u00e9s modern t\u00e1nc<\/li>\n<\/ul>\n<\/div>\n\n\n\n<div class=\"wp-block-column is-layout-flow wp-block-column-is-layout-flow\">\n<figure class=\"wp-block-image size-large\"><img fetchpriority=\"high\" decoding=\"async\" width=\"684\" height=\"1024\" src=\"https:\/\/komlife.eu\/wp-content\/uploads\/2025\/09\/teenage-playing-basketball-on-an-outdoors-court-2025-01-07-09-45-27-utc-684x1024.jpg\" alt=\"\" class=\"wp-image-366\" style=\"aspect-ratio:3\/4;object-fit:cover\" srcset=\"https:\/\/komlife.eu\/wp-content\/uploads\/2025\/09\/teenage-playing-basketball-on-an-outdoors-court-2025-01-07-09-45-27-utc-684x1024.jpg 684w, https:\/\/komlife.eu\/wp-content\/uploads\/2025\/09\/teenage-playing-basketball-on-an-outdoors-court-2025-01-07-09-45-27-utc-200x300.jpg 200w, https:\/\/komlife.eu\/wp-content\/uploads\/2025\/09\/teenage-playing-basketball-on-an-outdoors-court-2025-01-07-09-45-27-utc-768x1150.jpg 768w, https:\/\/komlife.eu\/wp-content\/uploads\/2025\/09\/teenage-playing-basketball-on-an-outdoors-court-2025-01-07-09-45-27-utc-1025x1536.jpg 1025w, https:\/\/komlife.eu\/wp-content\/uploads\/2025\/09\/teenage-playing-basketball-on-an-outdoors-court-2025-01-07-09-45-27-utc-1367x2048.jpg 1367w, https:\/\/komlife.eu\/wp-content\/uploads\/2025\/09\/teenage-playing-basketball-on-an-outdoors-court-2025-01-07-09-45-27-utc-scaled.jpg 1709w\" sizes=\"(max-width: 684px) 100vw, 684px\" \/><\/figure>\n<\/div>\n<\/div>\n\n<div class=\"wp-block-columns is-layout-flex wp-container-core-columns-is-layout-28f84493 wp-block-columns-is-layout-flex\">\n<div class=\"wp-block-column is-layout-flow wp-block-column-is-layout-flow\">\n<h3 class=\"wp-block-heading\">Hol tal\u00e1lhat\u00f3k gyerek sportklubok?<\/h3>\n\n\n\n<p>A gyerekeknek sz\u00f3l\u00f3 sportklubok \u00e9s foglalkoz\u00e1sok r\u00e9szletes list\u00e1j\u00e1t megtal\u00e1lja a <strong>KOMsport<\/strong> oldal\u00e1n:<\/p>\n\n\n\n<div class=\"wp-block-buttons is-layout-flex wp-block-buttons-is-layout-flex\">\n<div class=\"wp-block-button\"><a class=\"wp-block-button__link wp-element-button\" href=\"https:\/\/komsport.eu\/sk\/sportklub\/?korcsoport=deti\"><em>Kattintson ide<\/em><\/a><\/div>\n<\/div>\n\n\n\n<p>Az oldalon sz\u0171rhet koroszt\u00e1ly, sport\u00e1g \u00e9s helysz\u00edn alapj\u00e1n is. Itt megtal\u00e1lja az el\u00e9rhet\u0151s\u00e9geket, edz\u00e9sid\u0151pontokat \u00e9s sok m\u00e1s hasznos inform\u00e1ci\u00f3t. <\/p>\n\n\n\n<p>\u00e9rdemes el\u0151zetesen felvenni a kapcsolatot a kiv\u00e1lasztott klubbal \u2013 sok helyen lehet\u0151s\u00e9g van ingyenes pr\u00f3baedz\u00e9sre is.<\/p>\n<\/div>\n<\/div>\n\n<div class=\"wp-block-columns is-layout-flex wp-container-core-columns-is-layout-28f84493 wp-block-columns-is-layout-flex\">\n<div class=\"wp-block-column is-layout-flow wp-block-column-is-layout-flow\">\n<h3 class=\"wp-block-heading\">Mi\u00e9rt \u00e9rdemes sportba bevonni a gyereket?<\/h3>\n\n\n\n<ul class=\"wp-block-list\">\n<li>Jav\u00edtja a fizikai kond\u00edci\u00f3t \u00e9s az eg\u00e9szs\u00e9get<\/li>\n\n\n\n<li>Rendszeress\u00e9gre \u00e9s felel\u0151ss\u00e9gre tan\u00edt<\/li>\n\n\n\n<li>Er\u0151s\u00edti a csapatszellemet \u00e9s az \u00f6nbizalmat<\/li>\n\n\n\n<li>Seg\u00edti a koncentr\u00e1ci\u00f3t az iskol\u00e1ban is<\/li>\n\n\n\n<li>\u00c9s legf\u0151k\u00e9pp \u2013 \u00f6r\u00f6m\u00f6t ad a mozg\u00e1s!<\/li>\n<\/ul>\n<\/div>\n\n\n\n<div class=\"wp-block-column is-layout-flow wp-block-column-is-layout-flow\">\n<figure class=\"wp-block-image size-large\"><img decoding=\"async\" width=\"683\" height=\"1024\" src=\"https:\/\/komlife.eu\/wp-content\/uploads\/2025\/10\/portrait-of-happy-schoolboy-leaning-on-tree-trunk-2024-10-18-04-56-39-utc-683x1024.jpg\" alt=\"\" class=\"wp-image-704\" style=\"aspect-ratio:3\/4;object-fit:cover\" srcset=\"https:\/\/komlife.eu\/wp-content\/uploads\/2025\/10\/portrait-of-happy-schoolboy-leaning-on-tree-trunk-2024-10-18-04-56-39-utc-683x1024.jpg 683w, https:\/\/komlife.eu\/wp-content\/uploads\/2025\/10\/portrait-of-happy-schoolboy-leaning-on-tree-trunk-2024-10-18-04-56-39-utc-200x300.jpg 200w, https:\/\/komlife.eu\/wp-content\/uploads\/2025\/10\/portrait-of-happy-schoolboy-leaning-on-tree-trunk-2024-10-18-04-56-39-utc-768x1152.jpg 768w, https:\/\/komlife.eu\/wp-content\/uploads\/2025\/10\/portrait-of-happy-schoolboy-leaning-on-tree-trunk-2024-10-18-04-56-39-utc-1024x1536.jpg 1024w, https:\/\/komlife.eu\/wp-content\/uploads\/2025\/10\/portrait-of-happy-schoolboy-leaning-on-tree-trunk-2024-10-18-04-56-39-utc-1365x2048.jpg 1365w, https:\/\/komlife.eu\/wp-content\/uploads\/2025\/10\/portrait-of-happy-schoolboy-leaning-on-tree-trunk-2024-10-18-04-56-39-utc-scaled.jpg 1707w\" sizes=\"(max-width: 683px) 100vw, 683px\" \/><\/figure>\n<\/div>\n<\/div>\n\n<p><\/p>\n","protected":false},"excerpt":{"rendered":"<p>Milyen sportokat pr\u00f3b\u00e1lhatnak ki a gyerekek Kom\u00e1romban? Hol tal\u00e1lhat\u00f3k gyerek sportklubok? A gyerekeknek sz\u00f3l\u00f3 sportklubok \u00e9s foglalkoz\u00e1sok r\u00e9szletes list\u00e1j\u00e1t megtal\u00e1lja a KOMsport oldal\u00e1n: Az oldalon sz\u0171rhet koroszt\u00e1ly, sport\u00e1g \u00e9s helysz\u00edn alapj\u00e1n is. Itt megtal\u00e1lja az el\u00e9rhet\u0151s\u00e9geket, edz\u00e9sid\u0151pontokat \u00e9s sok m\u00e1s hasznos inform\u00e1ci\u00f3t. \u00e9rdemes el\u0151zetesen felvenni a kapcsolatot a kiv\u00e1lasztott klubbal \u2013 sok helyen lehet\u0151s\u00e9g van [&hellip;]<\/p>\n","protected":false},"author":2,"featured_media":860,"parent":542,"menu_order":0,"comment_status":"closed","ping_status":"closed","template":"","meta":{"_acf_changed":false,"footnotes":""},"hlavna-kategoria":[],"class_list":["post-554","page","type-page","status-publish","has-post-thumbnail","hentry"],"acf":[],"_links":{"self":[{"href":"https:\/\/komlife.eu\/hu\/wp-json\/wp\/v2\/pages\/554","targetHints":{"allow":["GET"]}}],"collection":[{"href":"https:\/\/komlife.eu\/hu\/wp-json\/wp\/v2\/pages"}],"about":[{"href":"https:\/\/komlife.eu\/hu\/wp-json\/wp\/v2\/types\/page"}],"author":[{"embeddable":true,"href":"https:\/\/komlife.eu\/hu\/wp-json\/wp\/v2\/users\/2"}],"replies":[{"embeddable":true,"href":"https:\/\/komlife.eu\/hu\/wp-json\/wp\/v2\/comments?post=554"}],"version-history":[{"count":0,"href":"https:\/\/komlife.eu\/hu\/wp-json\/wp\/v2\/pages\/554\/revisions"}],"up":[{"embeddable":true,"href":"https:\/\/komlife.eu\/hu\/wp-json\/wp\/v2\/pages\/542"}],"wp:featuredmedia":[{"embeddable":true,"href":"https:\/\/komlife.eu\/hu\/wp-json\/wp\/v2\/media\/860"}],"wp:attachment":[{"href":"https:\/\/komlife.eu\/hu\/wp-json\/wp\/v2\/media?parent=554"}],"wp:term":[{"taxonomy":"hlavna-kategoria","embeddable":true,"href":"https:\/\/komlife.eu\/hu\/wp-json\/wp\/v2\/hlavna-kategoria?post=554"}],"curies":[{"name":"wp","href":"https:\/\/api.w.org\/{rel}","templated":true}]}}