{"id":551,"date":"2025-09-12T09:12:29","date_gmt":"2025-09-12T07:12:29","guid":{"rendered":"https:\/\/komlife.22projects.sk\/csaladi-gondoskodas\/egeszseg-es-gyerekek\/szakkorok-gyerekeknek-komaromban\/"},"modified":"2025-11-21T10:46:44","modified_gmt":"2025-11-21T09:46:44","slug":"szakkorok-gyerekeknek-komaromban","status":"publish","type":"page","link":"https:\/\/komlife.eu\/hu\/oktatas-es-neveles\/szakkorok-gyerekeknek-komaromban\/","title":{"rendered":"Szakk\u00f6r\u00f6k gyerekeknek Kom\u00e1romban"},"content":{"rendered":"\n<div class=\"wp-block-columns is-layout-flex wp-container-core-columns-is-layout-28f84493 wp-block-columns-is-layout-flex\">\n<div class=\"wp-block-column is-layout-flow wp-block-column-is-layout-flow\">\n<h3 class=\"wp-block-heading\">Milyen szakk\u00f6r\u00f6k k\u00f6z\u00fcl v\u00e1laszthatnak a gyerekek?<\/h3>\n\n\n\n<ul class=\"wp-block-list\">\n<li><strong>Zenei szakk\u00f6r\u00f6k<\/strong> \u2013 \u00e9nek, zongora, git\u00e1r, heged\u0171, fuvola<\/li>\n\n\n\n<li><strong>K\u00e9pz\u0151m\u0171v\u00e9szeti \u00e9s kreat\u00edv foglalkoz\u00e1sok<\/strong> \u2013 fest\u00e9s, ker\u00e1mia, k\u00e9zm\u0171ves alkot\u00e1s<\/li>\n\n\n\n<li><strong>T\u00e1nc\u00f3r\u00e1k<\/strong> \u2013 n\u00e9pt\u00e1nc, modern t\u00e1nc, zumba<\/li>\n\n\n\n<li><strong>Sportfoglalkoz\u00e1sok<\/strong> \u2013 torna, foci, judo, \u00fasz\u00e1s, korcsolya<\/li>\n\n\n\n<li><strong>Nyelvtanfolyamok<\/strong> \u2013 angol, n\u00e9met, magyar j\u00e1t\u00e9kos form\u00e1ban<\/li>\n\n\n\n<li><strong>Technikai \u00e9s logikai szakk\u00f6r\u00f6k<\/strong> \u2013 sakk, robotika, lego, programoz\u00e1s<\/li>\n\n\n\n<li><strong>Sz\u00ednj\u00e1tsz\u00f3 k\u00f6r<\/strong> \u2013 besz\u00e9dfejleszt\u00e9s, el\u0151ad\u00f3i k\u00e9szs\u00e9g, \u00f6nbizalom<\/li>\n\n\n\n<li><strong>Term\u00e9szettudom\u00e1nyi \u00e9s k\u00f6rnyezetv\u00e9delmi foglalkoz\u00e1sok<\/strong> \u2013 csillag\u00e1szat alapjai, \u00f6koklub<\/li>\n<\/ul>\n<\/div>\n\n\n\n<div class=\"wp-block-column is-layout-flow wp-block-column-is-layout-flow\">\n<figure class=\"wp-block-image size-large\"><img fetchpriority=\"high\" decoding=\"async\" width=\"683\" height=\"1024\" src=\"https:\/\/komlife.eu\/wp-content\/uploads\/2025\/10\/child-making-a-picture-with-paintings-2025-01-09-07-43-57-utc-683x1024.jpg\" alt=\"\" class=\"wp-image-697\" style=\"aspect-ratio:3\/4;object-fit:cover\" srcset=\"https:\/\/komlife.eu\/wp-content\/uploads\/2025\/10\/child-making-a-picture-with-paintings-2025-01-09-07-43-57-utc-683x1024.jpg 683w, https:\/\/komlife.eu\/wp-content\/uploads\/2025\/10\/child-making-a-picture-with-paintings-2025-01-09-07-43-57-utc-200x300.jpg 200w, https:\/\/komlife.eu\/wp-content\/uploads\/2025\/10\/child-making-a-picture-with-paintings-2025-01-09-07-43-57-utc-768x1152.jpg 768w, https:\/\/komlife.eu\/wp-content\/uploads\/2025\/10\/child-making-a-picture-with-paintings-2025-01-09-07-43-57-utc-1024x1536.jpg 1024w, https:\/\/komlife.eu\/wp-content\/uploads\/2025\/10\/child-making-a-picture-with-paintings-2025-01-09-07-43-57-utc-1365x2048.jpg 1365w, https:\/\/komlife.eu\/wp-content\/uploads\/2025\/10\/child-making-a-picture-with-paintings-2025-01-09-07-43-57-utc-scaled.jpg 1706w\" sizes=\"(max-width: 683px) 100vw, 683px\" \/><\/figure>\n<\/div>\n<\/div>\n\n<h3 class=\"wp-block-heading\"><strong>Hol tal\u00e1lhat\u00f3k a szakk\u00f6r\u00f6k?<\/strong><\/h3>\n\n<p>Szakk\u00f6r\u00f6ket legink\u00e1bb itt tal\u00e1lhat:<\/p>\n\n<div class=\"wp-block-columns is-layout-flex wp-container-core-columns-is-layout-28f84493 wp-block-columns-is-layout-flex\">\n<div class=\"wp-block-column is-layout-flow wp-block-column-is-layout-flow\">\n<p><strong>Szabadid\u0151k\u00f6zpont \u2013 Centrum vo\u013en\u00e9ho \u010dasu<br\/><\/strong>N\u00e1m. gen. Klapku 7, Kom\u00e1rno<br\/><a href=\"https:\/\/komsport.eu\">komsport.eu<\/a> <br\/><a href=\"tel:+421%E2%80%AF905%E2%80%AF759%E2%80%AF308\">+421\u202f905\u202f759\u202f308<\/a><\/p>\n\n\n\n<p><strong>M\u0171v\u00e9szeti Alapiskola \u2013 Z\u00e1kladn\u00e1 umeleck\u00e1 \u0161kola<\/strong><br\/>Letn\u00e1 ul. 12, Kom\u00e1rno <br\/><a href=\"https:\/\/zuskomarno.edupage.org\">zuskomarno.edupage.org<\/a><\/p>\n<\/div>\n\n\n\n<div class=\"wp-block-column is-layout-flow wp-block-column-is-layout-flow\">\n<p><strong>Sportklubok \u00e9s egyes\u00fcletek<\/strong> \u2013 teljes lista a <a href=\"https:\/\/komsport.eu\/sk\/sportklub\/?korcsoport=deti\">komsport.eu<\/a> oldalon<\/p>\n\n\n\n<p><strong>Mag\u00e1n k\u00f6zpontok \u00e9s nyelviskol\u00e1k<\/strong><strong><\/strong><\/p>\n<\/div>\n<\/div>\n\n<p>Egyes szakk\u00f6r\u00f6k ingyenesek (pl. a Szabadid\u0151k\u00f6zpont keret\u00e9ben), m\u00e1sokn\u00e1l jelk\u00e9pes havi d\u00edj fizetend\u0151. Javasoljuk, hogy a sz\u00fcl\u0151k el\u0151zetesen vegy\u00e9k fel a kapcsolatot a szervez\u0151vel \u2013 a f\u00e9r\u0151helyek sz\u00e1ma korl\u00e1tozott.<\/p>\n\n<section class=\"wp-block-the-mighty22-tip mighty-tip\"><div class=\"mighty-tip__icon\" aria-hidden=\"true\"><img src=\"data:image\/svg+xml;base64,PHN2ZyB2aWV3Qm94PSIwIDAgNjkgMTAxIiBwcmVzZXJ2ZUFzcGVjdFJhdGlvPSJ4TWlkWU1pZCBtZWV0IiB4bWxucz0iaHR0cDovL3d3dy53My5vcmcvMjAwMC9zdmciPjxwYXRoIGQ9Ik0zNC41LDIwLjcxYy0xNi40MSwwLTI5Ljc3LDEzLjM2LTI5Ljc3LDI5Ljc5LDAsMTUuMjMsMTQuMTksMjIuNjgsMTQuMTksMzEuNTZ2OS42N2MwLDUuMTEsNC4xNiw5LjI3LDkuMjcsOS4yN2gxMi42MmM1LjExLDAsOS4yNy00LjE2LDkuMjctOS4yN3YtOS42N2MwLTguODgsMTQuMTktMTYuMzMsMTQuMTktMzEuNTYsMC0xNi40Mi0xMy4zNS0yOS43OS0yOS43Ny0yOS43OVpNNDQuMTYsOTEuNzNjMCwxLjg1LTEuNSwzLjM1LTMuMzUsMy4zNWgtMTIuNjJjLTEuODUsMC0zLjM1LTEuNS0zLjM1LTMuMzV2LTYuNzFoMTkuMzJ2Ni43MVpNNDQuNDcsNzkuMWgtNy4wMXYtMTEuOTNjMy42Ni0xLjI0LDYuMzEtNC43MSw2LjMxLTguNzgsMC0xLjYzLTEuMzItMi45Ni0yLjk2LTIuOTZzLTIuOTYsMS4zMi0yLjk2LDIuOTZjMCwxLjg1LTEuNSwzLjM1LTMuMzUsMy4zNXMtMy4zNS0xLjUtMy4zNS0zLjM1YzAtMS42My0xLjMyLTIuOTYtMi45Ni0yLjk2cy0yLjk2LDEuMzItMi45NiwyLjk2YzAsNC4wOCwyLjY0LDcuNTUsNi4zMSw4Ljc4djExLjkzaC03LjAxYy0yLjA5LTEwLjE3LTEzLjg5LTE2LjcxLTEzLjg5LTI4LjYsMC0xMy4xNiwxMC43LTIzLjg3LDIzLjg1LTIzLjg3czIzLjg2LDEwLjcxLDIzLjg2LDIzLjg3YzAsMTEuODktMTEuODEsMTguNDQtMTMuODksMjguNloiLz48cGF0aCBkPSJNMzQuNSwxNC4wMWMxLjYzLDAsMi45Ni0xLjMzLDIuOTYtMi45NlYyLjk2YzAtMS42My0xLjMyLTIuOTYtMi45Ni0yLjk2cy0yLjk2LDEuMzMtMi45NiwyLjk2djguMDljMCwxLjYzLDEuMzIsMi45NiwyLjk2LDIuOTZaIi8+PHBhdGggZD0iTTExLjM2LDIxLjAzYzEuMTUtMS4xNSwxLjE1LTMuMDMsMC00LjE4bC02LjMxLTYuMzFjLTEuMTUtMS4xNi0zLjAzLTEuMTYtNC4xOCwwLTEuMTYsMS4xNS0xLjE2LDMuMDMsMCw0LjE4bDYuMzEsNi4zMWMxLjE1LDEuMTYsMy4wMywxLjE2LDQuMTgsMFoiLz48cGF0aCBkPSJNNjguMTMsMTAuNTNjLTEuMTYtMS4xNi0zLjAzLTEuMTYtNC4xOCwwbC02LjMxLDYuMzFjLTEuMTUsMS4xNS0xLjE1LDMuMDMsMCw0LjE4LDEuMTYsMS4xNiwzLjAzLDEuMTYsNC4xOCwwbDYuMzEtNi4zMWMxLjE1LTEuMTYsMS4xNS0zLjAzLDAtNC4xOFoiLz48L3N2Zz4=\" alt=\"\" loading=\"lazy\" decoding=\"async\"><\/div><div class=\"mighty-tip__body\"><h3 class=\"mighty-tip__heading\">Tipp<\/h3><div class=\"mighty-tip__text\">A szakk\u00f6r\u00f6kbe val\u00f3 bekapcsol\u00f3d\u00e1s er\u0151s\u00edti a gyerekek kitart\u00e1s\u00e1t, \u00f6nbizalm\u00e1t, csapatszellem\u00e9t, \u00e9s seg\u00edt felfedezni a saj\u00e1t tehets\u00e9g\u00fcket. Adj\u00e1tok meg nekik ezt a lehet\u0151s\u00e9get \u2013 j\u00e1t\u00e9kosan \u00e9s \u00f6r\u00f6mmel! <\/div><\/div><\/section>\n\n<p><\/p>\n","protected":false},"excerpt":{"rendered":"<p>Milyen szakk\u00f6r\u00f6k k\u00f6z\u00fcl v\u00e1laszthatnak a gyerekek? Hol tal\u00e1lhat\u00f3k a szakk\u00f6r\u00f6k? Szakk\u00f6r\u00f6ket legink\u00e1bb itt tal\u00e1lhat: Szabadid\u0151k\u00f6zpont \u2013 Centrum vo\u013en\u00e9ho \u010dasuN\u00e1m. gen. Klapku 7, Kom\u00e1rnokomsport.eu +421\u202f905\u202f759\u202f308 M\u0171v\u00e9szeti Alapiskola \u2013 Z\u00e1kladn\u00e1 umeleck\u00e1 \u0161kolaLetn\u00e1 ul. 12, Kom\u00e1rno zuskomarno.edupage.org Sportklubok \u00e9s egyes\u00fcletek \u2013 teljes lista a komsport.eu oldalon Mag\u00e1n k\u00f6zpontok \u00e9s nyelviskol\u00e1k Egyes szakk\u00f6r\u00f6k ingyenesek (pl. a Szabadid\u0151k\u00f6zpont keret\u00e9ben), m\u00e1sokn\u00e1l [&hellip;]<\/p>\n","protected":false},"author":2,"featured_media":860,"parent":592,"menu_order":0,"comment_status":"closed","ping_status":"closed","template":"","meta":{"_acf_changed":false,"footnotes":""},"hlavna-kategoria":[],"class_list":["post-551","page","type-page","status-publish","has-post-thumbnail","hentry"],"acf":[],"_links":{"self":[{"href":"https:\/\/komlife.eu\/hu\/wp-json\/wp\/v2\/pages\/551","targetHints":{"allow":["GET"]}}],"collection":[{"href":"https:\/\/komlife.eu\/hu\/wp-json\/wp\/v2\/pages"}],"about":[{"href":"https:\/\/komlife.eu\/hu\/wp-json\/wp\/v2\/types\/page"}],"author":[{"embeddable":true,"href":"https:\/\/komlife.eu\/hu\/wp-json\/wp\/v2\/users\/2"}],"replies":[{"embeddable":true,"href":"https:\/\/komlife.eu\/hu\/wp-json\/wp\/v2\/comments?post=551"}],"version-history":[{"count":0,"href":"https:\/\/komlife.eu\/hu\/wp-json\/wp\/v2\/pages\/551\/revisions"}],"up":[{"embeddable":true,"href":"https:\/\/komlife.eu\/hu\/wp-json\/wp\/v2\/pages\/592"}],"wp:featuredmedia":[{"embeddable":true,"href":"https:\/\/komlife.eu\/hu\/wp-json\/wp\/v2\/media\/860"}],"wp:attachment":[{"href":"https:\/\/komlife.eu\/hu\/wp-json\/wp\/v2\/media?parent=551"}],"wp:term":[{"taxonomy":"hlavna-kategoria","embeddable":true,"href":"https:\/\/komlife.eu\/hu\/wp-json\/wp\/v2\/hlavna-kategoria?post=551"}],"curies":[{"name":"wp","href":"https:\/\/api.w.org\/{rel}","templated":true}]}}