{"id":542,"date":"2025-09-11T15:28:10","date_gmt":"2025-09-11T13:28:10","guid":{"rendered":"https:\/\/komlife.22projects.sk\/csaladi-gondoskodas\/egeszseg-es-gyerekek\/"},"modified":"2025-09-25T14:03:22","modified_gmt":"2025-09-25T12:03:22","slug":"egeszseg-es-gyerekek","status":"publish","type":"page","link":"https:\/\/komlife.eu\/hu\/csaladi-gondoskodas\/egeszseg-es-gyerekek\/","title":{"rendered":"Eg\u00e9szs\u00e9g \u00e9s gyerekek"},"content":{"rendered":"\n<p><br\/><\/p>\n","protected":false},"excerpt":{"rendered":"","protected":false},"author":2,"featured_media":860,"parent":471,"menu_order":0,"comment_status":"closed","ping_status":"closed","template":"","meta":{"_acf_changed":false,"footnotes":""},"hlavna-kategoria":[],"class_list":["post-542","page","type-page","status-publish","has-post-thumbnail","hentry"],"acf":[],"_links":{"self":[{"href":"https:\/\/komlife.eu\/hu\/wp-json\/wp\/v2\/pages\/542","targetHints":{"allow":["GET"]}}],"collection":[{"href":"https:\/\/komlife.eu\/hu\/wp-json\/wp\/v2\/pages"}],"about":[{"href":"https:\/\/komlife.eu\/hu\/wp-json\/wp\/v2\/types\/page"}],"author":[{"embeddable":true,"href":"https:\/\/komlife.eu\/hu\/wp-json\/wp\/v2\/users\/2"}],"replies":[{"embeddable":true,"href":"https:\/\/komlife.eu\/hu\/wp-json\/wp\/v2\/comments?post=542"}],"version-history":[{"count":0,"href":"https:\/\/komlife.eu\/hu\/wp-json\/wp\/v2\/pages\/542\/revisions"}],"up":[{"embeddable":true,"href":"https:\/\/komlife.eu\/hu\/wp-json\/wp\/v2\/pages\/471"}],"wp:featuredmedia":[{"embeddable":true,"href":"https:\/\/komlife.eu\/hu\/wp-json\/wp\/v2\/media\/860"}],"wp:attachment":[{"href":"https:\/\/komlife.eu\/hu\/wp-json\/wp\/v2\/media?parent=542"}],"wp:term":[{"taxonomy":"hlavna-kategoria","embeddable":true,"href":"https:\/\/komlife.eu\/hu\/wp-json\/wp\/v2\/hlavna-kategoria?post=542"}],"curies":[{"name":"wp","href":"https:\/\/api.w.org\/{rel}","templated":true}]}}