{"id":538,"date":"2025-09-16T14:53:48","date_gmt":"2025-09-16T12:53:48","guid":{"rendered":"https:\/\/komlife.22projects.sk\/csaladi-gondoskodas\/idosek\/egeszseg\/"},"modified":"2025-11-20T16:03:02","modified_gmt":"2025-11-20T15:03:02","slug":"egeszseg","status":"publish","type":"page","link":"https:\/\/komlife.eu\/hu\/csaladi-gondoskodas\/idosek\/egeszseg\/","title":{"rendered":"Eg\u00e9szs\u00e9g"},"content":{"rendered":"\n<div class=\"wp-block-columns is-layout-flex wp-container-core-columns-is-layout-28f84493 wp-block-columns-is-layout-flex\">\n<div class=\"wp-block-column is-layout-flow wp-block-column-is-layout-flow\">\n<p><strong>Tippek az eg\u00e9szs\u00e9ges \u00e9letm\u00f3dhoz id\u0151seknek:<\/strong><\/p>\n\n\n\n<ul class=\"wp-block-list\">\n<li>Rendszeres orvosi vizsg\u00e1lat<\/li>\n\n\n\n<li>Kiegyens\u00falyozott \u00e9trend, elegend\u0151 vitaminnal \u00e9s \u00e1sv\u00e1nyi anyaggal<\/li>\n\n\n\n<li>Megfelel\u0151 fizikai aktivit\u00e1s \u2013 p\u00e9ld\u00e1ul s\u00e9ta, \u00fasz\u00e1s, k\u00f6nny\u0171 torna<\/li>\n\n\n\n<li>T\u00e1rsas programok, amelyek seg\u00edtik a lelki j\u00f3ll\u00e9tet<\/li>\n<\/ul>\n\n\n\n<p><\/p>\n\n\n\n<p><strong>Eg\u00e9szs\u00e9g\u00fcgyi int\u00e9zm\u00e9nyek list\u00e1ja Kom\u00e1romban:<\/strong><\/p>\n\n\n\n<ul class=\"wp-block-list\">\n<li>Eg\u00e9szs\u00e9g\u00fcgyi k\u00f6zpont \u2013 R\u00e1k\u00f3cziho 11, KN<\/li>\n\n\n\n<li>Szent Val\u00e9ria Rendel\u0151int\u00e9zet \u2013 E\u00f6t\u00f6sova 37, KN <\/li>\n\n\n\n<li>Semmelweis Ign\u00e1c eg\u00e9szs\u00e9g\u00fcgyi k\u00f6zpont \u2013 Senn\u00fd trh 6, KN<\/li>\n\n\n\n<li>Hedera II. eg\u00e9szs\u00e9g\u00fcgyi k\u00f6zpont \u2013 Pevnostn\u00fd rad 18, KN<\/li>\n\n\n\n<li>Ambulantn\u00e9 zdravotn\u00edcke zariadenia pri lek\u00e1rni Tabletka \u2013 Hlbok\u00e1 10, KN<\/li>\n\n\n\n<li>J\u00e1r\u00f3beteg-rendel\u0151 a Tabletka patika mellett \u2013 Jazern\u00e1 15, KN<\/li>\n\n\n\n<li>J\u00e1r\u00f3beteg-rendel\u0151 a V\u00e1g melletti patika mellett \u2013 Pet\u00f6fiho 17, KN<\/li>\n\n\n\n<li>Victoria Medical Center \u2013 Palat\u00ednova 38, KN<\/li>\n\n\n\n<li>RE-MED rehabilit\u00e1ci\u00f3s k\u00f6zpont\u2013 Be\u00f6thyho 4, KN<\/li>\n<\/ul>\n<\/div>\n\n\n\n<div class=\"wp-block-column is-layout-flow wp-block-column-is-layout-flow\">\n<figure class=\"wp-block-image size-large\"><img fetchpriority=\"high\" decoding=\"async\" width=\"859\" height=\"1024\" src=\"https:\/\/komlife.eu\/wp-content\/uploads\/2025\/09\/doctor-shaking-hands-with-mature-male-patient-in-o-2024-10-19-05-01-21-utc-859x1024.jpg\" alt=\"\" class=\"wp-image-375\" srcset=\"https:\/\/komlife.eu\/wp-content\/uploads\/2025\/09\/doctor-shaking-hands-with-mature-male-patient-in-o-2024-10-19-05-01-21-utc-859x1024.jpg 859w, https:\/\/komlife.eu\/wp-content\/uploads\/2025\/09\/doctor-shaking-hands-with-mature-male-patient-in-o-2024-10-19-05-01-21-utc-252x300.jpg 252w, https:\/\/komlife.eu\/wp-content\/uploads\/2025\/09\/doctor-shaking-hands-with-mature-male-patient-in-o-2024-10-19-05-01-21-utc-768x916.jpg 768w, https:\/\/komlife.eu\/wp-content\/uploads\/2025\/09\/doctor-shaking-hands-with-mature-male-patient-in-o-2024-10-19-05-01-21-utc-1288x1536.jpg 1288w, https:\/\/komlife.eu\/wp-content\/uploads\/2025\/09\/doctor-shaking-hands-with-mature-male-patient-in-o-2024-10-19-05-01-21-utc-1717x2048.jpg 1717w\" sizes=\"(max-width: 859px) 100vw, 859px\" \/><\/figure>\n<\/div>\n<\/div>\n\n<section class=\"wp-block-the-mighty22-tip mighty-tip\"><div class=\"mighty-tip__icon\" aria-hidden=\"true\"><img src=\"data:image\/svg+xml;base64,PHN2ZyB2aWV3Qm94PSIwIDAgNjkgMTAxIiBwcmVzZXJ2ZUFzcGVjdFJhdGlvPSJ4TWlkWU1pZCBtZWV0IiB4bWxucz0iaHR0cDovL3d3dy53My5vcmcvMjAwMC9zdmciPjxwYXRoIGQ9Ik0zNC41LDIwLjcxYy0xNi40MSwwLTI5Ljc3LDEzLjM2LTI5Ljc3LDI5Ljc5LDAsMTUuMjMsMTQuMTksMjIuNjgsMTQuMTksMzEuNTZ2OS42N2MwLDUuMTEsNC4xNiw5LjI3LDkuMjcsOS4yN2gxMi42MmM1LjExLDAsOS4yNy00LjE2LDkuMjctOS4yN3YtOS42N2MwLTguODgsMTQuMTktMTYuMzMsMTQuMTktMzEuNTYsMC0xNi40Mi0xMy4zNS0yOS43OS0yOS43Ny0yOS43OVpNNDQuMTYsOTEuNzNjMCwxLjg1LTEuNSwzLjM1LTMuMzUsMy4zNWgtMTIuNjJjLTEuODUsMC0zLjM1LTEuNS0zLjM1LTMuMzV2LTYuNzFoMTkuMzJ2Ni43MVpNNDQuNDcsNzkuMWgtNy4wMXYtMTEuOTNjMy42Ni0xLjI0LDYuMzEtNC43MSw2LjMxLTguNzgsMC0xLjYzLTEuMzItMi45Ni0yLjk2LTIuOTZzLTIuOTYsMS4zMi0yLjk2LDIuOTZjMCwxLjg1LTEuNSwzLjM1LTMuMzUsMy4zNXMtMy4zNS0xLjUtMy4zNS0zLjM1YzAtMS42My0xLjMyLTIuOTYtMi45Ni0yLjk2cy0yLjk2LDEuMzItMi45NiwyLjk2YzAsNC4wOCwyLjY0LDcuNTUsNi4zMSw4Ljc4djExLjkzaC03LjAxYy0yLjA5LTEwLjE3LTEzLjg5LTE2LjcxLTEzLjg5LTI4LjYsMC0xMy4xNiwxMC43LTIzLjg3LDIzLjg1LTIzLjg3czIzLjg2LDEwLjcxLDIzLjg2LDIzLjg3YzAsMTEuODktMTEuODEsMTguNDQtMTMuODksMjguNloiLz48cGF0aCBkPSJNMzQuNSwxNC4wMWMxLjYzLDAsMi45Ni0xLjMzLDIuOTYtMi45NlYyLjk2YzAtMS42My0xLjMyLTIuOTYtMi45Ni0yLjk2cy0yLjk2LDEuMzMtMi45NiwyLjk2djguMDljMCwxLjYzLDEuMzIsMi45NiwyLjk2LDIuOTZaIi8+PHBhdGggZD0iTTExLjM2LDIxLjAzYzEuMTUtMS4xNSwxLjE1LTMuMDMsMC00LjE4bC02LjMxLTYuMzFjLTEuMTUtMS4xNi0zLjAzLTEuMTYtNC4xOCwwLTEuMTYsMS4xNS0xLjE2LDMuMDMsMCw0LjE4bDYuMzEsNi4zMWMxLjE1LDEuMTYsMy4wMywxLjE2LDQuMTgsMFoiLz48cGF0aCBkPSJNNjguMTMsMTAuNTNjLTEuMTYtMS4xNi0zLjAzLTEuMTYtNC4xOCwwbC02LjMxLDYuMzFjLTEuMTUsMS4xNS0xLjE1LDMuMDMsMCw0LjE4LDEuMTYsMS4xNiwzLjAzLDEuMTYsNC4xOCwwbDYuMzEtNi4zMWMxLjE1LTEuMTYsMS4xNS0zLjAzLDAtNC4xOFoiLz48L3N2Zz4=\" alt=\"\" loading=\"lazy\" decoding=\"async\"><\/div><div class=\"mighty-tip__body\"><h3 class=\"mighty-tip__heading\">Tipp<\/h3><div class=\"mighty-tip__text\">T\u00f6bb int\u00e9zm\u00e9ny fizioter\u00e1pi\u00e1t, massz\u00e1zst \u00e9s prevenci\u00f3s programokat is k\u00edn\u00e1l az id\u0151sek sz\u00e1m\u00e1ra.<\/div><\/div><\/section>\n","protected":false},"excerpt":{"rendered":"<p>Tippek az eg\u00e9szs\u00e9ges \u00e9letm\u00f3dhoz id\u0151seknek: Eg\u00e9szs\u00e9g\u00fcgyi int\u00e9zm\u00e9nyek list\u00e1ja Kom\u00e1romban:<\/p>\n","protected":false},"author":2,"featured_media":860,"parent":523,"menu_order":0,"comment_status":"closed","ping_status":"closed","template":"","meta":{"_acf_changed":false,"footnotes":""},"hlavna-kategoria":[],"class_list":["post-538","page","type-page","status-publish","has-post-thumbnail","hentry"],"acf":[],"_links":{"self":[{"href":"https:\/\/komlife.eu\/hu\/wp-json\/wp\/v2\/pages\/538","targetHints":{"allow":["GET"]}}],"collection":[{"href":"https:\/\/komlife.eu\/hu\/wp-json\/wp\/v2\/pages"}],"about":[{"href":"https:\/\/komlife.eu\/hu\/wp-json\/wp\/v2\/types\/page"}],"author":[{"embeddable":true,"href":"https:\/\/komlife.eu\/hu\/wp-json\/wp\/v2\/users\/2"}],"replies":[{"embeddable":true,"href":"https:\/\/komlife.eu\/hu\/wp-json\/wp\/v2\/comments?post=538"}],"version-history":[{"count":0,"href":"https:\/\/komlife.eu\/hu\/wp-json\/wp\/v2\/pages\/538\/revisions"}],"up":[{"embeddable":true,"href":"https:\/\/komlife.eu\/hu\/wp-json\/wp\/v2\/pages\/523"}],"wp:featuredmedia":[{"embeddable":true,"href":"https:\/\/komlife.eu\/hu\/wp-json\/wp\/v2\/media\/860"}],"wp:attachment":[{"href":"https:\/\/komlife.eu\/hu\/wp-json\/wp\/v2\/media?parent=538"}],"wp:term":[{"taxonomy":"hlavna-kategoria","embeddable":true,"href":"https:\/\/komlife.eu\/hu\/wp-json\/wp\/v2\/hlavna-kategoria?post=538"}],"curies":[{"name":"wp","href":"https:\/\/api.w.org\/{rel}","templated":true}]}}