{"id":532,"date":"2025-09-16T15:34:39","date_gmt":"2025-09-16T13:34:39","guid":{"rendered":"https:\/\/komlife.22projects.sk\/csaladi-gondoskodas\/idosek\/szabadido\/"},"modified":"2026-02-06T13:28:36","modified_gmt":"2026-02-06T12:28:36","slug":"szabadido","status":"publish","type":"page","link":"https:\/\/komlife.eu\/hu\/csaladi-gondoskodas\/idosek\/szabadido\/","title":{"rendered":"Szabadid\u0151"},"content":{"rendered":"\n<h3 class=\"wp-block-heading\">Senior k\u00e1rtya<\/h3>\n\n<p>Kom\u00e1rom v\u00e1rosa a <strong>Senior k\u00e1rty\u00e1n<\/strong> kereszt\u00fcl t\u00e1mogatja id\u0151sebb lak\u00f3it, amely t\u00f6bbf\u00e9le el\u0151nyt biztos\u00edt:<\/p>\n\n<ul class=\"wp-block-list\">\n<li><strong>Ingyenes bel\u00e9p\u00e9s minden szerd\u00e1n 11:00 \u00e9s 13:00 \u00f3ra k\u00f6z\u00f6tt<\/strong> a Kom\u00e1romi Term\u00e1lf\u00fcrd\u0151be \u2013 a pihen\u0151 \u00e9s relax\u00e1l\u00f3 \u00fcl\u0151medenc\u00e9kbe<\/li>\n\n\n\n<li><strong>50% kedvezm\u00e9ny a mozijegyek \u00e1r\u00e1b\u00f3l<\/strong><\/li>\n\n\n\n<li>50% kedvezm\u00e9ny az Egressy B\u00e9ni V\u00e1rosi M\u0171vel\u0151d\u00e9si K\u00f6zpont saj\u00e1t el\u0151ad\u00e1saira<\/li>\n<\/ul>\n\n<p>A Senior k\u00e1rtya tulajdonosa lehet minden nappali k\u00f6zpont \u2013 nyugd\u00edjasklub tag.<br\/>Kom\u00e1rno-ban <strong>h\u00e1rom klub m\u0171k\u00f6dik:<\/strong><\/p>\n\n<section class=\"wp-block-the-mighty22-contacts-grid contacts-grid\" style=\"--grid-columns:3\">\n<article class=\"wp-block-the-mighty22-contact-card contact-card\"><header class=\"contact-card__header\"><h4 class=\"contact-card__name\">Kom\u00e1romi Nyugd\u00edjas Klub<\/h4><\/header><div class=\"contact-card__addresses\"><div class=\"contact-card__address\"><span class=\"contact-card__icon contact-card__icon--address\"><svg xmlns=\"http:\/\/www.w3.org\/2000\/svg\" width=\"22\" height=\"30\" viewbox=\"0 0 22 30\" fill=\"none\"><path d=\"M11 0C4.93457 0 0 4.87395 0 10.8648C0 18.2997 9.84392 29.2145 10.263 29.6755C10.6567 30.1086 11.344 30.1078 11.737 29.6755C12.1561 29.2145 22 18.2997 22 10.8648C21.9999 4.87395 17.0654 0 11 0ZM11 16.3312C7.94833 16.3312 5.46568 13.879 5.46568 10.8648C5.46568 7.85063 7.94839 5.39848 11 5.39848C14.0516 5.39848 16.5343 7.85069 16.5343 10.8649C16.5343 13.8791 14.0516 16.3312 11 16.3312Z\" fill=\"#0E2433\"><\/path><\/svg><\/span><address class=\"contact-card__address-text\">N\u00e1m. Kossutha 3, 945 01 Kom\u00e1rno<\/address><\/div><\/div><div class=\"contact-card__phones\"><div class=\"contact-card__phone\"><span class=\"contact-card__icon contact-card__icon--mobile\"><svg xmlns=\"http:\/\/www.w3.org\/2000\/svg\" width=\"17\" height=\"30\" viewbox=\"0 0 17 30\" fill=\"none\"><path d=\"M14.8144 0H2.18374C0.975814 0 0 0.979012 0 2.18621V27.8166C0 29.02 0.975814 30 2.18374 30H14.8144C16.0204 30 17 29.021 17 27.8166V2.18621C16.9991 0.979012 16.0204 0 14.8144 0ZM15.362 24.3068H1.63804V3.68787H15.362V24.3068ZM11.4274 2.2184H5.57161V1.58024H11.4284L11.4274 2.2184ZM13.9333 1.92678C13.9333 2.23544 13.6813 2.4854 13.3734 2.4854C13.0645 2.4854 12.8135 2.2345 12.8135 1.92678C12.8135 1.61906 13.0645 1.36816 13.3734 1.36816C13.6822 1.36721 13.9333 1.61812 13.9333 1.92678ZM11.165 27.6708H5.83214V26.0309H11.165V27.6708Z\" fill=\"#0E2433\"><\/path><\/svg><\/span><a class=\"contact-card__phone-link\" href=\"tel:+421357702705\" target=\"_blank\" rel=\"noopener noreferrer\">+421 35 770 27 05<\/a><\/div><\/div><div class=\"contact-card__websites\"><div class=\"contact-card__website\"><span class=\"contact-card__icon contact-card__icon--website\"><svg xmlns=\"http:\/\/www.w3.org\/2000\/svg\" width=\"22\" height=\"23\" viewbox=\"0 0 22 23\" fill=\"none\"><path d=\"M14.9333 6.75556H7.06667C7.73333 2.8 9.24444 0 11.0222 0C12.7556 0 14.3111 2.8 14.9333 6.75556ZM6.75556 11.0222C6.75556 10.0444 6.8 9.11111 6.88889 8.17778H15.1111C15.2 9.11111 15.2444 10.0444 15.2444 11.0222C15.2444 12.0444 15.2 12.9778 15.1111 13.8667H6.88889C6.8 12.9778 6.75556 12.0444 6.75556 11.0222ZM21.1556 6.75556H16.3556C15.9556 4.26667 15.2444 2 14.1333 0.488889C17.3333 1.42222 19.9111 3.77778 21.1556 6.75556ZM7.86667 0.488889C6.75556 2 6.04444 4.26667 5.64444 6.75556H0.844444C2.08889 3.77778 4.66667 1.42222 7.86667 0.488889ZM21.6444 8.17778C21.8667 9.11111 22 10.0444 22 11.0222C22 12.0444 21.8667 12.9778 21.6444 13.8667H16.5333C16.6222 12.9333 16.7111 12 16.7111 11.0222C16.7111 10.0889 16.6222 9.11111 16.5333 8.17778H21.6444ZM5.33333 11.0222C5.33333 12 5.37778 12.9333 5.46667 13.8667H0.355556C0.133333 12.9778 0 12.0444 0 11.0222C0 10.0444 0.133333 9.11111 0.355556 8.17778H5.46667C5.37778 9.11111 5.33333 10.0889 5.33333 11.0222ZM7.06667 15.2889H14.9333C14.3111 19.2889 12.7556 22.0444 11.0222 22.0444C9.24444 22.0444 7.73333 19.2889 7.06667 15.2889ZM14.1333 21.6C15.2444 20.0889 16 17.8222 16.3556 15.2889H21.1556C19.9111 18.3111 17.3333 20.6667 14.1333 21.6ZM0.844444 15.2889H5.64444C6.04444 17.8222 6.75556 20.0889 7.86667 21.6C4.66667 20.6667 2.08889 18.3111 0.844444 15.2889Z\" fill=\"#0E2433\"><\/path><\/svg><\/span><a class=\"contact-card__website-link\" href=\"https:\/\/facebook.com\/61586740348299\" target=\"_blank\" rel=\"noopener noreferrer\">facebook.com\/61586740348299<\/a><\/div><\/div><\/article>\n\n\n\n<article class=\"wp-block-the-mighty22-contact-card contact-card\"><header class=\"contact-card__header\"><h4 class=\"contact-card__name\">Kavai Nyugd\u00edjas Klub<\/h4><\/header><div class=\"contact-card__addresses\"><div class=\"contact-card__address\"><span class=\"contact-card__icon contact-card__icon--address\"><svg xmlns=\"http:\/\/www.w3.org\/2000\/svg\" width=\"22\" height=\"30\" viewbox=\"0 0 22 30\" fill=\"none\"><path d=\"M11 0C4.93457 0 0 4.87395 0 10.8648C0 18.2997 9.84392 29.2145 10.263 29.6755C10.6567 30.1086 11.344 30.1078 11.737 29.6755C12.1561 29.2145 22 18.2997 22 10.8648C21.9999 4.87395 17.0654 0 11 0ZM11 16.3312C7.94833 16.3312 5.46568 13.879 5.46568 10.8648C5.46568 7.85063 7.94839 5.39848 11 5.39848C14.0516 5.39848 16.5343 7.85069 16.5343 10.8649C16.5343 13.8791 14.0516 16.3312 11 16.3312Z\" fill=\"#0E2433\"><\/path><\/svg><\/span><address class=\"contact-card__address-text\">Kult\u00farh\u00e1z Kava &#8211; Kult\u00farny dom Kava &#8211; Hlavn\u00e1 ul., 945 01 Kom\u00e1rno<\/address><\/div><\/div><div class=\"contact-card__phones contact-card__phones--mobile\"><div class=\"contact-card__phone\"><span class=\"contact-card__icon contact-card__icon--mobile\"><svg xmlns=\"http:\/\/www.w3.org\/2000\/svg\" width=\"17\" height=\"30\" viewbox=\"0 0 17 30\" fill=\"none\"><path d=\"M14.8144 0H2.18374C0.975814 0 0 0.979012 0 2.18621V27.8166C0 29.02 0.975814 30 2.18374 30H14.8144C16.0204 30 17 29.021 17 27.8166V2.18621C16.9991 0.979012 16.0204 0 14.8144 0ZM15.362 24.3068H1.63804V3.68787H15.362V24.3068ZM11.4274 2.2184H5.57161V1.58024H11.4284L11.4274 2.2184ZM13.9333 1.92678C13.9333 2.23544 13.6813 2.4854 13.3734 2.4854C13.0645 2.4854 12.8135 2.2345 12.8135 1.92678C12.8135 1.61906 13.0645 1.36816 13.3734 1.36816C13.6822 1.36721 13.9333 1.61812 13.9333 1.92678ZM11.165 27.6708H5.83214V26.0309H11.165V27.6708Z\" fill=\"#0E2433\"><\/path><\/svg><\/span><a class=\"contact-card__phone-link\" href=\"tel:0907260565\" target=\"_blank\" rel=\"noopener noreferrer\">0907 260 565  <\/a><\/div><\/div><\/article>\n\n\n\n<article class=\"wp-block-the-mighty22-contact-card contact-card\"><header class=\"contact-card__header\"><h4 class=\"contact-card__name\">Kavai Nyugd\u00edjas Klub<\/h4><\/header><div class=\"contact-card__addresses\"><div class=\"contact-card__address\"><span class=\"contact-card__icon contact-card__icon--address\"><svg xmlns=\"http:\/\/www.w3.org\/2000\/svg\" width=\"22\" height=\"30\" viewbox=\"0 0 22 30\" fill=\"none\"><path d=\"M11 0C4.93457 0 0 4.87395 0 10.8648C0 18.2997 9.84392 29.2145 10.263 29.6755C10.6567 30.1086 11.344 30.1078 11.737 29.6755C12.1561 29.2145 22 18.2997 22 10.8648C21.9999 4.87395 17.0654 0 11 0ZM11 16.3312C7.94833 16.3312 5.46568 13.879 5.46568 10.8648C5.46568 7.85063 7.94839 5.39848 11 5.39848C14.0516 5.39848 16.5343 7.85069 16.5343 10.8649C16.5343 13.8791 14.0516 16.3312 11 16.3312Z\" fill=\"#0E2433\"><\/path><\/svg><\/span><address class=\"contact-card__address-text\">Vn\u00fatorn\u00e1 ul. 26, 945 04 Nov\u00e1 Str\u00e1\u017e<\/address><\/div><\/div><div class=\"contact-card__phones contact-card__phones--mobile\"><div class=\"contact-card__phone\"><span class=\"contact-card__icon contact-card__icon--mobile\"><svg xmlns=\"http:\/\/www.w3.org\/2000\/svg\" width=\"17\" height=\"30\" viewbox=\"0 0 17 30\" fill=\"none\"><path d=\"M14.8144 0H2.18374C0.975814 0 0 0.979012 0 2.18621V27.8166C0 29.02 0.975814 30 2.18374 30H14.8144C16.0204 30 17 29.021 17 27.8166V2.18621C16.9991 0.979012 16.0204 0 14.8144 0ZM15.362 24.3068H1.63804V3.68787H15.362V24.3068ZM11.4274 2.2184H5.57161V1.58024H11.4284L11.4274 2.2184ZM13.9333 1.92678C13.9333 2.23544 13.6813 2.4854 13.3734 2.4854C13.0645 2.4854 12.8135 2.2345 12.8135 1.92678C12.8135 1.61906 13.0645 1.36816 13.3734 1.36816C13.6822 1.36721 13.9333 1.61812 13.9333 1.92678ZM11.165 27.6708H5.83214V26.0309H11.165V27.6708Z\" fill=\"#0E2433\"><\/path><\/svg><\/span><a class=\"contact-card__phone-link\" href=\"tel:0908465351\" target=\"_blank\" rel=\"noopener noreferrer\">0908 465 351<\/a><\/div><\/div><\/article>\n<\/section>\n\n<p>Ezek a k\u00f6zpontok rendszeresen szerveznek t\u00e1rsas\u00e1gi \u00f6sszej\u00f6veteleket, el\u0151ad\u00e1sokat, kreat\u00edv m\u0171helyeket, \u00fcnnepi programokat \u00e9s k\u00f6z\u00f6s kir\u00e1ndul\u00e1sokat.<\/p>\n\n<figure class=\"wp-block-image size-large\"><img fetchpriority=\"high\" decoding=\"async\" width=\"1024\" height=\"682\" src=\"https:\/\/komlife.eu\/wp-content\/uploads\/2025\/10\/vmk-nagyterem1-Egyedi-1024x682.jpg\" alt=\"\" class=\"wp-image-1048\" srcset=\"https:\/\/komlife.eu\/wp-content\/uploads\/2025\/10\/vmk-nagyterem1-Egyedi-1024x682.jpg 1024w, https:\/\/komlife.eu\/wp-content\/uploads\/2025\/10\/vmk-nagyterem1-Egyedi-300x200.jpg 300w, https:\/\/komlife.eu\/wp-content\/uploads\/2025\/10\/vmk-nagyterem1-Egyedi-768x512.jpg 768w, https:\/\/komlife.eu\/wp-content\/uploads\/2025\/10\/vmk-nagyterem1-Egyedi.jpg 1280w\" sizes=\"(max-width: 1024px) 100vw, 1024px\" \/><\/figure>\n\n<h3 class=\"wp-block-heading\"><br\/><strong>Kult\u00far\u00e1lis rendezv\u00e9nyek<\/strong><\/h3>\n\n<p>A v\u00e1ros kultur\u00e1lis \u00e9let\u00e9ben az id\u0151sek is akt\u00edvan r\u00e9szt vehetnek:<\/p>\n\n<ul class=\"wp-block-list\">\n<li><strong>Egressy B\u00e9ni V\u00e1rosi M\u0171vel\u0151d\u00e9si K\u00f6zpont<\/strong> \u2013 sz\u00ednh\u00e1zi el\u0151ad\u00e1sok, koncertek, folkl\u00f3rprogramok<\/li>\n\n\n\n<li><strong>Duna Menti M\u00fazeum <\/strong>\u2013 ki\u00e1ll\u00edt\u00e1sok a r\u00e9gi\u00f3 t\u00f6rt\u00e9nelm\u00e9r\u0151l \u00e9s kult\u00far\u00e1j\u00e1r\u00f3l<\/li>\n\n\n\n<li><strong>Ny\u00e1ri fesztiv\u00e1lok<\/strong> \u2013 p\u00e9ld\u00e1ul a Kom\u00e1romi Napok vagy k\u00fcl\u00f6nb\u00f6z\u0151 zenei \u00e9s gasztron\u00f3miai esem\u00e9nyek<\/li>\n<\/ul>\n\n<figure class=\"wp-block-image size-large\"><img decoding=\"async\" width=\"1024\" height=\"576\" src=\"https:\/\/komlife.eu\/wp-content\/uploads\/2025\/10\/podunajske_muzeum-1024x576.jpg\" alt=\"\" class=\"wp-image-673\" srcset=\"https:\/\/komlife.eu\/wp-content\/uploads\/2025\/10\/podunajske_muzeum-1024x576.jpg 1024w, https:\/\/komlife.eu\/wp-content\/uploads\/2025\/10\/podunajske_muzeum-300x169.jpg 300w, https:\/\/komlife.eu\/wp-content\/uploads\/2025\/10\/podunajske_muzeum-768x432.jpg 768w, https:\/\/komlife.eu\/wp-content\/uploads\/2025\/10\/podunajske_muzeum.jpg 1200w\" sizes=\"(max-width: 1024px) 100vw, 1024px\" \/><\/figure>\n\n<h3 class=\"wp-block-heading\">Kikapcsol\u00f3d\u00e1s a term\u00e9szetben<\/h3>\n\n<p>A felt\u00f6lt\u0151d\u00e9shez \u00e9s a kellemes k\u00f6rnyezetben v\u00e9gzett mozg\u00e1shoz a k\u00f6vetkez\u0151k \u00e1llnak rendelkez\u00e9sre:<\/p>\n\n<ul class=\"wp-block-list\">\n<li><strong>V\u00e1rosi park<\/strong> \u2013 ide\u00e1lis s\u00e9t\u00e1khoz \u00e9s pihen\u00e9shez<\/li>\n\n\n\n<li>Duna-g\u00e1t \u2013 s\u00e9talehet\u0151s\u00e9g foly\u00f3parti kil\u00e1t\u00e1ssal<\/li>\n\n\n\n<li><strong>Anglia Park<\/strong> \u2013 csendes z\u00f3na kikapcsol\u00f3d\u00e1sra \u00e9s relax\u00e1ci\u00f3ra<\/li>\n<\/ul>\n\n<p>Sok m\u00e1s egy\u00e9b mellett&#8230;<br\/><\/p>\n\n<h3 class=\"wp-block-heading\">Tanul\u00e1s \u00e9s fejl\u0151d\u00e9s<\/h3>\n\n<p>Azok az id\u0151sek, akik sz\u00edvesen tanulnak \u00faj dolgokat, k\u00fcl\u00f6nf\u00e9le programokhoz csatlakozhatnak: nyelvtanfolyamok, sz\u00e1m\u00edt\u00f3g\u00e9pes k\u00e9pz\u00e9sek, el\u0151ad\u00e1sok \u00e9s k\u00e9zm\u0171ves foglalkoz\u00e1sok.<\/p>\n\n<p>A Szinnyei J\u00f3zsef K\u00f6nyvt\u00e1r p\u00e9ld\u00e1ul nemcsak gazdag k\u00f6nyv- \u00e9s foly\u00f3iratv\u00e1laszt\u00e9kkal v\u00e1rja a l\u00e1togat\u00f3kat, hanem irodalmi esteket, el\u0151ad\u00e1sokat, klubfoglalkoz\u00e1sokat \u00e9s workshopokat is szervez, kifejezetten id\u0151sek sz\u00e1m\u00e1ra.<\/p>\n","protected":false},"excerpt":{"rendered":"<p>Senior k\u00e1rtya Kom\u00e1rom v\u00e1rosa a Senior k\u00e1rty\u00e1n kereszt\u00fcl t\u00e1mogatja id\u0151sebb lak\u00f3it, amely t\u00f6bbf\u00e9le el\u0151nyt biztos\u00edt: A Senior k\u00e1rtya tulajdonosa lehet minden nappali k\u00f6zpont \u2013 nyugd\u00edjasklub tag.Kom\u00e1rno-ban h\u00e1rom klub m\u0171k\u00f6dik: Ezek a k\u00f6zpontok rendszeresen szerveznek t\u00e1rsas\u00e1gi \u00f6sszej\u00f6veteleket, el\u0151ad\u00e1sokat, kreat\u00edv m\u0171helyeket, \u00fcnnepi programokat \u00e9s k\u00f6z\u00f6s kir\u00e1ndul\u00e1sokat. Kult\u00far\u00e1lis rendezv\u00e9nyek A v\u00e1ros kultur\u00e1lis \u00e9let\u00e9ben az id\u0151sek is akt\u00edvan r\u00e9szt [&hellip;]<\/p>\n","protected":false},"author":2,"featured_media":860,"parent":523,"menu_order":0,"comment_status":"closed","ping_status":"closed","template":"","meta":{"_acf_changed":false,"footnotes":""},"hlavna-kategoria":[],"class_list":["post-532","page","type-page","status-publish","has-post-thumbnail","hentry"],"acf":[],"_links":{"self":[{"href":"https:\/\/komlife.eu\/hu\/wp-json\/wp\/v2\/pages\/532","targetHints":{"allow":["GET"]}}],"collection":[{"href":"https:\/\/komlife.eu\/hu\/wp-json\/wp\/v2\/pages"}],"about":[{"href":"https:\/\/komlife.eu\/hu\/wp-json\/wp\/v2\/types\/page"}],"author":[{"embeddable":true,"href":"https:\/\/komlife.eu\/hu\/wp-json\/wp\/v2\/users\/2"}],"replies":[{"embeddable":true,"href":"https:\/\/komlife.eu\/hu\/wp-json\/wp\/v2\/comments?post=532"}],"version-history":[{"count":2,"href":"https:\/\/komlife.eu\/hu\/wp-json\/wp\/v2\/pages\/532\/revisions"}],"predecessor-version":[{"id":1879,"href":"https:\/\/komlife.eu\/hu\/wp-json\/wp\/v2\/pages\/532\/revisions\/1879"}],"up":[{"embeddable":true,"href":"https:\/\/komlife.eu\/hu\/wp-json\/wp\/v2\/pages\/523"}],"wp:featuredmedia":[{"embeddable":true,"href":"https:\/\/komlife.eu\/hu\/wp-json\/wp\/v2\/media\/860"}],"wp:attachment":[{"href":"https:\/\/komlife.eu\/hu\/wp-json\/wp\/v2\/media?parent=532"}],"wp:term":[{"taxonomy":"hlavna-kategoria","embeddable":true,"href":"https:\/\/komlife.eu\/hu\/wp-json\/wp\/v2\/hlavna-kategoria?post=532"}],"curies":[{"name":"wp","href":"https:\/\/api.w.org\/{rel}","templated":true}]}}