{"id":529,"date":"2025-09-16T15:43:59","date_gmt":"2025-09-16T13:43:59","guid":{"rendered":"https:\/\/komlife.22projects.sk\/csaladi-gondoskodas\/idosek\/sport\/"},"modified":"2025-11-20T15:51:15","modified_gmt":"2025-11-20T14:51:15","slug":"sport","status":"publish","type":"page","link":"https:\/\/komlife.eu\/hu\/csaladi-gondoskodas\/idosek\/sport\/","title":{"rendered":"Sport"},"content":{"rendered":"\n<h3 class=\"wp-block-heading\">Sportol\u00e1si lehet\u0151s\u00e9gek a komsport.eu oldalon<\/h3>\n\n<div class=\"wp-block-columns is-layout-flex wp-container-core-columns-is-layout-28f84493 wp-block-columns-is-layout-flex\">\n<div class=\"wp-block-column is-layout-flow wp-block-column-is-layout-flow\">\n<p>A <strong>komsport.eu<\/strong> port\u00e1lon naprak\u00e9sz \u00e1ttekint\u00e9st tal\u00e1l a sportklubokr\u00f3l \u00e9s az id\u0151seknek sz\u00f3l\u00f3 mozg\u00e1sform\u00e1kr\u00f3l. A legn\u00e9pszer\u0171bbek k\u00f6z\u00e9 tartoznak: <\/p>\n\n\n\n<ul class=\"wp-block-list\">\n<li>\u00dasz\u00e1s \u00e9s v\u00edzi aerobik<\/li>\n\n\n\n<li>J\u00f3ga \u00e9s ny\u00fajt\u00f3gyakorlatok id\u0151seknek<\/li>\n\n\n\n<li>Nordic walking a ker\u00e9kp\u00e1rutakon<\/li>\n\n\n\n<li>Gerinctorn\u00e1k a sportcsarnokokban<\/li>\n<\/ul>\n\n\n\n<div class=\"wp-block-buttons is-layout-flex wp-block-buttons-is-layout-flex\">\n<div class=\"wp-block-button\"><a class=\"wp-block-button__link wp-element-button\" href=\"https:\/\/komsport.eu\/sk\/sport\/?senior=1\">Tudjon meg t\u00f6bbet<\/a><\/div>\n<\/div>\n<\/div>\n\n\n\n<div class=\"wp-block-column is-layout-flow wp-block-column-is-layout-flow\">\n<figure class=\"wp-block-image size-large\"><img decoding=\"async\" src=\"https:\/\/komlife.eu\/wp-content\/uploads\/2025\/10\/mature-female-training-in-park-nordic-walking-wit-2025-04-04-19-24-07-utc-653x1024.jpg\" alt=\"\" class=\"wp-image-668\" style=\"aspect-ratio:3\/4;object-fit:cover\"\/><\/figure>\n<\/div>\n<\/div>\n\n<section class=\"wp-block-the-mighty22-tip mighty-tip\"><div class=\"mighty-tip__icon\" aria-hidden=\"true\"><img src=\"data:image\/svg+xml;base64,PHN2ZyB2aWV3Qm94PSIwIDAgNjkgMTAxIiBwcmVzZXJ2ZUFzcGVjdFJhdGlvPSJ4TWlkWU1pZCBtZWV0IiB4bWxucz0iaHR0cDovL3d3dy53My5vcmcvMjAwMC9zdmciPjxwYXRoIGQ9Ik0zNC41LDIwLjcxYy0xNi40MSwwLTI5Ljc3LDEzLjM2LTI5Ljc3LDI5Ljc5LDAsMTUuMjMsMTQuMTksMjIuNjgsMTQuMTksMzEuNTZ2OS42N2MwLDUuMTEsNC4xNiw5LjI3LDkuMjcsOS4yN2gxMi42MmM1LjExLDAsOS4yNy00LjE2LDkuMjctOS4yN3YtOS42N2MwLTguODgsMTQuMTktMTYuMzMsMTQuMTktMzEuNTYsMC0xNi40Mi0xMy4zNS0yOS43OS0yOS43Ny0yOS43OVpNNDQuMTYsOTEuNzNjMCwxLjg1LTEuNSwzLjM1LTMuMzUsMy4zNWgtMTIuNjJjLTEuODUsMC0zLjM1LTEuNS0zLjM1LTMuMzV2LTYuNzFoMTkuMzJ2Ni43MVpNNDQuNDcsNzkuMWgtNy4wMXYtMTEuOTNjMy42Ni0xLjI0LDYuMzEtNC43MSw2LjMxLTguNzgsMC0xLjYzLTEuMzItMi45Ni0yLjk2LTIuOTZzLTIuOTYsMS4zMi0yLjk2LDIuOTZjMCwxLjg1LTEuNSwzLjM1LTMuMzUsMy4zNXMtMy4zNS0xLjUtMy4zNS0zLjM1YzAtMS42My0xLjMyLTIuOTYtMi45Ni0yLjk2cy0yLjk2LDEuMzItMi45NiwyLjk2YzAsNC4wOCwyLjY0LDcuNTUsNi4zMSw4Ljc4djExLjkzaC03LjAxYy0yLjA5LTEwLjE3LTEzLjg5LTE2LjcxLTEzLjg5LTI4LjYsMC0xMy4xNiwxMC43LTIzLjg3LDIzLjg1LTIzLjg3czIzLjg2LDEwLjcxLDIzLjg2LDIzLjg3YzAsMTEuODktMTEuODEsMTguNDQtMTMuODksMjguNloiLz48cGF0aCBkPSJNMzQuNSwxNC4wMWMxLjYzLDAsMi45Ni0xLjMzLDIuOTYtMi45NlYyLjk2YzAtMS42My0xLjMyLTIuOTYtMi45Ni0yLjk2cy0yLjk2LDEuMzMtMi45NiwyLjk2djguMDljMCwxLjYzLDEuMzIsMi45NiwyLjk2LDIuOTZaIi8+PHBhdGggZD0iTTExLjM2LDIxLjAzYzEuMTUtMS4xNSwxLjE1LTMuMDMsMC00LjE4bC02LjMxLTYuMzFjLTEuMTUtMS4xNi0zLjAzLTEuMTYtNC4xOCwwLTEuMTYsMS4xNS0xLjE2LDMuMDMsMCw0LjE4bDYuMzEsNi4zMWMxLjE1LDEuMTYsMy4wMywxLjE2LDQuMTgsMFoiLz48cGF0aCBkPSJNNjguMTMsMTAuNTNjLTEuMTYtMS4xNi0zLjAzLTEuMTYtNC4xOCwwbC02LjMxLDYuMzFjLTEuMTUsMS4xNS0xLjE1LDMuMDMsMCw0LjE4LDEuMTYsMS4xNiwzLjAzLDEuMTYsNC4xOCwwbDYuMzEtNi4zMWMxLjE1LTEuMTYsMS4xNS0zLjAzLDAtNC4xOFoiLz48L3N2Zz4=\" alt=\"\" loading=\"lazy\" decoding=\"async\"><\/div><div class=\"mighty-tip__body\"><h3 class=\"mighty-tip__heading\">Tipp<\/h3><div class=\"mighty-tip__text\">A heti 3\u20134 alkalommal v\u00e9gzett, rendszeres mozg\u00e1s jelent\u0151sen jav\u00edthatja az eg\u00e9szs\u00e9get, er\u0151s\u00edtheti a sz\u00edvet \u00e9s jobb hangulatot eredm\u00e9nyezhet.<\/div><\/div><\/section>\n","protected":false},"excerpt":{"rendered":"<p>Sportol\u00e1si lehet\u0151s\u00e9gek a komsport.eu oldalon A komsport.eu port\u00e1lon naprak\u00e9sz \u00e1ttekint\u00e9st tal\u00e1l a sportklubokr\u00f3l \u00e9s az id\u0151seknek sz\u00f3l\u00f3 mozg\u00e1sform\u00e1kr\u00f3l. A legn\u00e9pszer\u0171bbek k\u00f6z\u00e9 tartoznak:<\/p>\n","protected":false},"author":2,"featured_media":860,"parent":523,"menu_order":0,"comment_status":"closed","ping_status":"closed","template":"","meta":{"_acf_changed":false,"footnotes":""},"hlavna-kategoria":[],"class_list":["post-529","page","type-page","status-publish","has-post-thumbnail","hentry"],"acf":[],"_links":{"self":[{"href":"https:\/\/komlife.eu\/hu\/wp-json\/wp\/v2\/pages\/529","targetHints":{"allow":["GET"]}}],"collection":[{"href":"https:\/\/komlife.eu\/hu\/wp-json\/wp\/v2\/pages"}],"about":[{"href":"https:\/\/komlife.eu\/hu\/wp-json\/wp\/v2\/types\/page"}],"author":[{"embeddable":true,"href":"https:\/\/komlife.eu\/hu\/wp-json\/wp\/v2\/users\/2"}],"replies":[{"embeddable":true,"href":"https:\/\/komlife.eu\/hu\/wp-json\/wp\/v2\/comments?post=529"}],"version-history":[{"count":0,"href":"https:\/\/komlife.eu\/hu\/wp-json\/wp\/v2\/pages\/529\/revisions"}],"up":[{"embeddable":true,"href":"https:\/\/komlife.eu\/hu\/wp-json\/wp\/v2\/pages\/523"}],"wp:featuredmedia":[{"embeddable":true,"href":"https:\/\/komlife.eu\/hu\/wp-json\/wp\/v2\/media\/860"}],"wp:attachment":[{"href":"https:\/\/komlife.eu\/hu\/wp-json\/wp\/v2\/media?parent=529"}],"wp:term":[{"taxonomy":"hlavna-kategoria","embeddable":true,"href":"https:\/\/komlife.eu\/hu\/wp-json\/wp\/v2\/hlavna-kategoria?post=529"}],"curies":[{"name":"wp","href":"https:\/\/api.w.org\/{rel}","templated":true}]}}