{"id":525,"date":"2025-09-16T15:17:46","date_gmt":"2025-09-16T13:17:46","guid":{"rendered":"https:\/\/komlife.22projects.sk\/csaladi-gondoskodas\/idosek\/idosotthonok\/"},"modified":"2025-11-20T16:02:12","modified_gmt":"2025-11-20T15:02:12","slug":"idosotthonok","status":"publish","type":"page","link":"https:\/\/komlife.eu\/hu\/csaladi-gondoskodas\/idosek\/idosotthonok\/","title":{"rendered":"Id\u0151sotthonok"},"content":{"rendered":"\n<div class=\"wp-block-columns is-layout-flex wp-container-core-columns-is-layout-28f84493 wp-block-columns-is-layout-flex\">\n<div class=\"wp-block-column is-layout-flow wp-block-column-is-layout-flow\">\n<p>Mit ny\u00fajtanak az id\u0151sotthonok:<\/p>\n\n\n\n<ul class=\"wp-block-list\">\n<li><strong>Teljes k\u00f6r\u0171 gondoz\u00e1st<\/strong> \u2013 seg\u00edts\u00e9get a mindennapi tev\u00e9kenys\u00e9gekben, \u00e9tkeztet\u00e9sben \u00e9s higi\u00e9niai ell\u00e1t\u00e1sban<\/li>\n\n\n\n<li><strong>Eg\u00e9szs\u00e9g\u00fcgyi fel\u00fcgyeletet<\/strong> \u2013 rendszeres vizsg\u00e1latok, egy\u00fcttm\u0171k\u00f6d\u00e9s orvosokkal \u00e9s int\u00e9zm\u00e9nyekkel<\/li>\n\n\n\n<li><strong>K\u00f6z\u00f6ss\u00e9gi programokat<\/strong> \u2013 kultur\u00e1lis \u00e9s szabadid\u0151s esem\u00e9nyek, kreat\u00edv foglalkoz\u00e1sok, el\u0151ad\u00e1sok \u00e9s kir\u00e1ndul\u00e1sok<\/li>\n\n\n\n<li><strong>Biztons\u00e1gos k\u00f6rnyezetet<\/strong> \u2013 akad\u00e1lymentes\u00edtett \u00e9p\u00fcletek, jelz\u0151rendszerek \u00e9s a mozg\u00e1skorl\u00e1tozottak ig\u00e9nyeihez igaz\u00edtott megold\u00e1sok<\/li>\n<\/ul>\n<\/div>\n\n\n\n<div class=\"wp-block-column is-layout-flow wp-block-column-is-layout-flow\">\n<figure class=\"wp-block-image size-large\"><img fetchpriority=\"high\" decoding=\"async\" width=\"1024\" height=\"683\" src=\"https:\/\/komlife.eu\/wp-content\/uploads\/2025\/09\/nurse-giving-daily-medicine-to-seniors-at-nursing-2025-01-07-15-59-17-utc-1024x683.jpg\" alt=\"\" class=\"wp-image-412\" srcset=\"https:\/\/komlife.eu\/wp-content\/uploads\/2025\/09\/nurse-giving-daily-medicine-to-seniors-at-nursing-2025-01-07-15-59-17-utc-1024x683.jpg 1024w, https:\/\/komlife.eu\/wp-content\/uploads\/2025\/09\/nurse-giving-daily-medicine-to-seniors-at-nursing-2025-01-07-15-59-17-utc-300x200.jpg 300w, https:\/\/komlife.eu\/wp-content\/uploads\/2025\/09\/nurse-giving-daily-medicine-to-seniors-at-nursing-2025-01-07-15-59-17-utc-768x512.jpg 768w, https:\/\/komlife.eu\/wp-content\/uploads\/2025\/09\/nurse-giving-daily-medicine-to-seniors-at-nursing-2025-01-07-15-59-17-utc-1536x1024.jpg 1536w, https:\/\/komlife.eu\/wp-content\/uploads\/2025\/09\/nurse-giving-daily-medicine-to-seniors-at-nursing-2025-01-07-15-59-17-utc-2048x1365.jpg 2048w\" sizes=\"(max-width: 1024px) 100vw, 1024px\" \/><\/figure>\n<\/div>\n<\/div>\n\n<p><strong>Id\u0151sotthonok Kom\u00e1romban<\/strong><\/p>\n\n<section class=\"wp-block-the-mighty22-contacts-grid contacts-grid\">\n<article class=\"wp-block-the-mighty22-contact-card contact-card\"><header class=\"contact-card__header\"><h4 class=\"contact-card__name\">N\u00e1ru\u010d n.o.<\/h4><p class=\"contact-card__note description\">Nonprofit szervezet, amely hossz\u00fa t\u00e1v\u00fa gondoz\u00e1st ny\u00fajt egy\u00e9ni odafigyel\u00e9ssel, csal\u00e1dias l\u00e9gk\u00f6rben.<\/p><\/header><div class=\"contact-card__addresses\"><div class=\"contact-card__address\"><span class=\"contact-card__icon contact-card__icon--address\"><svg width=\"22\" height=\"30\" viewbox=\"0 0 22 30\" fill=\"none\" xmlns=\"http:\/\/www.w3.org\/2000\/svg\"><path d=\"M11 0C4.93457 0 0 4.87395 0 10.8648C0 18.2997 9.84392 29.2145 10.263 29.6755C10.6567 30.1086 11.344 30.1078 11.737 29.6755C12.1561 29.2145 22 18.2997 22 10.8648C21.9999 4.87395 17.0654 0 11 0ZM11 16.3312C7.94833 16.3312 5.46568 13.879 5.46568 10.8648C5.46568 7.85063 7.94839 5.39848 11 5.39848C14.0516 5.39848 16.5343 7.85069 16.5343 10.8649C16.5343 13.8791 14.0516 16.3312 11 16.3312Z\" fill=\"#0E2433\"\/><\/svg><\/span><address class=\"contact-card__address-text\">Zv\u00e1ra\u010dsk\u00e1 2678\/19A<br>94501 Kom\u00e1rno<\/address><\/div><\/div><div class=\"contact-card__phones contact-card__phones--mobile\"><div class=\"contact-card__phone\"><span class=\"contact-card__icon contact-card__icon--mobile\"><svg width=\"17\" height=\"30\" viewbox=\"0 0 17 30\" fill=\"none\" xmlns=\"http:\/\/www.w3.org\/2000\/svg\"><path d=\"M14.8144 0H2.18374C0.975814 0 0 0.979012 0 2.18621V27.8166C0 29.02 0.975814 30 2.18374 30H14.8144C16.0204 30 17 29.021 17 27.8166V2.18621C16.9991 0.979012 16.0204 0 14.8144 0ZM15.362 24.3068H1.63804V3.68787H15.362V24.3068ZM11.4274 2.2184H5.57161V1.58024H11.4284L11.4274 2.2184ZM13.9333 1.92678C13.9333 2.23544 13.6813 2.4854 13.3734 2.4854C13.0645 2.4854 12.8135 2.2345 12.8135 1.92678C12.8135 1.61906 13.0645 1.36816 13.3734 1.36816C13.6822 1.36721 13.9333 1.61812 13.9333 1.92678ZM11.165 27.6708H5.83214V26.0309H11.165V27.6708Z\" fill=\"#0E2433\"\/><\/svg><\/span><a class=\"contact-card__phone-link\" href=\"tel:+421903286284\" target=\"_blank\" rel=\"noopener noreferrer\">+421 903 286 284<\/a><\/div><\/div><div class=\"contact-card__emails\"><div class=\"contact-card__email\"><span class=\"contact-card__icon contact-card__icon--email\"><svg width=\"22\" height=\"17\" viewbox=\"0 0 22 17\" fill=\"none\" xmlns=\"http:\/\/www.w3.org\/2000\/svg\"><path d=\"M21.5703 5.45703C21.7422 5.32813 22 5.45703 22 5.67188V14.4375C22 15.5977 21.0547 16.5 19.9375 16.5H2.0625C0.902344 16.5 0 15.5977 0 14.4375V5.67188C0 5.45703 0.214844 5.32813 0.386719 5.45703C1.375 6.23047 2.62109 7.17578 7.00391 10.3555C7.90625 11 9.45313 12.418 11 12.418C12.5039 12.418 14.0938 11 14.9531 10.3555C19.3359 7.17578 20.582 6.23047 21.5703 5.45703ZM11 11C9.96875 11.043 8.55078 9.75391 7.82031 9.23828C2.10547 5.11328 1.67578 4.72656 0.386719 3.69531C0.128906 3.52344 0 3.22266 0 2.87891V2.0625C0 0.945313 0.902344 0 2.0625 0H19.9375C21.0547 0 22 0.945313 22 2.0625V2.87891C22 3.22266 21.8281 3.52344 21.5703 3.69531C20.2813 4.72656 19.8516 5.11328 14.1367 9.23828C13.4063 9.75391 11.9883 11.043 11 11Z\" fill=\"#0E2433\"\/><\/svg><\/span><a class=\"contact-card__email-link\" href=\"mailto:socialnanaruc@gmail.com\" target=\"_blank\" rel=\"noopener noreferrer\">socialnanaruc@gmail.com <\/a><\/div><div class=\"contact-card__email\"><span class=\"contact-card__icon contact-card__icon--email\"><svg width=\"22\" height=\"17\" viewbox=\"0 0 22 17\" fill=\"none\" xmlns=\"http:\/\/www.w3.org\/2000\/svg\"><path d=\"M21.5703 5.45703C21.7422 5.32813 22 5.45703 22 5.67188V14.4375C22 15.5977 21.0547 16.5 19.9375 16.5H2.0625C0.902344 16.5 0 15.5977 0 14.4375V5.67188C0 5.45703 0.214844 5.32813 0.386719 5.45703C1.375 6.23047 2.62109 7.17578 7.00391 10.3555C7.90625 11 9.45313 12.418 11 12.418C12.5039 12.418 14.0938 11 14.9531 10.3555C19.3359 7.17578 20.582 6.23047 21.5703 5.45703ZM11 11C9.96875 11.043 8.55078 9.75391 7.82031 9.23828C2.10547 5.11328 1.67578 4.72656 0.386719 3.69531C0.128906 3.52344 0 3.22266 0 2.87891V2.0625C0 0.945313 0.902344 0 2.0625 0H19.9375C21.0547 0 22 0.945313 22 2.0625V2.87891C22 3.22266 21.8281 3.52344 21.5703 3.69531C20.2813 4.72656 19.8516 5.11328 14.1367 9.23828C13.4063 9.75391 11.9883 11.043 11 11Z\" fill=\"#0E2433\"\/><\/svg><\/span><a class=\"contact-card__email-link\" href=\"mailto:a.lengyelova@naruckn.eu\" target=\"_blank\" rel=\"noopener noreferrer\">a.lengyelova@naruckn.eu<\/a><\/div><\/div><div class=\"contact-card__websites\"><div class=\"contact-card__website\"><span class=\"contact-card__icon contact-card__icon--website\"><svg width=\"22\" height=\"23\" viewbox=\"0 0 22 23\" fill=\"none\" xmlns=\"http:\/\/www.w3.org\/2000\/svg\"><path d=\"M14.9333 6.75556H7.06667C7.73333 2.8 9.24444 0 11.0222 0C12.7556 0 14.3111 2.8 14.9333 6.75556ZM6.75556 11.0222C6.75556 10.0444 6.8 9.11111 6.88889 8.17778H15.1111C15.2 9.11111 15.2444 10.0444 15.2444 11.0222C15.2444 12.0444 15.2 12.9778 15.1111 13.8667H6.88889C6.8 12.9778 6.75556 12.0444 6.75556 11.0222ZM21.1556 6.75556H16.3556C15.9556 4.26667 15.2444 2 14.1333 0.488889C17.3333 1.42222 19.9111 3.77778 21.1556 6.75556ZM7.86667 0.488889C6.75556 2 6.04444 4.26667 5.64444 6.75556H0.844444C2.08889 3.77778 4.66667 1.42222 7.86667 0.488889ZM21.6444 8.17778C21.8667 9.11111 22 10.0444 22 11.0222C22 12.0444 21.8667 12.9778 21.6444 13.8667H16.5333C16.6222 12.9333 16.7111 12 16.7111 11.0222C16.7111 10.0889 16.6222 9.11111 16.5333 8.17778H21.6444ZM5.33333 11.0222C5.33333 12 5.37778 12.9333 5.46667 13.8667H0.355556C0.133333 12.9778 0 12.0444 0 11.0222C0 10.0444 0.133333 9.11111 0.355556 8.17778H5.46667C5.37778 9.11111 5.33333 10.0889 5.33333 11.0222ZM7.06667 15.2889H14.9333C14.3111 19.2889 12.7556 22.0444 11.0222 22.0444C9.24444 22.0444 7.73333 19.2889 7.06667 15.2889ZM14.1333 21.6C15.2444 20.0889 16 17.8222 16.3556 15.2889H21.1556C19.9111 18.3111 17.3333 20.6667 14.1333 21.6ZM0.844444 15.2889H5.64444C6.04444 17.8222 6.75556 20.0889 7.86667 21.6C4.66667 20.6667 2.08889 18.3111 0.844444 15.2889Z\" fill=\"#0E2433\"\/><\/svg><\/span><a class=\"contact-card__website-link\" href=\"https:\/\/www.naruckn.eu\" target=\"_blank\" rel=\"noopener noreferrer\">www.naruckn.eu<\/a><\/div><\/div><\/article>\n\n\n\n<article class=\"wp-block-the-mighty22-contact-card contact-card\"><header class=\"contact-card__header\"><h4 class=\"contact-card__name\">O\u00c1ZIS o. z.<\/h4><p class=\"contact-card__note description\">Nagy hangs\u00falyt fektetnek a k\u00e9nyelemre, a t\u00e1rsadalmi beilleszked\u00e9sre \u00e9s a szabadid\u0151 akt\u00edv elt\u00f6lt\u00e9s\u00e9re.<\/p><\/header><div class=\"contact-card__addresses\"><div class=\"contact-card__address\"><span class=\"contact-card__icon contact-card__icon--address\"><svg width=\"22\" height=\"30\" viewbox=\"0 0 22 30\" fill=\"none\" xmlns=\"http:\/\/www.w3.org\/2000\/svg\"><path d=\"M11 0C4.93457 0 0 4.87395 0 10.8648C0 18.2997 9.84392 29.2145 10.263 29.6755C10.6567 30.1086 11.344 30.1078 11.737 29.6755C12.1561 29.2145 22 18.2997 22 10.8648C21.9999 4.87395 17.0654 0 11 0ZM11 16.3312C7.94833 16.3312 5.46568 13.879 5.46568 10.8648C5.46568 7.85063 7.94839 5.39848 11 5.39848C14.0516 5.39848 16.5343 7.85069 16.5343 10.8649C16.5343 13.8791 14.0516 16.3312 11 16.3312Z\" fill=\"#0E2433\"\/><\/svg><\/span><address class=\"contact-card__address-text\">Ul. Slobody 19 B,<br>945 01 Kom\u00e1rno<\/address><\/div><\/div><div class=\"contact-card__phones\"><div class=\"contact-card__phone\"><span class=\"contact-card__icon contact-card__icon--mobile\"><svg width=\"17\" height=\"30\" viewbox=\"0 0 17 30\" fill=\"none\" xmlns=\"http:\/\/www.w3.org\/2000\/svg\"><path d=\"M14.8144 0H2.18374C0.975814 0 0 0.979012 0 2.18621V27.8166C0 29.02 0.975814 30 2.18374 30H14.8144C16.0204 30 17 29.021 17 27.8166V2.18621C16.9991 0.979012 16.0204 0 14.8144 0ZM15.362 24.3068H1.63804V3.68787H15.362V24.3068ZM11.4274 2.2184H5.57161V1.58024H11.4284L11.4274 2.2184ZM13.9333 1.92678C13.9333 2.23544 13.6813 2.4854 13.3734 2.4854C13.0645 2.4854 12.8135 2.2345 12.8135 1.92678C12.8135 1.61906 13.0645 1.36816 13.3734 1.36816C13.6822 1.36721 13.9333 1.61812 13.9333 1.92678ZM11.165 27.6708H5.83214V26.0309H11.165V27.6708Z\" fill=\"#0E2433\"\/><\/svg><\/span><a class=\"contact-card__phone-link\" href=\"tel:+421357731353\" target=\"_blank\" rel=\"noopener noreferrer\">+421 35 77 31 353<\/a><\/div><\/div><div class=\"contact-card__emails\"><div class=\"contact-card__email\"><span class=\"contact-card__icon contact-card__icon--email\"><svg width=\"22\" height=\"17\" viewbox=\"0 0 22 17\" fill=\"none\" xmlns=\"http:\/\/www.w3.org\/2000\/svg\"><path d=\"M21.5703 5.45703C21.7422 5.32813 22 5.45703 22 5.67188V14.4375C22 15.5977 21.0547 16.5 19.9375 16.5H2.0625C0.902344 16.5 0 15.5977 0 14.4375V5.67188C0 5.45703 0.214844 5.32813 0.386719 5.45703C1.375 6.23047 2.62109 7.17578 7.00391 10.3555C7.90625 11 9.45313 12.418 11 12.418C12.5039 12.418 14.0938 11 14.9531 10.3555C19.3359 7.17578 20.582 6.23047 21.5703 5.45703ZM11 11C9.96875 11.043 8.55078 9.75391 7.82031 9.23828C2.10547 5.11328 1.67578 4.72656 0.386719 3.69531C0.128906 3.52344 0 3.22266 0 2.87891V2.0625C0 0.945313 0.902344 0 2.0625 0H19.9375C21.0547 0 22 0.945313 22 2.0625V2.87891C22 3.22266 21.8281 3.52344 21.5703 3.69531C20.2813 4.72656 19.8516 5.11328 14.1367 9.23828C13.4063 9.75391 11.9883 11.043 11 11Z\" fill=\"#0E2433\"\/><\/svg><\/span><a class=\"contact-card__email-link\" href=\"mailto:oazis@oazis.sk\" target=\"_blank\" rel=\"noopener noreferrer\">oazis@oazis.sk<\/a><\/div><\/div><div class=\"contact-card__websites\"><div class=\"contact-card__website\"><span class=\"contact-card__icon contact-card__icon--website\"><svg width=\"22\" height=\"23\" viewbox=\"0 0 22 23\" fill=\"none\" xmlns=\"http:\/\/www.w3.org\/2000\/svg\"><path d=\"M14.9333 6.75556H7.06667C7.73333 2.8 9.24444 0 11.0222 0C12.7556 0 14.3111 2.8 14.9333 6.75556ZM6.75556 11.0222C6.75556 10.0444 6.8 9.11111 6.88889 8.17778H15.1111C15.2 9.11111 15.2444 10.0444 15.2444 11.0222C15.2444 12.0444 15.2 12.9778 15.1111 13.8667H6.88889C6.8 12.9778 6.75556 12.0444 6.75556 11.0222ZM21.1556 6.75556H16.3556C15.9556 4.26667 15.2444 2 14.1333 0.488889C17.3333 1.42222 19.9111 3.77778 21.1556 6.75556ZM7.86667 0.488889C6.75556 2 6.04444 4.26667 5.64444 6.75556H0.844444C2.08889 3.77778 4.66667 1.42222 7.86667 0.488889ZM21.6444 8.17778C21.8667 9.11111 22 10.0444 22 11.0222C22 12.0444 21.8667 12.9778 21.6444 13.8667H16.5333C16.6222 12.9333 16.7111 12 16.7111 11.0222C16.7111 10.0889 16.6222 9.11111 16.5333 8.17778H21.6444ZM5.33333 11.0222C5.33333 12 5.37778 12.9333 5.46667 13.8667H0.355556C0.133333 12.9778 0 12.0444 0 11.0222C0 10.0444 0.133333 9.11111 0.355556 8.17778H5.46667C5.37778 9.11111 5.33333 10.0889 5.33333 11.0222ZM7.06667 15.2889H14.9333C14.3111 19.2889 12.7556 22.0444 11.0222 22.0444C9.24444 22.0444 7.73333 19.2889 7.06667 15.2889ZM14.1333 21.6C15.2444 20.0889 16 17.8222 16.3556 15.2889H21.1556C19.9111 18.3111 17.3333 20.6667 14.1333 21.6ZM0.844444 15.2889H5.64444C6.04444 17.8222 6.75556 20.0889 7.86667 21.6C4.66667 20.6667 2.08889 18.3111 0.844444 15.2889Z\" fill=\"#0E2433\"\/><\/svg><\/span><a class=\"contact-card__website-link\" href=\"https:\/\/www.oazis.sk\" target=\"_blank\" rel=\"noopener noreferrer\">www.oazis.sk<\/a><\/div><\/div><\/article>\n\n\n\n<article class=\"wp-block-the-mighty22-contact-card contact-card\"><header class=\"contact-card__header\"><h4 class=\"contact-card__name\">Timoteus n. o.<\/h4><p class=\"contact-card__note description\">Id\u0151sek otthona, amely a szakszer\u0171 gondoz\u00e1sra \u00e9s a lelki t\u00e1mogat\u00e1sra helyezi a hangs\u00falyt.<\/p><\/header><div class=\"contact-card__addresses\"><div class=\"contact-card__address\"><span class=\"contact-card__icon contact-card__icon--address\"><svg width=\"22\" height=\"30\" viewbox=\"0 0 22 30\" fill=\"none\" xmlns=\"http:\/\/www.w3.org\/2000\/svg\"><path d=\"M11 0C4.93457 0 0 4.87395 0 10.8648C0 18.2997 9.84392 29.2145 10.263 29.6755C10.6567 30.1086 11.344 30.1078 11.737 29.6755C12.1561 29.2145 22 18.2997 22 10.8648C21.9999 4.87395 17.0654 0 11 0ZM11 16.3312C7.94833 16.3312 5.46568 13.879 5.46568 10.8648C5.46568 7.85063 7.94839 5.39848 11 5.39848C14.0516 5.39848 16.5343 7.85069 16.5343 10.8649C16.5343 13.8791 14.0516 16.3312 11 16.3312Z\" fill=\"#0E2433\"\/><\/svg><\/span><address class=\"contact-card__address-text\">Novoz\u00e1mock\u00e1 cesta 1237\/3,<br>945 01 Kom\u00e1rno<\/address><\/div><\/div><div class=\"contact-card__phones contact-card__phones--mobile\"><div class=\"contact-card__phone\"><span class=\"contact-card__icon contact-card__icon--mobile\"><svg width=\"17\" height=\"30\" viewbox=\"0 0 17 30\" fill=\"none\" xmlns=\"http:\/\/www.w3.org\/2000\/svg\"><path d=\"M14.8144 0H2.18374C0.975814 0 0 0.979012 0 2.18621V27.8166C0 29.02 0.975814 30 2.18374 30H14.8144C16.0204 30 17 29.021 17 27.8166V2.18621C16.9991 0.979012 16.0204 0 14.8144 0ZM15.362 24.3068H1.63804V3.68787H15.362V24.3068ZM11.4274 2.2184H5.57161V1.58024H11.4284L11.4274 2.2184ZM13.9333 1.92678C13.9333 2.23544 13.6813 2.4854 13.3734 2.4854C13.0645 2.4854 12.8135 2.2345 12.8135 1.92678C12.8135 1.61906 13.0645 1.36816 13.3734 1.36816C13.6822 1.36721 13.9333 1.61812 13.9333 1.92678ZM11.165 27.6708H5.83214V26.0309H11.165V27.6708Z\" fill=\"#0E2433\"\/><\/svg><\/span><a class=\"contact-card__phone-link\" href=\"tel:+421905605732\" target=\"_blank\" rel=\"noopener noreferrer\">+421 905 605 732<\/a><\/div><\/div><div class=\"contact-card__emails\"><div class=\"contact-card__email\"><span class=\"contact-card__icon contact-card__icon--email\"><svg width=\"22\" height=\"17\" viewbox=\"0 0 22 17\" fill=\"none\" xmlns=\"http:\/\/www.w3.org\/2000\/svg\"><path d=\"M21.5703 5.45703C21.7422 5.32813 22 5.45703 22 5.67188V14.4375C22 15.5977 21.0547 16.5 19.9375 16.5H2.0625C0.902344 16.5 0 15.5977 0 14.4375V5.67188C0 5.45703 0.214844 5.32813 0.386719 5.45703C1.375 6.23047 2.62109 7.17578 7.00391 10.3555C7.90625 11 9.45313 12.418 11 12.418C12.5039 12.418 14.0938 11 14.9531 10.3555C19.3359 7.17578 20.582 6.23047 21.5703 5.45703ZM11 11C9.96875 11.043 8.55078 9.75391 7.82031 9.23828C2.10547 5.11328 1.67578 4.72656 0.386719 3.69531C0.128906 3.52344 0 3.22266 0 2.87891V2.0625C0 0.945313 0.902344 0 2.0625 0H19.9375C21.0547 0 22 0.945313 22 2.0625V2.87891C22 3.22266 21.8281 3.52344 21.5703 3.69531C20.2813 4.72656 19.8516 5.11328 14.1367 9.23828C13.4063 9.75391 11.9883 11.043 11 11Z\" fill=\"#0E2433\"\/><\/svg><\/span><a class=\"contact-card__email-link\" href=\"mailto:timoteus.kn@gmail.com\" target=\"_blank\" rel=\"noopener noreferrer\">timoteus.kn@gmail.com<\/a><\/div><\/div><\/article>\n\n\n\n<article class=\"wp-block-the-mighty22-contact-card contact-card\"><header class=\"contact-card__header\"><h4 class=\"contact-card__name\">Kom\u00e1rom V\u00e1rosa<\/h4><p class=\"contact-card__note description\">V\u00e1rosi int\u00e9zm\u00e9ny, amely gondoz\u00e1st, sz\u00e1ll\u00e1st \u00e9s mindennapi \u00e9letviteli t\u00e1mogat\u00e1st biztos\u00edt az id\u0151sek sz\u00e1m\u00e1ra.<br> <br> <br><\/p><\/header><div class=\"contact-card__addresses\"><div class=\"contact-card__address\"><span class=\"contact-card__icon contact-card__icon--address\"><svg width=\"22\" height=\"30\" viewbox=\"0 0 22 30\" fill=\"none\" xmlns=\"http:\/\/www.w3.org\/2000\/svg\"><path d=\"M11 0C4.93457 0 0 4.87395 0 10.8648C0 18.2997 9.84392 29.2145 10.263 29.6755C10.6567 30.1086 11.344 30.1078 11.737 29.6755C12.1561 29.2145 22 18.2997 22 10.8648C21.9999 4.87395 17.0654 0 11 0ZM11 16.3312C7.94833 16.3312 5.46568 13.879 5.46568 10.8648C5.46568 7.85063 7.94839 5.39848 11 5.39848C14.0516 5.39848 16.5343 7.85069 16.5343 10.8649C16.5343 13.8791 14.0516 16.3312 11 16.3312Z\" fill=\"#0E2433\"\/><\/svg><\/span><address class=\"contact-card__address-text\">\u0160pit\u00e1lska 16,<br>Kom\u00e1rno<\/address><\/div><\/div><div class=\"contact-card__phones contact-card__phones--mobile\"><div class=\"contact-card__phone\"><span class=\"contact-card__icon contact-card__icon--mobile\"><svg width=\"17\" height=\"30\" viewbox=\"0 0 17 30\" fill=\"none\" xmlns=\"http:\/\/www.w3.org\/2000\/svg\"><path d=\"M14.8144 0H2.18374C0.975814 0 0 0.979012 0 2.18621V27.8166C0 29.02 0.975814 30 2.18374 30H14.8144C16.0204 30 17 29.021 17 27.8166V2.18621C16.9991 0.979012 16.0204 0 14.8144 0ZM15.362 24.3068H1.63804V3.68787H15.362V24.3068ZM11.4274 2.2184H5.57161V1.58024H11.4284L11.4274 2.2184ZM13.9333 1.92678C13.9333 2.23544 13.6813 2.4854 13.3734 2.4854C13.0645 2.4854 12.8135 2.2345 12.8135 1.92678C12.8135 1.61906 13.0645 1.36816 13.3734 1.36816C13.6822 1.36721 13.9333 1.61812 13.9333 1.92678ZM11.165 27.6708H5.83214V26.0309H11.165V27.6708Z\" fill=\"#0E2433\"\/><\/svg><\/span><a class=\"contact-card__phone-link\" href=\"tel:+421911731743\" target=\"_blank\" rel=\"noopener noreferrer\">+421 911 731 743<\/a><\/div><\/div><div class=\"contact-card__phones\"><div class=\"contact-card__phone\"><span class=\"contact-card__icon contact-card__icon--mobile\"><svg width=\"17\" height=\"30\" viewbox=\"0 0 17 30\" fill=\"none\" xmlns=\"http:\/\/www.w3.org\/2000\/svg\"><path d=\"M14.8144 0H2.18374C0.975814 0 0 0.979012 0 2.18621V27.8166C0 29.02 0.975814 30 2.18374 30H14.8144C16.0204 30 17 29.021 17 27.8166V2.18621C16.9991 0.979012 16.0204 0 14.8144 0ZM15.362 24.3068H1.63804V3.68787H15.362V24.3068ZM11.4274 2.2184H5.57161V1.58024H11.4284L11.4274 2.2184ZM13.9333 1.92678C13.9333 2.23544 13.6813 2.4854 13.3734 2.4854C13.0645 2.4854 12.8135 2.2345 12.8135 1.92678C12.8135 1.61906 13.0645 1.36816 13.3734 1.36816C13.6822 1.36721 13.9333 1.61812 13.9333 1.92678ZM11.165 27.6708H5.83214V26.0309H11.165V27.6708Z\" fill=\"#0E2433\"\/><\/svg><\/span><a class=\"contact-card__phone-link\" href=\"tel:+421357731743\" target=\"_blank\" rel=\"noopener noreferrer\">+421 35 7731 743<\/a><\/div><\/div><div class=\"contact-card__emails\"><div class=\"contact-card__email\"><span class=\"contact-card__icon contact-card__icon--email\"><svg width=\"22\" height=\"17\" viewbox=\"0 0 22 17\" fill=\"none\" xmlns=\"http:\/\/www.w3.org\/2000\/svg\"><path d=\"M21.5703 5.45703C21.7422 5.32813 22 5.45703 22 5.67188V14.4375C22 15.5977 21.0547 16.5 19.9375 16.5H2.0625C0.902344 16.5 0 15.5977 0 14.4375V5.67188C0 5.45703 0.214844 5.32813 0.386719 5.45703C1.375 6.23047 2.62109 7.17578 7.00391 10.3555C7.90625 11 9.45313 12.418 11 12.418C12.5039 12.418 14.0938 11 14.9531 10.3555C19.3359 7.17578 20.582 6.23047 21.5703 5.45703ZM11 11C9.96875 11.043 8.55078 9.75391 7.82031 9.23828C2.10547 5.11328 1.67578 4.72656 0.386719 3.69531C0.128906 3.52344 0 3.22266 0 2.87891V2.0625C0 0.945313 0.902344 0 2.0625 0H19.9375C21.0547 0 22 0.945313 22 2.0625V2.87891C22 3.22266 21.8281 3.52344 21.5703 3.69531C20.2813 4.72656 19.8516 5.11328 14.1367 9.23828C13.4063 9.75391 11.9883 11.043 11 11Z\" fill=\"#0E2433\"\/><\/svg><\/span><a class=\"contact-card__email-link\" href=\"mailto:kontakt@zpskomarno.sk\" target=\"_blank\" rel=\"noopener noreferrer\">kontakt@zpskomarno.sk<\/a><\/div><\/div><div class=\"contact-card__websites\"><div class=\"contact-card__website\"><span class=\"contact-card__icon contact-card__icon--website\"><svg width=\"22\" height=\"23\" viewbox=\"0 0 22 23\" fill=\"none\" xmlns=\"http:\/\/www.w3.org\/2000\/svg\"><path d=\"M14.9333 6.75556H7.06667C7.73333 2.8 9.24444 0 11.0222 0C12.7556 0 14.3111 2.8 14.9333 6.75556ZM6.75556 11.0222C6.75556 10.0444 6.8 9.11111 6.88889 8.17778H15.1111C15.2 9.11111 15.2444 10.0444 15.2444 11.0222C15.2444 12.0444 15.2 12.9778 15.1111 13.8667H6.88889C6.8 12.9778 6.75556 12.0444 6.75556 11.0222ZM21.1556 6.75556H16.3556C15.9556 4.26667 15.2444 2 14.1333 0.488889C17.3333 1.42222 19.9111 3.77778 21.1556 6.75556ZM7.86667 0.488889C6.75556 2 6.04444 4.26667 5.64444 6.75556H0.844444C2.08889 3.77778 4.66667 1.42222 7.86667 0.488889ZM21.6444 8.17778C21.8667 9.11111 22 10.0444 22 11.0222C22 12.0444 21.8667 12.9778 21.6444 13.8667H16.5333C16.6222 12.9333 16.7111 12 16.7111 11.0222C16.7111 10.0889 16.6222 9.11111 16.5333 8.17778H21.6444ZM5.33333 11.0222C5.33333 12 5.37778 12.9333 5.46667 13.8667H0.355556C0.133333 12.9778 0 12.0444 0 11.0222C0 10.0444 0.133333 9.11111 0.355556 8.17778H5.46667C5.37778 9.11111 5.33333 10.0889 5.33333 11.0222ZM7.06667 15.2889H14.9333C14.3111 19.2889 12.7556 22.0444 11.0222 22.0444C9.24444 22.0444 7.73333 19.2889 7.06667 15.2889ZM14.1333 21.6C15.2444 20.0889 16 17.8222 16.3556 15.2889H21.1556C19.9111 18.3111 17.3333 20.6667 14.1333 21.6ZM0.844444 15.2889H5.64444C6.04444 17.8222 6.75556 20.0889 7.86667 21.6C4.66667 20.6667 2.08889 18.3111 0.844444 15.2889Z\" fill=\"#0E2433\"\/><\/svg><\/span><a class=\"contact-card__website-link\" href=\"https:\/\/www.zpskomarno.sk\" target=\"_blank\" rel=\"noopener noreferrer\">www.zpskomarno.sk<\/a><\/div><\/div><\/article>\n<\/section>\n\n<p><\/p>\n","protected":false},"excerpt":{"rendered":"<p>Mit ny\u00fajtanak az id\u0151sotthonok: Id\u0151sotthonok Kom\u00e1romban<\/p>\n","protected":false},"author":2,"featured_media":860,"parent":523,"menu_order":0,"comment_status":"closed","ping_status":"closed","template":"","meta":{"_acf_changed":false,"footnotes":""},"hlavna-kategoria":[],"class_list":["post-525","page","type-page","status-publish","has-post-thumbnail","hentry"],"acf":[],"_links":{"self":[{"href":"https:\/\/komlife.eu\/hu\/wp-json\/wp\/v2\/pages\/525","targetHints":{"allow":["GET"]}}],"collection":[{"href":"https:\/\/komlife.eu\/hu\/wp-json\/wp\/v2\/pages"}],"about":[{"href":"https:\/\/komlife.eu\/hu\/wp-json\/wp\/v2\/types\/page"}],"author":[{"embeddable":true,"href":"https:\/\/komlife.eu\/hu\/wp-json\/wp\/v2\/users\/2"}],"replies":[{"embeddable":true,"href":"https:\/\/komlife.eu\/hu\/wp-json\/wp\/v2\/comments?post=525"}],"version-history":[{"count":0,"href":"https:\/\/komlife.eu\/hu\/wp-json\/wp\/v2\/pages\/525\/revisions"}],"up":[{"embeddable":true,"href":"https:\/\/komlife.eu\/hu\/wp-json\/wp\/v2\/pages\/523"}],"wp:featuredmedia":[{"embeddable":true,"href":"https:\/\/komlife.eu\/hu\/wp-json\/wp\/v2\/media\/860"}],"wp:attachment":[{"href":"https:\/\/komlife.eu\/hu\/wp-json\/wp\/v2\/media?parent=525"}],"wp:term":[{"taxonomy":"hlavna-kategoria","embeddable":true,"href":"https:\/\/komlife.eu\/hu\/wp-json\/wp\/v2\/hlavna-kategoria?post=525"}],"curies":[{"name":"wp","href":"https:\/\/api.w.org\/{rel}","templated":true}]}}