{"id":523,"date":"2025-09-16T14:37:43","date_gmt":"2025-09-16T12:37:43","guid":{"rendered":"https:\/\/komlife.22projects.sk\/csaladi-gondoskodas\/idosek\/"},"modified":"2025-10-31T08:44:50","modified_gmt":"2025-10-31T07:44:50","slug":"idosek","status":"publish","type":"page","link":"https:\/\/komlife.eu\/hu\/csaladi-gondoskodas\/idosek\/","title":{"rendered":"Id\u0151sek"},"content":{"rendered":"\n<div class=\"wp-block-columns is-layout-flex wp-container-core-columns-is-layout-28f84493 wp-block-columns-is-layout-flex\">\n<div class=\"wp-block-column is-layout-flow wp-block-column-is-layout-flow\">\n<p>Kom\u00e1rom nagyra \u00e9rt\u00e9keli id\u0151sebb lakosait, \u00e9s sz\u00e9les lehet\u0151s\u00e9geket k\u00edn\u00e1l sz\u00e1mukra, hogy eg\u00e9szs\u00e9gesek, akt\u00edvak maradjanak \u00e9s tov\u00e1bbra is a k\u00f6z\u00f6ss\u00e9gi \u00e9let r\u00e9szesei legyenek. Legyen sz\u00f3 eg\u00e9szs\u00e9g\u00fcgyi ell\u00e1t\u00e1sr\u00f3l, biztons\u00e1gos \u00e9s k\u00e9nyelmes lakhat\u00e1sr\u00f3l, kultur\u00e1lis \u00e9s t\u00e1rsadalmi programokr\u00f3l vagy koroszt\u00e1lyra szabott sporttev\u00e9kenys\u00e9gekr\u0151l \u2013 mindent megtal\u00e1l egy helyen. <\/p>\n<\/div>\n\n\n\n<div class=\"wp-block-column is-layout-flow wp-block-column-is-layout-flow\">\n<figure class=\"wp-block-image size-large\"><img fetchpriority=\"high\" decoding=\"async\" width=\"1024\" height=\"683\" src=\"https:\/\/komlife.eu\/wp-content\/uploads\/2025\/10\/cheerful-group-mature-people-laughing-and-enjoying-2025-09-14-19-35-44-utc-1024x683.jpg\" alt=\"\" class=\"wp-image-1432\" srcset=\"https:\/\/komlife.eu\/wp-content\/uploads\/2025\/10\/cheerful-group-mature-people-laughing-and-enjoying-2025-09-14-19-35-44-utc-1024x683.jpg 1024w, https:\/\/komlife.eu\/wp-content\/uploads\/2025\/10\/cheerful-group-mature-people-laughing-and-enjoying-2025-09-14-19-35-44-utc-300x200.jpg 300w, https:\/\/komlife.eu\/wp-content\/uploads\/2025\/10\/cheerful-group-mature-people-laughing-and-enjoying-2025-09-14-19-35-44-utc-768x512.jpg 768w, https:\/\/komlife.eu\/wp-content\/uploads\/2025\/10\/cheerful-group-mature-people-laughing-and-enjoying-2025-09-14-19-35-44-utc-1536x1024.jpg 1536w, https:\/\/komlife.eu\/wp-content\/uploads\/2025\/10\/cheerful-group-mature-people-laughing-and-enjoying-2025-09-14-19-35-44-utc-2048x1365.jpg 2048w\" sizes=\"(max-width: 1024px) 100vw, 1024px\" \/><\/figure>\n<\/div>\n<\/div>\n","protected":false},"excerpt":{"rendered":"<p>Kom\u00e1rom nagyra \u00e9rt\u00e9keli id\u0151sebb lakosait, \u00e9s sz\u00e9les lehet\u0151s\u00e9geket k\u00edn\u00e1l sz\u00e1mukra, hogy eg\u00e9szs\u00e9gesek, akt\u00edvak maradjanak \u00e9s tov\u00e1bbra is a k\u00f6z\u00f6ss\u00e9gi \u00e9let r\u00e9szesei legyenek. Legyen sz\u00f3 eg\u00e9szs\u00e9g\u00fcgyi ell\u00e1t\u00e1sr\u00f3l, biztons\u00e1gos \u00e9s k\u00e9nyelmes lakhat\u00e1sr\u00f3l, kultur\u00e1lis \u00e9s t\u00e1rsadalmi programokr\u00f3l vagy koroszt\u00e1lyra szabott sporttev\u00e9kenys\u00e9gekr\u0151l \u2013 mindent megtal\u00e1l egy helyen.<\/p>\n","protected":false},"author":2,"featured_media":860,"parent":471,"menu_order":0,"comment_status":"closed","ping_status":"closed","template":"","meta":{"_acf_changed":false,"footnotes":""},"hlavna-kategoria":[],"class_list":["post-523","page","type-page","status-publish","has-post-thumbnail","hentry"],"acf":[],"_links":{"self":[{"href":"https:\/\/komlife.eu\/hu\/wp-json\/wp\/v2\/pages\/523","targetHints":{"allow":["GET"]}}],"collection":[{"href":"https:\/\/komlife.eu\/hu\/wp-json\/wp\/v2\/pages"}],"about":[{"href":"https:\/\/komlife.eu\/hu\/wp-json\/wp\/v2\/types\/page"}],"author":[{"embeddable":true,"href":"https:\/\/komlife.eu\/hu\/wp-json\/wp\/v2\/users\/2"}],"replies":[{"embeddable":true,"href":"https:\/\/komlife.eu\/hu\/wp-json\/wp\/v2\/comments?post=523"}],"version-history":[{"count":0,"href":"https:\/\/komlife.eu\/hu\/wp-json\/wp\/v2\/pages\/523\/revisions"}],"up":[{"embeddable":true,"href":"https:\/\/komlife.eu\/hu\/wp-json\/wp\/v2\/pages\/471"}],"wp:featuredmedia":[{"embeddable":true,"href":"https:\/\/komlife.eu\/hu\/wp-json\/wp\/v2\/media\/860"}],"wp:attachment":[{"href":"https:\/\/komlife.eu\/hu\/wp-json\/wp\/v2\/media?parent=523"}],"wp:term":[{"taxonomy":"hlavna-kategoria","embeddable":true,"href":"https:\/\/komlife.eu\/hu\/wp-json\/wp\/v2\/hlavna-kategoria?post=523"}],"curies":[{"name":"wp","href":"https:\/\/api.w.org\/{rel}","templated":true}]}}