{"id":518,"date":"2025-09-11T15:04:45","date_gmt":"2025-09-11T13:04:45","guid":{"rendered":"https:\/\/komlife.22projects.sk\/csaladi-gondoskodas\/programok-anyukaknak-es-gyermekeiknek\/babauszas\/"},"modified":"2025-11-20T15:48:06","modified_gmt":"2025-11-20T14:48:06","slug":"babauszas","status":"publish","type":"page","link":"https:\/\/komlife.eu\/hu\/csaladi-gondoskodas\/programok-anyukaknak-es-gyermekeiknek\/babauszas\/","title":{"rendered":"Baba\u00fasz\u00e1s"},"content":{"rendered":"\n<div class=\"wp-block-columns is-layout-flex wp-container-core-columns-is-layout-28f84493 wp-block-columns-is-layout-flex\">\n<div class=\"wp-block-column is-layout-flow wp-block-column-is-layout-flow\">\n<div class=\"wp-block-columns is-layout-flex wp-container-core-columns-is-layout-28f84493 wp-block-columns-is-layout-flex\">\n<div class=\"wp-block-column is-layout-flow wp-block-column-is-layout-flow\">\n<p><strong>Mi\u00e9rt \u00e9rdemes m\u00e1r kicsi kort\u00f3l \u00faszni?<\/strong><\/p>\n\n\n\n<ul class=\"wp-block-list\">\n<li>A koordin\u00e1ci\u00f3, a kognit\u00edv fejl\u0151d\u00e9s \u00e9s az immunit\u00e1s t\u00e1mogat\u00e1sa<br\/><\/li>\n\n\n\n<li>A gyermek \u00f6r\u00f6me \u00e9s j\u00f3 k\u00f6z\u00e9rzete a v\u00edzben<br\/><\/li>\n\n\n\n<li>K\u00f6z\u00f6s j\u00e1t\u00e9k \u00e9s kikapcsol\u00f3d\u00e1s az anyuk\u00e1val<\/li>\n<\/ul>\n\n\n\n<p>Regisztr\u00e1ci\u00f3, \u00e1rak \u00e9s tov\u00e1bbi inf\u00f3k a Plaveck\u00e9 jasli\u010dky \u017dabka weboldal\u00e1n.<\/p>\n\n\n\n<div class=\"wp-block-buttons is-layout-flex wp-block-buttons-is-layout-flex\">\n<div class=\"wp-block-button\"><a class=\"wp-block-button__link wp-element-button\" href=\"https:\/\/plavecke-jaslicky.sk\/sk\/o-nas\/\">Tudjon meg t\u00f6bbet<\/a><\/div>\n<\/div>\n<\/div>\n<\/div>\n<\/div>\n\n\n\n<div class=\"wp-block-column is-layout-flow wp-block-column-is-layout-flow\">\n<figure class=\"wp-block-image size-large\"><img fetchpriority=\"high\" decoding=\"async\" width=\"683\" height=\"1024\" src=\"https:\/\/komlife.eu\/wp-content\/uploads\/2025\/10\/mother-with-her-baby-daughter-swim-in-the-pool-in-2025-03-25-00-53-48-utc-683x1024.jpg\" alt=\"\" class=\"wp-image-643\" style=\"aspect-ratio:3\/4;object-fit:cover\" srcset=\"https:\/\/komlife.eu\/wp-content\/uploads\/2025\/10\/mother-with-her-baby-daughter-swim-in-the-pool-in-2025-03-25-00-53-48-utc-683x1024.jpg 683w, https:\/\/komlife.eu\/wp-content\/uploads\/2025\/10\/mother-with-her-baby-daughter-swim-in-the-pool-in-2025-03-25-00-53-48-utc-200x300.jpg 200w, https:\/\/komlife.eu\/wp-content\/uploads\/2025\/10\/mother-with-her-baby-daughter-swim-in-the-pool-in-2025-03-25-00-53-48-utc-768x1152.jpg 768w, https:\/\/komlife.eu\/wp-content\/uploads\/2025\/10\/mother-with-her-baby-daughter-swim-in-the-pool-in-2025-03-25-00-53-48-utc-1024x1536.jpg 1024w, https:\/\/komlife.eu\/wp-content\/uploads\/2025\/10\/mother-with-her-baby-daughter-swim-in-the-pool-in-2025-03-25-00-53-48-utc-1365x2048.jpg 1365w, https:\/\/komlife.eu\/wp-content\/uploads\/2025\/10\/mother-with-her-baby-daughter-swim-in-the-pool-in-2025-03-25-00-53-48-utc-scaled.jpg 1707w\" sizes=\"(max-width: 683px) 100vw, 683px\" \/><\/figure>\n<\/div>\n<\/div>\n\n<p><\/p>\n","protected":false},"excerpt":{"rendered":"<p>Mi\u00e9rt \u00e9rdemes m\u00e1r kicsi kort\u00f3l \u00faszni? Regisztr\u00e1ci\u00f3, \u00e1rak \u00e9s tov\u00e1bbi inf\u00f3k a Plaveck\u00e9 jasli\u010dky \u017dabka weboldal\u00e1n.<\/p>\n","protected":false},"author":1,"featured_media":860,"parent":516,"menu_order":0,"comment_status":"closed","ping_status":"closed","template":"","meta":{"_acf_changed":false,"footnotes":""},"hlavna-kategoria":[],"class_list":["post-518","page","type-page","status-publish","has-post-thumbnail","hentry"],"acf":[],"_links":{"self":[{"href":"https:\/\/komlife.eu\/hu\/wp-json\/wp\/v2\/pages\/518","targetHints":{"allow":["GET"]}}],"collection":[{"href":"https:\/\/komlife.eu\/hu\/wp-json\/wp\/v2\/pages"}],"about":[{"href":"https:\/\/komlife.eu\/hu\/wp-json\/wp\/v2\/types\/page"}],"author":[{"embeddable":true,"href":"https:\/\/komlife.eu\/hu\/wp-json\/wp\/v2\/users\/1"}],"replies":[{"embeddable":true,"href":"https:\/\/komlife.eu\/hu\/wp-json\/wp\/v2\/comments?post=518"}],"version-history":[{"count":0,"href":"https:\/\/komlife.eu\/hu\/wp-json\/wp\/v2\/pages\/518\/revisions"}],"up":[{"embeddable":true,"href":"https:\/\/komlife.eu\/hu\/wp-json\/wp\/v2\/pages\/516"}],"wp:featuredmedia":[{"embeddable":true,"href":"https:\/\/komlife.eu\/hu\/wp-json\/wp\/v2\/media\/860"}],"wp:attachment":[{"href":"https:\/\/komlife.eu\/hu\/wp-json\/wp\/v2\/media?parent=518"}],"wp:term":[{"taxonomy":"hlavna-kategoria","embeddable":true,"href":"https:\/\/komlife.eu\/hu\/wp-json\/wp\/v2\/hlavna-kategoria?post=518"}],"curies":[{"name":"wp","href":"https:\/\/api.w.org\/{rel}","templated":true}]}}