{"id":510,"date":"2025-09-16T16:12:32","date_gmt":"2025-09-16T14:12:32","guid":{"rendered":"https:\/\/komlife.22projects.sk\/csaladi-gondoskodas\/ertelmi-fogyatekossaggal-elo-szemelyek\/gondozas\/"},"modified":"2025-11-20T15:16:17","modified_gmt":"2025-11-20T14:16:17","slug":"gondozas","status":"publish","type":"page","link":"https:\/\/komlife.eu\/hu\/csaladi-gondoskodas\/ertelmi-fogyatekossaggal-elo-szemelyek\/gondozas\/","title":{"rendered":"Gondoz\u00e1s"},"content":{"rendered":"\n<div class=\"wp-block-columns is-layout-flex wp-container-core-columns-is-layout-28f84493 wp-block-columns-is-layout-flex\">\n<div class=\"wp-block-column is-layout-flow wp-block-column-is-layout-flow\">\n<p><strong>TIMOTEUS n. o.  <\/strong> <br\/>speci\u00e1lis szoci\u00e1lis int\u00e9zm\u00e9ny, amely bentlak\u00e1sos ell\u00e1t\u00e1st biztos\u00edt a ment\u00e1lis fogyat\u00e9koss\u00e1ggal \u00e9l\u0151k sz\u00e1m\u00e1ra. <\/p>\n\n\n\n<p>Sz\u00e9khely: <strong>J\u00f3kaiho 15\/34 15\/34<\/strong> (resp. Novoz\u00e1mock\u00e1 cesta 1237\/3), Kom\u00e1rno.<br\/>Kapcsolat:<\/p>\n\n\n\n<ul class=\"wp-block-list\">\n<li><em>Ing. Hilda G\u00f6ncz\u00f6l Rothov\u00e1<\/em>, igazgat\u00f3 \u2013 <a href=\"mailto:timoteus.kn@gmail.com\">timoteus.kn@gmail.com<\/a>, tel.: <a href=\"tel:+421905%E2%80%AF605%E2%80%AF732\">0905\u202f605\u202f732<\/a><br\/><\/li>\n\n\n\n<li><em>Mgr. Erika M\u00e1t\u00e9ov\u00e1 <\/em>, szoci\u00e1lis munkat\u00e1rs \u2013 <a href=\"mailto:sp.timoteus.kn@gmail.com\">sp.timoteus.kn@gmail.com<\/a>, tel.: <a href=\"tel:+421918%E2%80%AF844%E2%80%AF931\">0918\u202f844\u202f931<\/a><br\/><\/li>\n<\/ul>\n\n\n\n<p><\/p>\n\n\n\n<p><strong>Zdru\u017eenie na pomoc \u013eu\u010fom s ment\u00e1lnym postihnut\u00edm<\/strong> ambul\u00e1ns form\u00e1ban k\u00edn\u00e1l szoci\u00e1lis rehabilit\u00e1ci\u00f3t. C\u00edm: Priate\u013estva\u202f2, Kom\u00e1rno.<\/p>\n<\/div>\n\n\n\n<div class=\"wp-block-column is-layout-flow wp-block-column-is-layout-flow\">\n<figure class=\"wp-block-image size-large\"><img fetchpriority=\"high\" decoding=\"async\" width=\"683\" height=\"1024\" src=\"https:\/\/komlife.eu\/wp-content\/uploads\/2025\/10\/close-up-consultation-between-a-doctor-and-an-elde-2024-12-02-06-11-04-utc-683x1024.jpg\" alt=\"\" class=\"wp-image-628\" style=\"aspect-ratio:3\/4;object-fit:cover\" srcset=\"https:\/\/komlife.eu\/wp-content\/uploads\/2025\/10\/close-up-consultation-between-a-doctor-and-an-elde-2024-12-02-06-11-04-utc-683x1024.jpg 683w, https:\/\/komlife.eu\/wp-content\/uploads\/2025\/10\/close-up-consultation-between-a-doctor-and-an-elde-2024-12-02-06-11-04-utc-200x300.jpg 200w, https:\/\/komlife.eu\/wp-content\/uploads\/2025\/10\/close-up-consultation-between-a-doctor-and-an-elde-2024-12-02-06-11-04-utc-768x1152.jpg 768w, https:\/\/komlife.eu\/wp-content\/uploads\/2025\/10\/close-up-consultation-between-a-doctor-and-an-elde-2024-12-02-06-11-04-utc-1024x1536.jpg 1024w, https:\/\/komlife.eu\/wp-content\/uploads\/2025\/10\/close-up-consultation-between-a-doctor-and-an-elde-2024-12-02-06-11-04-utc-1365x2048.jpg 1365w, https:\/\/komlife.eu\/wp-content\/uploads\/2025\/10\/close-up-consultation-between-a-doctor-and-an-elde-2024-12-02-06-11-04-utc-scaled.jpg 1706w\" sizes=\"(max-width: 683px) 100vw, 683px\" \/><\/figure>\n<\/div>\n<\/div>\n","protected":false},"excerpt":{"rendered":"<p>TIMOTEUS n. o. speci\u00e1lis szoci\u00e1lis int\u00e9zm\u00e9ny, amely bentlak\u00e1sos ell\u00e1t\u00e1st biztos\u00edt a ment\u00e1lis fogyat\u00e9koss\u00e1ggal \u00e9l\u0151k sz\u00e1m\u00e1ra. Sz\u00e9khely: J\u00f3kaiho 15\/34 15\/34 (resp. Novoz\u00e1mock\u00e1 cesta 1237\/3), Kom\u00e1rno.Kapcsolat: Zdru\u017eenie na pomoc \u013eu\u010fom s ment\u00e1lnym postihnut\u00edm ambul\u00e1ns form\u00e1ban k\u00edn\u00e1l szoci\u00e1lis rehabilit\u00e1ci\u00f3t. C\u00edm: Priate\u013estva\u202f2, Kom\u00e1rno.<\/p>\n","protected":false},"author":2,"featured_media":860,"parent":505,"menu_order":0,"comment_status":"closed","ping_status":"closed","template":"","meta":{"_acf_changed":false,"footnotes":""},"hlavna-kategoria":[],"class_list":["post-510","page","type-page","status-publish","has-post-thumbnail","hentry"],"acf":[],"_links":{"self":[{"href":"https:\/\/komlife.eu\/hu\/wp-json\/wp\/v2\/pages\/510","targetHints":{"allow":["GET"]}}],"collection":[{"href":"https:\/\/komlife.eu\/hu\/wp-json\/wp\/v2\/pages"}],"about":[{"href":"https:\/\/komlife.eu\/hu\/wp-json\/wp\/v2\/types\/page"}],"author":[{"embeddable":true,"href":"https:\/\/komlife.eu\/hu\/wp-json\/wp\/v2\/users\/2"}],"replies":[{"embeddable":true,"href":"https:\/\/komlife.eu\/hu\/wp-json\/wp\/v2\/comments?post=510"}],"version-history":[{"count":0,"href":"https:\/\/komlife.eu\/hu\/wp-json\/wp\/v2\/pages\/510\/revisions"}],"up":[{"embeddable":true,"href":"https:\/\/komlife.eu\/hu\/wp-json\/wp\/v2\/pages\/505"}],"wp:featuredmedia":[{"embeddable":true,"href":"https:\/\/komlife.eu\/hu\/wp-json\/wp\/v2\/media\/860"}],"wp:attachment":[{"href":"https:\/\/komlife.eu\/hu\/wp-json\/wp\/v2\/media?parent=510"}],"wp:term":[{"taxonomy":"hlavna-kategoria","embeddable":true,"href":"https:\/\/komlife.eu\/hu\/wp-json\/wp\/v2\/hlavna-kategoria?post=510"}],"curies":[{"name":"wp","href":"https:\/\/api.w.org\/{rel}","templated":true}]}}