{"id":501,"date":"2025-09-12T10:40:48","date_gmt":"2025-09-12T08:40:48","guid":{"rendered":"https:\/\/komlife.22projects.sk\/csaladi-gondoskodas\/felnottek\/egeszseg\/"},"modified":"2026-02-06T13:16:31","modified_gmt":"2026-02-06T12:16:31","slug":"egeszseg","status":"publish","type":"page","link":"https:\/\/komlife.eu\/hu\/csaladi-gondoskodas\/felnottek\/egeszseg\/","title":{"rendered":"Eg\u00e9szs\u00e9g"},"content":{"rendered":"\n<h3 class=\"wp-block-heading\">Hol tal\u00e1l seg\u00edts\u00e9get?<\/h3>\n\n<h4 class=\"wp-block-heading\"><strong>K\u00f6rzeti orvosok feln\u0151tteknek Kom\u00e1romban<\/strong><\/h4>\n\n<p>\u00cdme n\u00e9h\u00e1ny rendel\u0151, melyhez sz\u00fcks\u00e9g eset\u00e9n fordulhat:<\/p>\n\n<div class=\"wp-block-columns is-layout-flex wp-container-core-columns-is-layout-28f84493 wp-block-columns-is-layout-flex\">\n<div class=\"wp-block-column is-layout-flow wp-block-column-is-layout-flow\">\n<p><strong>MUDr. Jana Jobb\u00e1gyov\u00e1<br\/><\/strong>Hlbok\u00e1 10, 945\u202f01\u202fKom\u00e1rno<br\/>Tel.: <a href=\"tel:421357701188\">+421 35 770 11 88<\/a><\/p>\n\n\n\n<p><strong>MUDr. Sylvia Pint\u00e9rov\u00e1<br\/><\/strong>E\u00f6tv\u00f6sova 37, Poliklinika sv. Val\u00e9rie<br\/>Tel.: <a href=\"tel:421357743595\">+421 35 774 35 95<\/a><\/p>\n\n\n\n<p><strong>MUDr. Tibor Bar\u00e1nek<br\/><\/strong>R\u00e1k\u00f3cziho 229\/11, 945\u202f01 Kom\u00e1rno<br\/>Tel.: <a href=\"tel:421357742773\">+421 35 774 27 73<\/a><\/p>\n\n\n\n<p><strong>MUDr. Gizela Bartov\u00e1<br\/><\/strong>Hviezdna 2357\/5, 945\u202f05 Kom\u00e1rno<br\/>Tel.: <a href=\"tel:421357741755\">+421 35 774 17 55<\/a><\/p>\n\n\n\n<p>Kompletn\u00fd zoznam v\u0161eobecn\u00fdch lek\u00e1rov pre dospel\u00fdch n\u00e1jdete aj na port\u00e1loch:<br\/><a href=\"https:\/\/navstevalekara.sk\">navstevalekara.sk<\/a> \u2013 Kom\u00e1rno<br\/><a href=\"https:\/\/zzz.sk\">zzz.sk<\/a> \u2013 Praktick\u00ed lek\u00e1ri<\/p>\n<\/div>\n\n\n\n<div class=\"wp-block-column is-layout-flow wp-block-column-is-layout-flow\">\n<figure class=\"wp-block-image size-large\"><img decoding=\"async\" src=\"https:\/\/komlife.eu\/wp-content\/uploads\/2025\/09\/physiotherapy-specialist-exlplaining-to-woman-pati-2025-03-05-18-11-05-utc-683x1024.jpg\" alt=\"\" class=\"wp-image-392\" style=\"object-fit:cover\"\/><\/figure>\n<\/div>\n<\/div>\n\n<div class=\"wp-block-columns is-layout-flex wp-container-core-columns-is-layout-28f84493 wp-block-columns-is-layout-flex\">\n<div class=\"wp-block-column is-layout-flow wp-block-column-is-layout-flow\">\n<h3 class=\"wp-block-heading\">Tov\u00e1bbi eg\u00e9szs\u00e9g\u00fcgyi szolg\u00e1ltat\u00e1sok<\/h3>\n\n\n\n<h4 class=\"wp-block-heading\">Kom\u00e1romi AGEL K\u00f3rh\u00e1z<\/h4>\n\n\n\n<p>Mieru 42, 945\u202f75 Kom\u00e1rno<br\/><a href=\"tel:421357909111\">+421 35 7909 111<\/a><br\/><a href=\"https:\/\/nemocnicakomarno.agel.sk\/\">nemocnicakomarno.agel.sk<\/a><\/p>\n\n\n\n<p>Akut, tervezett \u00e9s egynapos ell\u00e1t\u00e1st biztos\u00edt k\u00fcl\u00f6nb\u00f6z\u0151 szakter\u00fcleteken.<\/p>\n\n\n\n<h4 class=\"wp-block-heading\">Pszichol\u00f3giai \u00e9s tan\u00e1csad\u00f3 szolg\u00e1ltat\u00e1sok<\/h4>\n\n\n\n<p>Tov\u00e1bbi inform\u00e1ci\u00f3kat az \u201e<a href=\"https:\/\/komlife.eu\/hu\/csaladi-gondoskodas\/egeszseg-es-gyerekek\/tanacsado-szolgaltatasok-csaladoknak\/\">Eg\u00e9szs\u00e9g \u00e9s gyerekek<\/a>\u201d r\u00e9szben tal\u00e1l (Artis Centrum, CPP \u00d3gyalla), de egyes szolg\u00e1ltat\u00e1sok feln\u0151ttek sz\u00e1m\u00e1ra is el\u00e9rhet\u0151k.<\/p>\n\n\n\n<h4 class=\"wp-block-heading\">MedHelp s.r.o.<\/h4>\n\n\n\n<p>Senn\u00fd trh 6, Kom\u00e1rno<br\/><a href=\"tel:421357700500\">+421 35 770 05 00<\/a><\/p>\n<\/div>\n<\/div>\n","protected":false},"excerpt":{"rendered":"<p>Hol tal\u00e1l seg\u00edts\u00e9get? K\u00f6rzeti orvosok feln\u0151tteknek Kom\u00e1romban \u00cdme n\u00e9h\u00e1ny rendel\u0151, melyhez sz\u00fcks\u00e9g eset\u00e9n fordulhat: MUDr. Jana Jobb\u00e1gyov\u00e1Hlbok\u00e1 10, 945\u202f01\u202fKom\u00e1rnoTel.: +421 35 770 11 88 MUDr. Sylvia Pint\u00e9rov\u00e1E\u00f6tv\u00f6sova 37, Poliklinika sv. Val\u00e9rieTel.: +421 35 774 35 95 MUDr. Tibor Bar\u00e1nekR\u00e1k\u00f3cziho 229\/11, 945\u202f01 Kom\u00e1rnoTel.: +421 35 774 27 73 MUDr. Gizela Bartov\u00e1Hviezdna 2357\/5, 945\u202f05 Kom\u00e1rnoTel.: +421 35 [&hellip;]<\/p>\n","protected":false},"author":2,"featured_media":860,"parent":474,"menu_order":0,"comment_status":"closed","ping_status":"closed","template":"","meta":{"_acf_changed":false,"footnotes":""},"hlavna-kategoria":[],"class_list":["post-501","page","type-page","status-publish","has-post-thumbnail","hentry"],"acf":[],"_links":{"self":[{"href":"https:\/\/komlife.eu\/hu\/wp-json\/wp\/v2\/pages\/501","targetHints":{"allow":["GET"]}}],"collection":[{"href":"https:\/\/komlife.eu\/hu\/wp-json\/wp\/v2\/pages"}],"about":[{"href":"https:\/\/komlife.eu\/hu\/wp-json\/wp\/v2\/types\/page"}],"author":[{"embeddable":true,"href":"https:\/\/komlife.eu\/hu\/wp-json\/wp\/v2\/users\/2"}],"replies":[{"embeddable":true,"href":"https:\/\/komlife.eu\/hu\/wp-json\/wp\/v2\/comments?post=501"}],"version-history":[{"count":2,"href":"https:\/\/komlife.eu\/hu\/wp-json\/wp\/v2\/pages\/501\/revisions"}],"predecessor-version":[{"id":1875,"href":"https:\/\/komlife.eu\/hu\/wp-json\/wp\/v2\/pages\/501\/revisions\/1875"}],"up":[{"embeddable":true,"href":"https:\/\/komlife.eu\/hu\/wp-json\/wp\/v2\/pages\/474"}],"wp:featuredmedia":[{"embeddable":true,"href":"https:\/\/komlife.eu\/hu\/wp-json\/wp\/v2\/media\/860"}],"wp:attachment":[{"href":"https:\/\/komlife.eu\/hu\/wp-json\/wp\/v2\/media?parent=501"}],"wp:term":[{"taxonomy":"hlavna-kategoria","embeddable":true,"href":"https:\/\/komlife.eu\/hu\/wp-json\/wp\/v2\/hlavna-kategoria?post=501"}],"curies":[{"name":"wp","href":"https:\/\/api.w.org\/{rel}","templated":true}]}}