{"id":483,"date":"2025-09-12T12:53:44","date_gmt":"2025-09-12T10:53:44","guid":{"rendered":"https:\/\/komlife.22projects.sk\/csaladi-gondoskodas\/felnottek\/sport-komaromban\/"},"modified":"2026-02-06T09:32:50","modified_gmt":"2026-02-06T08:32:50","slug":"sport-komaromban","status":"publish","type":"page","link":"https:\/\/komlife.eu\/hu\/csaladi-gondoskodas\/felnottek\/sport-komaromban\/","title":{"rendered":"Sport Kom\u00e1romban"},"content":{"rendered":"\n<h3 class=\"wp-block-heading\">V\u00e1rosi int\u00e9zm\u00e9nyek sportol\u00e1shoz \u00e9s kikapcsol\u00f3d\u00e1shoz<\/h3>\n\n<div class=\"wp-block-columns is-layout-flex wp-container-core-columns-is-layout-28f84493 wp-block-columns-is-layout-flex\">\n<div class=\"wp-block-column is-layout-flow wp-block-column-is-layout-flow\">\n<figure class=\"wp-block-image aligncenter size-full\"><a href=\"https:\/\/www.comorraservis.sk\/strediska\/termalne-kupalisko\/\"><img decoding=\"async\" src=\"https:\/\/komlife.eu\/wp-content\/uploads\/2026\/02\/com-thermal.svg\" alt=\"\" class=\"wp-image-1798\"\/><\/a><\/figure>\n\n\n\n<p class=\"has-text-align-center\"><a href=\"https:\/\/www.comorraservis.sk\/hu\/varosi-vagyon\/termalfurdo\/\">Term\u00e1lf\u00fcrd\u0151<\/a><\/p>\n<\/div>\n\n\n\n<div class=\"wp-block-column is-vertically-aligned-center is-layout-flow wp-block-column-is-layout-flow\">\n<figure class=\"wp-block-image aligncenter size-full is-resized\"><a href=\"https:\/\/www.comorraservis.sk\/strediska\/multispor-park\/\"><img fetchpriority=\"high\" decoding=\"async\" width=\"1024\" height=\"268\" src=\"https:\/\/komlife.eu\/wp-content\/uploads\/2026\/02\/neon_rollers.png\" alt=\"\" class=\"wp-image-1799\" style=\"width:200px\" srcset=\"https:\/\/komlife.eu\/wp-content\/uploads\/2026\/02\/neon_rollers.png 1024w, https:\/\/komlife.eu\/wp-content\/uploads\/2026\/02\/neon_rollers-300x79.png 300w, https:\/\/komlife.eu\/wp-content\/uploads\/2026\/02\/neon_rollers-768x201.png 768w\" sizes=\"(max-width: 1024px) 100vw, 1024px\" \/><\/a><\/figure>\n\n\n\n<p class=\"has-text-align-center\"><a href=\"https:\/\/www.comorraservis.sk\/hu\/varosi-vagyon\/neon-rollers-multisport-park\/\">  Multisport Park<\/a><\/p>\n<\/div>\n\n\n\n<div class=\"wp-block-column is-layout-flow wp-block-column-is-layout-flow\">\n<figure class=\"wp-block-image aligncenter size-full\"><a href=\"https:\/\/www.comorraservis.sk\/strediska\/kryta-plavaren\/\"><img decoding=\"async\" src=\"https:\/\/komlife.eu\/wp-content\/uploads\/2026\/02\/com-plavaren.svg\" alt=\"\" class=\"wp-image-1800\"\/><\/a><\/figure>\n\n\n\n<p class=\"has-text-align-center\"><a href=\"https:\/\/www.comorraservis.sk\/hu\/varosi-vagyon\/fedett-uszoda\/\">Fedett uszoda<\/a><\/p>\n<\/div>\n\n\n\n<div class=\"wp-block-column is-layout-flow wp-block-column-is-layout-flow\">\n<figure class=\"wp-block-image aligncenter size-full\"><a href=\"https:\/\/www.comorraservis.sk\/strediska\/sportova-hala\/\"><img decoding=\"async\" src=\"https:\/\/komlife.eu\/wp-content\/uploads\/2026\/02\/com-sport.svg\" alt=\"\" class=\"wp-image-1801\"\/><\/a><\/figure>\n\n\n\n<p class=\"has-text-align-center\"><a href=\"https:\/\/www.comorraservis.sk\/strediska\/sportova-hala\/\">Sportcsarnok<\/a><\/p>\n<\/div>\n\n\n\n<div class=\"wp-block-column is-layout-flow wp-block-column-is-layout-flow\">\n<figure class=\"wp-block-image aligncenter size-full is-resized\"><img decoding=\"async\" src=\"https:\/\/komlife.eu\/wp-content\/uploads\/2026\/02\/com-sauna.svg\" alt=\"\" class=\"wp-image-1805\" style=\"object-fit:cover;width:79px;height:79px\"\/><\/figure>\n\n\n\n<p class=\"has-text-align-center\"><a href=\"https:\/\/www.comorraservis.sk\/hu\/varosi-vagyon\/szauna\/\">  Szauna<\/a><\/p>\n<\/div>\n<\/div>\n\n<h3 class=\"wp-block-heading\">Sportl\u00e9tes\u00edtm\u00e9nyek \u00e9s infrastrukt\u00fara<\/h3>\n\n<p>A v\u00e1ros t\u00f6bb sportcsarnokkal, j\u00e1tsz\u00f3t\u00e9rrel, j\u00e9gp\u00e1ly\u00e1val \u00e9s fitneszteremmel rendelkezik. A v\u00edzi sportok kedvel\u0151i sz\u00e1m\u00e1ra uszoda \u00e9s term\u00e1lf\u00fcrd\u0151 \u00e1ll rendelkez\u00e9sre, m\u00edg a fut\u00e1s \u00e9s a ker\u00e9kp\u00e1roz\u00e1s szerelmesei a Duna-parti ker\u00e9kp\u00e1rutakat \u00e9s fut\u00f3p\u00e1ly\u00e1kat \u00e9lvezhetik.<\/p>\n\n<div class=\"wp-block-columns is-layout-flex wp-container-core-columns-is-layout-28f84493 wp-block-columns-is-layout-flex\">\n<div class=\"wp-block-column is-layout-flow wp-block-column-is-layout-flow\">\n<p><strong>V\u00e1rosi Sportcsarnok<\/strong> \u2013 itt zajlanak a kos\u00e1rlabda- \u00e9s r\u00f6plabdameccsek, valamint kultur\u00e1lis \u00e9s t\u00e1rsadalmi esem\u00e9nyek.<\/p>\n\n\n\n<p><strong>J\u00e9gp\u00e1lya<\/strong> \u2013 eg\u00e9sz szezonban nyitva \u00e1ll, j\u00e9gkorcsoly\u00e1zni \u00e9s j\u00e9gkorongozni is lehet, mi t\u00f6bb, quad korcsoly\u00e1z\u00e1sra, petanque-ra, strandr\u00f6plabd\u00e1ra, minigolfra \u00e9s padelre is lehet\u0151s\u00e9g ny\u00edlik.<\/p>\n\n\n\n<p><strong>Uszoda \u00e9s f\u00fcrd\u0151<\/strong> \u2013 Eg\u00e9sz \u00e9ves \u00fasz\u00f3edz\u00e9sek, rekre\u00e1ci\u00f3s \u00fasz\u00e1s \u00e9s ny\u00e1ri pihen\u0151\u00f6vezet.<\/p>\n\n\n\n<h3 class=\"wp-block-heading\">Sporklubok<\/h3>\n\n\n\n<p>Kom\u00e1rom er\u0151s hagyom\u00e1nyokkal rendelkezik a csapatsportokban. A legismertebbek:<\/p>\n\n\n\n<p><strong>BC Kom\u00e1rno<\/strong> \u2013 kos\u00e1rlabdaklub, sikeres szerepl\u00e9s a szlov\u00e1k extralig\u00e1ban.<br\/><a href=\"https:\/\/bckomarno.sk\">bckomarno.sk<\/a><\/p>\n\n\n\n<p><strong>KFC Kom\u00e1rno<\/strong> \u2013 labdar\u00fag\u00f3klub gyermekek \u00e9s feln\u0151ttek sz\u00e1m\u00e1ra, edz\u00e9shez \u00e9s m\u00e9rk\u0151z\u00e9sekhez biztos\u00edtott h\u00e1tt\u00e9rrel.<br\/><a href=\"https:\/\/kfckomarno.sk\/\">kfckomarno.sk<\/a><\/p>\n\n\n\n<p><strong>VK Spartak UJS Kom\u00e1rno<\/strong> \u2013 r\u00f6plabdaklub, amely a legmagasabb szinten k\u00e9pviseli a v\u00e1rost.<br\/><a href=\"https:\/\/www.vkspartak.sk\/sk\">www.vkspartak.sk<\/a><\/p>\n<\/div>\n\n\n\n<div class=\"wp-block-column is-layout-flow wp-block-column-is-layout-flow\">\n<figure class=\"wp-block-image size-large\"><img decoding=\"async\" width=\"1024\" height=\"768\" src=\"https:\/\/komlife.eu\/wp-content\/uploads\/2025\/09\/kfc-1200x900-1-1024x768.jpg\" alt=\"\" class=\"wp-image-396\" srcset=\"https:\/\/komlife.eu\/wp-content\/uploads\/2025\/09\/kfc-1200x900-1-1024x768.jpg 1024w, https:\/\/komlife.eu\/wp-content\/uploads\/2025\/09\/kfc-1200x900-1-300x225.jpg 300w, https:\/\/komlife.eu\/wp-content\/uploads\/2025\/09\/kfc-1200x900-1-768x576.jpg 768w, https:\/\/komlife.eu\/wp-content\/uploads\/2025\/09\/kfc-1200x900-1.jpg 1200w\" sizes=\"(max-width: 1024px) 100vw, 1024px\" \/><\/figure>\n<\/div>\n<\/div>\n\n<p>Emellett sz\u00e1mos kisebb klub is m\u0171k\u00f6dik itt, t\u00f6bbek k\u00f6z\u00f6tt karate, tenisz, asztalitenisz, torna, \u00f6k\u00f6lv\u00edv\u00e1s \u00e9s v\u00edzi sportok ter\u00fclet\u00e9n.<\/p>\n\n<div class=\"wp-block-columns is-layout-flex wp-container-core-columns-is-layout-28f84493 wp-block-columns-is-layout-flex\">\n<div class=\"wp-block-column is-layout-flow wp-block-column-is-layout-flow\">\n<h3 class=\"wp-block-heading\">Rekre\u00e1ci\u00f3s sport \u00e9s mozg\u00e1s<\/h3>\n\n\n\n<p>Ha csak a mozg\u00e1s \u00f6r\u00f6m\u00e9\u00e9rt sportol, Kom\u00e1rom erre is sok lehet\u0151s\u00e9get k\u00edn\u00e1l:<\/p>\n\n\n\n<ul class=\"wp-block-list\">\n<li>Fut\u00f3p\u00e1ly\u00e1k a Duna-parton<br\/><\/li>\n\n\n\n<li>Ker\u00e9kp\u00e1rutak az EuroVelo 6 keret\u00e9ben<br\/><\/li>\n\n\n\n<li>Szabadt\u00e9ri edz\u0151p\u00e1ly\u00e1k a v\u00e1rosi parkokban<br\/><\/li>\n\n\n\n<li>Fitnesz- \u00e9s wellnessk\u00f6zpontok modern felszerel\u00e9ssel<\/li>\n<\/ul>\n<\/div>\n<\/div>\n\t\t<div data-elementor-type=\"container\" data-elementor-id=\"1733\" class=\"elementor elementor-1733 elementor-1714\" data-elementor-post-type=\"elementor_library\">\n\t\t\t\t<div class=\"elementor-element elementor-element-4150f9b4 e-con-full e-flex e-con e-child\" data-id=\"4150f9b4\" data-element_type=\"container\" data-e-type=\"container\" data-settings=\"{&quot;background_background&quot;:&quot;classic&quot;}\">\n\t\t\t\t<div class=\"elementor-element elementor-element-5239a582 elementor-widget elementor-widget-image\" data-id=\"5239a582\" data-element_type=\"widget\" data-e-type=\"widget\" data-widget_type=\"image.default\">\n\t\t\t\t\t\t\t\t\t\t\t\t\t\t\t<img decoding=\"async\" width=\"204\" height=\"26\" src=\"https:\/\/komlife.eu\/wp-content\/uploads\/2025\/10\/komsport_logo_white.svg\" class=\"attachment-large size-large wp-image-948\" alt=\"\" \/>\t\t\t\t\t\t\t\t\t\t\t\t\t\t\t<\/div>\n\t\t\t\t<div class=\"elementor-element elementor-element-600d3b34 elementor-widget elementor-widget-heading\" data-id=\"600d3b34\" data-element_type=\"widget\" data-e-type=\"widget\" data-widget_type=\"heading.default\">\n\t\t\t\t\t<h3 class=\"elementor-heading-title elementor-size-default\">Sportolj a v\u00e1rosodban<\/h3>\t\t\t\t<\/div>\n\t\t\t\t<div class=\"elementor-element elementor-element-7048c329 elementor-align-justify elementor-widget__width-initial elementor-widget elementor-widget-button\" data-id=\"7048c329\" data-element_type=\"widget\" data-e-type=\"widget\" data-widget_type=\"button.default\">\n\t\t\t\t\t\t\t\t\t\t<a class=\"elementor-button elementor-button-link elementor-size-sm\" href=\"https:\/\/komsport.eu\">\n\t\t\t\t\t\t<span class=\"elementor-button-content-wrapper\">\n\t\t\t\t\t\t\t\t\t<span class=\"elementor-button-text\">Sportlehet\u0151s\u00e9gek<\/span>\n\t\t\t\t\t<\/span>\n\t\t\t\t\t<\/a>\n\t\t\t\t\t\t\t\t<\/div>\n\t\t\t\t<\/div>\n\t\t\t\t<\/div>\n\t\t\n","protected":false},"excerpt":{"rendered":"<p>V\u00e1rosi int\u00e9zm\u00e9nyek sportol\u00e1shoz \u00e9s kikapcsol\u00f3d\u00e1shoz Term\u00e1lf\u00fcrd\u0151 Multisport Park Fedett uszoda Sportcsarnok Szauna Sportl\u00e9tes\u00edtm\u00e9nyek \u00e9s infrastrukt\u00fara A v\u00e1ros t\u00f6bb sportcsarnokkal, j\u00e1tsz\u00f3t\u00e9rrel, j\u00e9gp\u00e1ly\u00e1val \u00e9s fitneszteremmel rendelkezik. A v\u00edzi sportok kedvel\u0151i sz\u00e1m\u00e1ra uszoda \u00e9s term\u00e1lf\u00fcrd\u0151 \u00e1ll rendelkez\u00e9sre, m\u00edg a fut\u00e1s \u00e9s a ker\u00e9kp\u00e1roz\u00e1s szerelmesei a Duna-parti ker\u00e9kp\u00e1rutakat \u00e9s fut\u00f3p\u00e1ly\u00e1kat \u00e9lvezhetik. V\u00e1rosi Sportcsarnok \u2013 itt zajlanak a kos\u00e1rlabda- \u00e9s [&hellip;]<\/p>\n","protected":false},"author":2,"featured_media":860,"parent":474,"menu_order":0,"comment_status":"closed","ping_status":"closed","template":"","meta":{"_acf_changed":false,"footnotes":""},"hlavna-kategoria":[],"class_list":["post-483","page","type-page","status-publish","has-post-thumbnail","hentry"],"acf":[],"_links":{"self":[{"href":"https:\/\/komlife.eu\/hu\/wp-json\/wp\/v2\/pages\/483","targetHints":{"allow":["GET"]}}],"collection":[{"href":"https:\/\/komlife.eu\/hu\/wp-json\/wp\/v2\/pages"}],"about":[{"href":"https:\/\/komlife.eu\/hu\/wp-json\/wp\/v2\/types\/page"}],"author":[{"embeddable":true,"href":"https:\/\/komlife.eu\/hu\/wp-json\/wp\/v2\/users\/2"}],"replies":[{"embeddable":true,"href":"https:\/\/komlife.eu\/hu\/wp-json\/wp\/v2\/comments?post=483"}],"version-history":[{"count":4,"href":"https:\/\/komlife.eu\/hu\/wp-json\/wp\/v2\/pages\/483\/revisions"}],"predecessor-version":[{"id":1867,"href":"https:\/\/komlife.eu\/hu\/wp-json\/wp\/v2\/pages\/483\/revisions\/1867"}],"up":[{"embeddable":true,"href":"https:\/\/komlife.eu\/hu\/wp-json\/wp\/v2\/pages\/474"}],"wp:featuredmedia":[{"embeddable":true,"href":"https:\/\/komlife.eu\/hu\/wp-json\/wp\/v2\/media\/860"}],"wp:attachment":[{"href":"https:\/\/komlife.eu\/hu\/wp-json\/wp\/v2\/media?parent=483"}],"wp:term":[{"taxonomy":"hlavna-kategoria","embeddable":true,"href":"https:\/\/komlife.eu\/hu\/wp-json\/wp\/v2\/hlavna-kategoria?post=483"}],"curies":[{"name":"wp","href":"https:\/\/api.w.org\/{rel}","templated":true}]}}