{"id":478,"date":"2025-09-12T11:10:00","date_gmt":"2025-09-12T09:10:00","guid":{"rendered":"https:\/\/komlife.22projects.sk\/csaladi-gondoskodas\/felnottek\/lakhatas\/"},"modified":"2025-11-20T15:32:30","modified_gmt":"2025-11-20T14:32:30","slug":"lakhatas","status":"publish","type":"page","link":"https:\/\/komlife.eu\/hu\/csaladi-gondoskodas\/felnottek\/lakhatas\/","title":{"rendered":"Lakhat\u00e1s"},"content":{"rendered":"\n<div class=\"wp-block-columns is-layout-flex wp-container-core-columns-is-layout-28f84493 wp-block-columns-is-layout-flex\">\n<div class=\"wp-block-column is-layout-flow wp-block-column-is-layout-flow\">\n<h3 class=\"wp-block-heading\">Lakhat\u00e1si form\u00e1k Kom\u00e1romban<\/h3>\n\n\n\n<h4 class=\"wp-block-heading\"><strong>\u00d6nkorm\u00e1nyzati b\u00e9rlak\u00e1sok<\/strong><\/h4>\n\n\n\n<p>Kom\u00e1rom v\u00e1rosa t\u00f6bb tucat b\u00e9rlak\u00e1st m\u0171k\u00f6dtet, amelyek els\u0151sorban fiatal csal\u00e1doknak, id\u0151seknek \u00e9s szoci\u00e1lisan r\u00e1szorul\u00f3knak sz\u00f3lnak. A lak\u00e1sok b\u00e9rbead\u00e1sa k\u00e9relem alapj\u00e1n, a v\u00e1rosi krit\u00e9riumok szerint t\u00f6rt\u00e9nik. A d\u00f6nt\u00e9st a lak\u00e1sbizotts\u00e1g hozza meg.<\/p>\n\n\n\n<p>Hol kaphat inform\u00e1ci\u00f3t?<br\/>Kom\u00e1romi V\u00e1rosi Hivatal \u2013 Vagyonkezel\u00e9si Oszt\u00e1ly<br\/>Pevnostn\u00fd rad 3, 945 01 Kom\u00e1rno<br\/><a href=\"tel:+421%2035%202851%20201\">035 \/ 2851 201<\/a><br\/><a href=\"https:\/\/www.komarno.sk\">www.komarno.sk<\/a><\/p>\n<\/div>\n\n\n\n<div class=\"wp-block-column is-layout-flow wp-block-column-is-layout-flow\">\n<figure class=\"wp-block-image size-large\"><img fetchpriority=\"high\" decoding=\"async\" width=\"1024\" height=\"684\" src=\"https:\/\/komlife.eu\/wp-content\/uploads\/2025\/09\/smiling-couple-standing-hand-in-hand-in-garden-of-2024-09-22-07-47-41-utc-1024x684.jpg\" alt=\"\" class=\"wp-image-389\" srcset=\"https:\/\/komlife.eu\/wp-content\/uploads\/2025\/09\/smiling-couple-standing-hand-in-hand-in-garden-of-2024-09-22-07-47-41-utc-1024x684.jpg 1024w, https:\/\/komlife.eu\/wp-content\/uploads\/2025\/09\/smiling-couple-standing-hand-in-hand-in-garden-of-2024-09-22-07-47-41-utc-300x200.jpg 300w, https:\/\/komlife.eu\/wp-content\/uploads\/2025\/09\/smiling-couple-standing-hand-in-hand-in-garden-of-2024-09-22-07-47-41-utc-768x513.jpg 768w, https:\/\/komlife.eu\/wp-content\/uploads\/2025\/09\/smiling-couple-standing-hand-in-hand-in-garden-of-2024-09-22-07-47-41-utc-1536x1025.jpg 1536w, https:\/\/komlife.eu\/wp-content\/uploads\/2025\/09\/smiling-couple-standing-hand-in-hand-in-garden-of-2024-09-22-07-47-41-utc-2048x1367.jpg 2048w\" sizes=\"(max-width: 1024px) 100vw, 1024px\" \/><\/figure>\n<\/div>\n<\/div>\n\n<div class=\"wp-block-columns is-layout-flex wp-container-core-columns-is-layout-28f84493 wp-block-columns-is-layout-flex\">\n<div class=\"wp-block-column is-layout-flow wp-block-column-is-layout-flow\">\n<h4 class=\"wp-block-heading\"><strong>Szabadpiac: alb\u00e9rlet \u00e9s lak\u00e1sv\u00e1s\u00e1rl\u00e1s<\/strong><\/h4>\n\n\n\n<p>Kom\u00e1romban stabil ingatlanpiac m\u0171k\u00f6dik \u2013 a lak\u00e1sok \u00e1ra kedvez\u0151bb a nagyobb v\u00e1rosokhoz k\u00e9pest.<\/p>\n\n\n\n<p><strong>Aj\u00e1nlatokat itt tal\u00e1l:<\/strong><\/p>\n\n\n\n<p><a href=\"https:\/\/nehnutelnosti.sk\">nehnutelnosti.sk<\/a><br\/><a href=\"https:\/\/byty.sk\">byty.sk<\/a><br\/><a href=\"https:\/\/zoznamrealit.sk\">zoznamrealit.sk<\/a><\/p>\n<\/div>\n<\/div>\n\n<h3 class=\"wp-block-heading\">K\u00f6zszolg\u00e1ltat\u00e1sok v\u00e1rosr\u00e9szek szerint<\/h3>\n\n<p><strong>V\u00e1rosk\u00f6zpont<\/strong> \u2013 t\u00f6rt\u00e9nelmi \u00e9p\u00fcletek, hivatalok, kult\u00fara \u00e9s szolg\u00e1ltat\u00e1sok k\u00f6zels\u00e9ge<br\/><strong>I\u2013VII. lak\u00f3telep<\/strong> \u2013 v\u00e1ltozatos lak\u00f3\u00f6vezet, iskol\u00e1k, \u00f3vod\u00e1k, \u00fczletek<br\/><strong>\u00d6rs\u00fajfalu \u00e9s Gad\u00f3c<\/strong> \u2013 csendesebb, csal\u00e1dbar\u00e1t v\u00e1rosr\u00e9szek<br\/><strong>Kisizsa, Gyulamajor<\/strong> \u2013 nyugodt vid\u00e9ki hangulat, k\u00f6zel a term\u00e9szethez<\/p>\n\n<p><\/p>\n","protected":false},"excerpt":{"rendered":"<p>Lakhat\u00e1si form\u00e1k Kom\u00e1romban \u00d6nkorm\u00e1nyzati b\u00e9rlak\u00e1sok Kom\u00e1rom v\u00e1rosa t\u00f6bb tucat b\u00e9rlak\u00e1st m\u0171k\u00f6dtet, amelyek els\u0151sorban fiatal csal\u00e1doknak, id\u0151seknek \u00e9s szoci\u00e1lisan r\u00e1szorul\u00f3knak sz\u00f3lnak. A lak\u00e1sok b\u00e9rbead\u00e1sa k\u00e9relem alapj\u00e1n, a v\u00e1rosi krit\u00e9riumok szerint t\u00f6rt\u00e9nik. A d\u00f6nt\u00e9st a lak\u00e1sbizotts\u00e1g hozza meg. Hol kaphat inform\u00e1ci\u00f3t?Kom\u00e1romi V\u00e1rosi Hivatal \u2013 Vagyonkezel\u00e9si Oszt\u00e1lyPevnostn\u00fd rad 3, 945 01 Kom\u00e1rno035 \/ 2851 201www.komarno.sk Szabadpiac: alb\u00e9rlet \u00e9s [&hellip;]<\/p>\n","protected":false},"author":2,"featured_media":860,"parent":474,"menu_order":0,"comment_status":"closed","ping_status":"closed","template":"","meta":{"_acf_changed":false,"footnotes":""},"hlavna-kategoria":[],"class_list":["post-478","page","type-page","status-publish","has-post-thumbnail","hentry"],"acf":[],"_links":{"self":[{"href":"https:\/\/komlife.eu\/hu\/wp-json\/wp\/v2\/pages\/478","targetHints":{"allow":["GET"]}}],"collection":[{"href":"https:\/\/komlife.eu\/hu\/wp-json\/wp\/v2\/pages"}],"about":[{"href":"https:\/\/komlife.eu\/hu\/wp-json\/wp\/v2\/types\/page"}],"author":[{"embeddable":true,"href":"https:\/\/komlife.eu\/hu\/wp-json\/wp\/v2\/users\/2"}],"replies":[{"embeddable":true,"href":"https:\/\/komlife.eu\/hu\/wp-json\/wp\/v2\/comments?post=478"}],"version-history":[{"count":0,"href":"https:\/\/komlife.eu\/hu\/wp-json\/wp\/v2\/pages\/478\/revisions"}],"up":[{"embeddable":true,"href":"https:\/\/komlife.eu\/hu\/wp-json\/wp\/v2\/pages\/474"}],"wp:featuredmedia":[{"embeddable":true,"href":"https:\/\/komlife.eu\/hu\/wp-json\/wp\/v2\/media\/860"}],"wp:attachment":[{"href":"https:\/\/komlife.eu\/hu\/wp-json\/wp\/v2\/media?parent=478"}],"wp:term":[{"taxonomy":"hlavna-kategoria","embeddable":true,"href":"https:\/\/komlife.eu\/hu\/wp-json\/wp\/v2\/hlavna-kategoria?post=478"}],"curies":[{"name":"wp","href":"https:\/\/api.w.org\/{rel}","templated":true}]}}