{"id":1750,"date":"2026-02-03T09:16:51","date_gmt":"2026-02-03T08:16:51","guid":{"rendered":"https:\/\/komlife.eu\/szolgaltatasok\/komarom-varos-applikacioja\/"},"modified":"2026-02-04T15:20:28","modified_gmt":"2026-02-04T14:20:28","slug":"komarom-varos-applikacioja","status":"publish","type":"page","link":"https:\/\/komlife.eu\/hu\/szolgaltatasok\/komarom-varos-applikacioja\/","title":{"rendered":"Kom\u00e1rom V\u00e1ros applik\u00e1ci\u00f3ja"},"content":{"rendered":"\n<p>Az alkalmaz\u00e1s Kom\u00e1rom lakosai \u00e9s l\u00e1togat\u00f3i sz\u00e1m\u00e1ra egyar\u00e1nt k\u00e9sz\u00fclt, \u00e9s <strong>szlov\u00e1k valamint magyar nyelven is el\u00e9rhet\u0151<\/strong>, hogy mindenki sz\u00e1m\u00e1ra k\u00f6nnyen haszn\u00e1lhat\u00f3 legyen.<\/p>\n\n<h3 class=\"wp-block-heading\"><strong>Mit tal\u00e1l az applik\u00e1ci\u00f3ban?<\/strong><\/h3>\n\n<p>\u00c1ttekinthet\u0151 \u00e9s naprak\u00e9sz inform\u00e1ci\u00f3kat a v\u00e1rosi \u00e9let k\u00fcl\u00f6nb\u00f6z\u0151 ter\u00fcleteir\u0151l:<\/p>\n\n<ul class=\"wp-block-list\">\n<li><strong>Aktu\u00e1lis h\u00edrek \u00e9s v\u00e1rosi k\u00f6zlem\u00e9nyek<\/strong> \u2013 \u00f6nkorm\u00e1nyzati t\u00e1j\u00e9koztat\u00f3k, a polg\u00e1rmester \u00fczenetei, fontos figyelmeztet\u00e9sek<\/li>\n\n\n\n<li><strong>V\u00e1rosi h\u00edrek online<\/strong> \u2013 minden hivatalos inform\u00e1ci\u00f3 egy helyen<\/li>\n\n\n\n<li><strong>Hullad\u00e9ksz\u00e1ll\u00edt\u00e1si napt\u00e1r <\/strong>\u2013 praktikus \u00e1ttekint\u00e9s v\u00e1rosr\u00e9szenk\u00e9nt<\/li>\n\n\n\n<li><strong>K\u00f6zint\u00e9zm\u00e9nyek \u00e9s szolg\u00e1ltat\u00e1sok<\/strong> \u2013 hivatalok, int\u00e9zm\u00e9nyek, v\u00e1rosi szolg\u00e1ltat\u00e1sok<\/li>\n\n\n\n<li><strong>Fontos telefonsz\u00e1mok<\/strong> \u2013 gyors el\u00e9r\u00e9s sz\u00fcks\u00e9g eset\u00e9n<\/li>\n\n\n\n<li><strong>Vonat- \u00e9s buszindul\u00e1sok <\/strong>\u2013 aktu\u00e1lis k\u00f6zleked\u00e9si inform\u00e1ci\u00f3k<\/li>\n<\/ul>\n\n<p>Az alkalmaz\u00e1s seg\u00edts\u00e9g\u00e9vel minden l\u00e9nyeges inform\u00e1ci\u00f3t megtal\u00e1l felesleges keresg\u00e9l\u00e9s \u00e9s kattintgat\u00e1s n\u00e9lk\u00fcl.<\/p>\n\n<figure class=\"wp-block-image size-large\"><img fetchpriority=\"high\" decoding=\"async\" width=\"1024\" height=\"538\" src=\"https:\/\/komlife.eu\/wp-content\/uploads\/2026\/02\/komarno_app-1024x538.jpg\" alt=\"\" class=\"wp-image-1837\" srcset=\"https:\/\/komlife.eu\/wp-content\/uploads\/2026\/02\/komarno_app-1024x538.jpg 1024w, https:\/\/komlife.eu\/wp-content\/uploads\/2026\/02\/komarno_app-300x158.jpg 300w, https:\/\/komlife.eu\/wp-content\/uploads\/2026\/02\/komarno_app-768x403.jpg 768w, https:\/\/komlife.eu\/wp-content\/uploads\/2026\/02\/komarno_app.jpg 1200w\" sizes=\"(max-width: 1024px) 100vw, 1024px\" \/><\/figure>\n\n<h3 class=\"wp-block-heading\"><strong>Kapcsolattart\u00e1s a v\u00e1rossal n\u00e9h\u00e1ny kattint\u00e1ssal<\/strong><\/h3>\n\n<p>Az alkalmaz\u00e1s egyik legnagyobb el\u0151nye a <strong>k\u00f6zvetlen kommunik\u00e1ci\u00f3 lehet\u0151s\u00e9ge Kom\u00e1rom v\u00e1ros\u00e1val.<\/strong><br\/>Az alkalmaz\u00e1son kereszt\u00fcl:<\/p>\n\n<ul class=\"wp-block-list\">\n<li>kapcsolatba l\u00e9phet a <strong>Kom\u00e1romi V\u00e1rosi Hivatallal,<\/strong><\/li>\n\n\n\n<li>k\u00f6zvetlen\u00fcl a polg\u00e1rmesterhez fordulhat,<\/li>\n\n\n\n<li><strong>bejelentheti \u00e9szrev\u00e9teleit<\/strong>, probl\u00e9m\u00e1it vagy javaslatait,<\/li>\n\n\n\n<li>t\u00e1j\u00e9koz\u00f3dhat a<strong> v\u00e1rosi rendezv\u00e9nyekr\u0151l \u00e9s programokr\u00f3l.<\/strong><\/li>\n<\/ul>\n\n<p>Az alkalmaz\u00e1s \u00edgy nemcsak inform\u00e1ci\u00f3forr\u00e1s, hanem hat\u00e9kony kommunik\u00e1ci\u00f3s csatorna is a v\u00e1ros \u00e9s lak\u00f3i k\u00f6z\u00f6tt.<\/p>\n\n<h3 class=\"wp-block-heading\"><strong>T\u00f6ltse le Kom\u00e1rom v\u00e1ros alkalmaz\u00e1s\u00e1t<\/strong><\/h3>\n\n<p>Az alkalmaz\u00e1s ingyenesen el\u00e9rhet\u0151 mobil eszk\u00f6z\u00f6n:<\/p>\n\n<p>\ud83d\udcf2 <strong>App Store (iOS):<\/strong><strong> <br\/><\/strong><a href=\"https:\/\/apps.apple.com\/sk\/app\/kom%C3%A1rno\/id6741778671\">https:\/\/apps.apple.com\/sk\/app\/kom\u00e1rno\/id6741778671<\/a><\/p>\n\n<p>\ud83d\udcf2 <strong>Google Play (Android):<\/strong><strong> <br\/><\/strong><a href=\"https:\/\/play.google.com\/store\/apps\/details?id=sk.spravyomeste.komarnosom30\">https:\/\/play.google.com\/store\/apps\/details?id=sk.spravyomeste.komarnosom30<\/a><\/p>\n\n<section class=\"wp-block-the-mighty22-tip mighty-tip\"><div class=\"mighty-tip__icon\" aria-hidden=\"true\"><img src=\"data:image\/svg+xml;base64,PHN2ZyB2aWV3Qm94PSIwIDAgNjkgMTAxIiBwcmVzZXJ2ZUFzcGVjdFJhdGlvPSJ4TWlkWU1pZCBtZWV0IiB4bWxucz0iaHR0cDovL3d3dy53My5vcmcvMjAwMC9zdmciPjxwYXRoIGQ9Ik0zNC41LDIwLjcxYy0xNi40MSwwLTI5Ljc3LDEzLjM2LTI5Ljc3LDI5Ljc5LDAsMTUuMjMsMTQuMTksMjIuNjgsMTQuMTksMzEuNTZ2OS42N2MwLDUuMTEsNC4xNiw5LjI3LDkuMjcsOS4yN2gxMi42MmM1LjExLDAsOS4yNy00LjE2LDkuMjctOS4yN3YtOS42N2MwLTguODgsMTQuMTktMTYuMzMsMTQuMTktMzEuNTYsMC0xNi40Mi0xMy4zNS0yOS43OS0yOS43Ny0yOS43OVpNNDQuMTYsOTEuNzNjMCwxLjg1LTEuNSwzLjM1LTMuMzUsMy4zNWgtMTIuNjJjLTEuODUsMC0zLjM1LTEuNS0zLjM1LTMuMzV2LTYuNzFoMTkuMzJ2Ni43MVpNNDQuNDcsNzkuMWgtNy4wMXYtMTEuOTNjMy42Ni0xLjI0LDYuMzEtNC43MSw2LjMxLTguNzgsMC0xLjYzLTEuMzItMi45Ni0yLjk2LTIuOTZzLTIuOTYsMS4zMi0yLjk2LDIuOTZjMCwxLjg1LTEuNSwzLjM1LTMuMzUsMy4zNXMtMy4zNS0xLjUtMy4zNS0zLjM1YzAtMS42My0xLjMyLTIuOTYtMi45Ni0yLjk2cy0yLjk2LDEuMzItMi45NiwyLjk2YzAsNC4wOCwyLjY0LDcuNTUsNi4zMSw4Ljc4djExLjkzaC03LjAxYy0yLjA5LTEwLjE3LTEzLjg5LTE2LjcxLTEzLjg5LTI4LjYsMC0xMy4xNiwxMC43LTIzLjg3LDIzLjg1LTIzLjg3czIzLjg2LDEwLjcxLDIzLjg2LDIzLjg3YzAsMTEuODktMTEuODEsMTguNDQtMTMuODksMjguNloiLz48cGF0aCBkPSJNMzQuNSwxNC4wMWMxLjYzLDAsMi45Ni0xLjMzLDIuOTYtMi45NlYyLjk2YzAtMS42My0xLjMyLTIuOTYtMi45Ni0yLjk2cy0yLjk2LDEuMzMtMi45NiwyLjk2djguMDljMCwxLjYzLDEuMzIsMi45NiwyLjk2LDIuOTZaIi8+PHBhdGggZD0iTTExLjM2LDIxLjAzYzEuMTUtMS4xNSwxLjE1LTMuMDMsMC00LjE4bC02LjMxLTYuMzFjLTEuMTUtMS4xNi0zLjAzLTEuMTYtNC4xOCwwLTEuMTYsMS4xNS0xLjE2LDMuMDMsMCw0LjE4bDYuMzEsNi4zMWMxLjE1LDEuMTYsMy4wMywxLjE2LDQuMTgsMFoiLz48cGF0aCBkPSJNNjguMTMsMTAuNTNjLTEuMTYtMS4xNi0zLjAzLTEuMTYtNC4xOCwwbC02LjMxLDYuMzFjLTEuMTUsMS4xNS0xLjE1LDMuMDMsMCw0LjE4LDEuMTYsMS4xNiwzLjAzLDEuMTYsNC4xOCwwbDYuMzEtNi4zMWMxLjE1LTEuMTYsMS4xNS0zLjAzLDAtNC4xOFoiLz48L3N2Zz4=\" alt=\"\" loading=\"lazy\" decoding=\"async\"><\/div><div class=\"mighty-tip__body\"><h3 class=\"mighty-tip__heading\">Tipp<\/h3><div class=\"mighty-tip__text\"><strong>Legyen mindig naprak\u00e9sz, kapcsol\u00f3djon be a v\u00e1ros \u00e9let\u00e9be, \u00e9s vigye mag\u00e1val Kom\u00e1romot a mobiltelefonj\u00e1n.<\/strong><\/div><\/div><\/section>\n","protected":false},"excerpt":{"rendered":"<p>Az alkalmaz\u00e1s Kom\u00e1rom lakosai \u00e9s l\u00e1togat\u00f3i sz\u00e1m\u00e1ra egyar\u00e1nt k\u00e9sz\u00fclt, \u00e9s szlov\u00e1k valamint magyar nyelven is el\u00e9rhet\u0151, hogy mindenki sz\u00e1m\u00e1ra k\u00f6nnyen haszn\u00e1lhat\u00f3 legyen. Mit tal\u00e1l az applik\u00e1ci\u00f3ban? \u00c1ttekinthet\u0151 \u00e9s naprak\u00e9sz inform\u00e1ci\u00f3kat a v\u00e1rosi \u00e9let k\u00fcl\u00f6nb\u00f6z\u0151 ter\u00fcleteir\u0151l: Az alkalmaz\u00e1s seg\u00edts\u00e9g\u00e9vel minden l\u00e9nyeges inform\u00e1ci\u00f3t megtal\u00e1l felesleges keresg\u00e9l\u00e9s \u00e9s kattintgat\u00e1s n\u00e9lk\u00fcl. Kapcsolattart\u00e1s a v\u00e1rossal n\u00e9h\u00e1ny kattint\u00e1ssal Az alkalmaz\u00e1s egyik [&hellip;]<\/p>\n","protected":false},"author":2,"featured_media":860,"parent":601,"menu_order":0,"comment_status":"closed","ping_status":"closed","template":"","meta":{"_acf_changed":false,"footnotes":""},"hlavna-kategoria":[],"class_list":["post-1750","page","type-page","status-publish","has-post-thumbnail","hentry"],"acf":[],"_links":{"self":[{"href":"https:\/\/komlife.eu\/hu\/wp-json\/wp\/v2\/pages\/1750","targetHints":{"allow":["GET"]}}],"collection":[{"href":"https:\/\/komlife.eu\/hu\/wp-json\/wp\/v2\/pages"}],"about":[{"href":"https:\/\/komlife.eu\/hu\/wp-json\/wp\/v2\/types\/page"}],"author":[{"embeddable":true,"href":"https:\/\/komlife.eu\/hu\/wp-json\/wp\/v2\/users\/2"}],"replies":[{"embeddable":true,"href":"https:\/\/komlife.eu\/hu\/wp-json\/wp\/v2\/comments?post=1750"}],"version-history":[{"count":2,"href":"https:\/\/komlife.eu\/hu\/wp-json\/wp\/v2\/pages\/1750\/revisions"}],"predecessor-version":[{"id":1844,"href":"https:\/\/komlife.eu\/hu\/wp-json\/wp\/v2\/pages\/1750\/revisions\/1844"}],"up":[{"embeddable":true,"href":"https:\/\/komlife.eu\/hu\/wp-json\/wp\/v2\/pages\/601"}],"wp:featuredmedia":[{"embeddable":true,"href":"https:\/\/komlife.eu\/hu\/wp-json\/wp\/v2\/media\/860"}],"wp:attachment":[{"href":"https:\/\/komlife.eu\/hu\/wp-json\/wp\/v2\/media?parent=1750"}],"wp:term":[{"taxonomy":"hlavna-kategoria","embeddable":true,"href":"https:\/\/komlife.eu\/hu\/wp-json\/wp\/v2\/hlavna-kategoria?post=1750"}],"curies":[{"name":"wp","href":"https:\/\/api.w.org\/{rel}","templated":true}]}}