{"id":1119,"date":"2025-10-29T08:41:41","date_gmt":"2025-10-29T07:41:41","guid":{"rendered":"https:\/\/komlife.22projects.sk\/terhesseg-es-szulove-valas\/szules\/szuleszet\/"},"modified":"2026-02-04T12:52:44","modified_gmt":"2026-02-04T11:52:44","slug":"szuleszet","status":"publish","type":"page","link":"https:\/\/komlife.eu\/hu\/terhesseg-es-szulove-valas\/szules\/szuleszet\/","title":{"rendered":"Sz\u00fcl\u00e9szet (AGEL Kom\u00e1rno)"},"content":{"rendered":"\n<h3 class=\"wp-block-heading\"><strong>Moderniz\u00e1lt termek<\/strong><\/h3>\n\n<p>2025-ben a sz\u00fcl\u00e9szet r\u00e9szleges fel\u00faj\u00edt\u00e1son esett \u00e1t, melynek eredm\u00e9nye: <\/p>\n\n<ul class=\"wp-block-list\">\n<li><strong>4 \u00faj, l\u00e9gkondicion\u00e1lt sz\u00fcl\u0151szoba<\/strong><\/li>\n\n\n\n<li><strong>1 \u00faj m\u0171t\u0151<\/strong><strong><br\/><\/strong><\/li>\n<\/ul>\n\n<p>A fel\u00faj\u00edt\u00e1sok a k\u00f6vetkez\u0151 \u00e9vekben is folytat\u00f3dnak.<\/p>\n\n<figure class=\"wp-block-embed is-type-video is-provider-youtube wp-block-embed-youtube wp-embed-aspect-16-9 wp-has-aspect-ratio\"><div class=\"wp-block-embed__wrapper\">\n<iframe title=\"P\u00f4rodnica v Nemocnici AGEL Kom\u00e1rno\" width=\"800\" height=\"450\" src=\"https:\/\/www.youtube.com\/embed\/qp7SB5VWn-o?feature=oembed\" frameborder=\"0\" allow=\"accelerometer; autoplay; clipboard-write; encrypted-media; gyroscope; picture-in-picture; web-share\" referrerpolicy=\"strict-origin-when-cross-origin\" allowfullscreen><\/iframe>\n<\/div><\/figure>\n\n<h3 class=\"wp-block-heading\"><strong>Gondoskod\u00e1s a sz\u00fcl\u00e9s alatt<\/strong><\/h3>\n\n<ul class=\"wp-block-list\">\n<li><strong>Rooming-in r\u00e9szleg:<\/strong> 16 \u00e1gy anyuk\u00e1knak bab\u00e1ikkal + 4 \u00e1gy rooming-in n\u00e9lk\u00fcl<br\/><\/li>\n\n\n\n<li><strong>Kiemelt komfortszob\u00e1k:<\/strong> 4 egyszem\u00e9lyes szoba a nagyobb intimit\u00e1s \u00e9rdek\u00e9ben<br\/><\/li>\n\n\n\n<li><strong>Partner jelenl\u00e9te:<\/strong> k\u00eds\u00e9r\u0151 szem\u00e9ly jelen lehet a sz\u00fcl\u00e9sn\u00e9l \u00e9s az els\u0151 2 \u00f3r\u00e1s \u201ebonding\u201d alatt<br\/><\/li>\n\n\n\n<li><strong>A vaj\u00fad\u00e1s els\u0151 szakasz\u00e1ban el\u00e9rhet\u0151 f\u00e1jdalomcsillap\u00edt\u00e1si lehet\u0151s\u00e9gek:<\/strong><br>\n<ul class=\"wp-block-list\">\n<li>hidroter\u00e1pia (k\u00e1d, zuhany)<\/li>\n\n\n\n<li>aromater\u00e1pia<\/li>\n\n\n\n<li>fitball, massz\u00e1zseszk\u00f6z\u00f6k<\/li>\n\n\n\n<li>sz\u00fcl\u00e9szn\u0151k szakszer\u0171 t\u00e1mogat\u00e1sa<br\/><\/li>\n<\/ul>\n<\/li>\n\n\n\n<li><strong>Epidur\u00e1lis \u00e9rz\u00e9stelen\u00edt\u00e9s (PEDA)<\/strong> k\u00e9r\u00e9sre, a mindenkori \u00e1rlista szerint fel\u00e1r ellen\u00e9ben.<\/li>\n<\/ul>\n\n<h3 class=\"wp-block-heading\"><strong>Bonding \u00e9s kapcsol\u00f3d\u00e1s t\u00e1mogat\u00e1sa<\/strong><\/h3>\n\n<p>Teljes m\u00e9rt\u00e9kben t\u00e1mogatj\u00e1k a <strong>zavartalan bondingot<\/strong> a komplik\u00e1ci\u00f3mentes, term\u00e9szetes sz\u00fcl\u00e9s ut\u00e1n. Az \u00fajsz\u00fcl\u00f6tt els\u0151 vizsg\u00e1latai k\u00f6zvetlen\u00fcl <strong>az \u00e9desanya mellkas\u00e1n<\/strong> t\u00f6rt\u00e9nnek.<\/p>\n\n<h3 class=\"wp-block-heading\"><strong>Tart\u00f3zkod\u00e1s a gyermek\u00e1gyas oszt\u00e1lyon<\/strong><\/h3>\n\n<ul class=\"wp-block-list\">\n<li><strong>24\/7 rooming-in:<\/strong> a baba folyamatosan az anyuk\u00e1val van egy szob\u00e1ban<\/li>\n\n\n\n<li><strong>\u00c9trend tervez\u00e9s:<\/strong> kifejezetten kismam\u00e1k ig\u00e9nyeire \u00f6ssze\u00e1ll\u00edtott men\u00fc<\/li>\n\n\n\n<li><strong>Friss\u00edt\u0151k:<\/strong> a teljes tart\u00f3zkod\u00e1s ideje alatt rendelkez\u00e9sre \u00e1ll az \u00f6nkiszolg\u00e1l\u00f3 b\u00fcf\u00e9 k\u00f6nny\u0171 harapnival\u00f3kkal<\/li>\n<\/ul>\n\n<div class=\"wp-block-buttons is-layout-flex wp-block-buttons-is-layout-flex\">\n<div class=\"wp-block-button\"><a class=\"wp-block-button__link wp-element-button\" href=\"https:\/\/komarno.porodnice.agel.sk\/\" target=\"_blank\" rel=\"noreferrer noopener\"><strong>T\u00f6bbet szeretn\u00e9k tudni<\/strong><\/a><\/div>\n<\/div>\n\n<p>A k\u00f3rh\u00e1zb\u00f3l val\u00f3 t\u00e1voz\u00e1skor minden anyuka \u00e9s kisbaba aj\u00e1nd\u00e9kba kap egy kis sapk\u00e1t, babat\u00f6r\u00f6lk\u00f6z\u0151t, k\u00f6t\u00f6tt polipot, kozmetikai kend\u0151t. A k\u00f3rh\u00e1z alkalmazottai pedig b\u00edznak abban, hogy sz\u00e9p, \u00e9letre sz\u00f3l\u00f3 eml\u00e9kekkel t\u00e9rnek haza. <\/p>\n\n<p><\/p>\n","protected":false},"excerpt":{"rendered":"<p>Moderniz\u00e1lt termek 2025-ben a sz\u00fcl\u00e9szet r\u00e9szleges fel\u00faj\u00edt\u00e1son esett \u00e1t, melynek eredm\u00e9nye: A fel\u00faj\u00edt\u00e1sok a k\u00f6vetkez\u0151 \u00e9vekben is folytat\u00f3dnak. Gondoskod\u00e1s a sz\u00fcl\u00e9s alatt Bonding \u00e9s kapcsol\u00f3d\u00e1s t\u00e1mogat\u00e1sa Teljes m\u00e9rt\u00e9kben t\u00e1mogatj\u00e1k a zavartalan bondingot a komplik\u00e1ci\u00f3mentes, term\u00e9szetes sz\u00fcl\u00e9s ut\u00e1n. Az \u00fajsz\u00fcl\u00f6tt els\u0151 vizsg\u00e1latai k\u00f6zvetlen\u00fcl az \u00e9desanya mellkas\u00e1n t\u00f6rt\u00e9nnek. Tart\u00f3zkod\u00e1s a gyermek\u00e1gyas oszt\u00e1lyon A k\u00f3rh\u00e1zb\u00f3l val\u00f3 t\u00e1voz\u00e1skor minden [&hellip;]<\/p>\n","protected":false},"author":2,"featured_media":860,"parent":1114,"menu_order":0,"comment_status":"closed","ping_status":"closed","template":"","meta":{"_acf_changed":false,"footnotes":""},"hlavna-kategoria":[],"class_list":["post-1119","page","type-page","status-publish","has-post-thumbnail","hentry"],"acf":[],"_links":{"self":[{"href":"https:\/\/komlife.eu\/hu\/wp-json\/wp\/v2\/pages\/1119","targetHints":{"allow":["GET"]}}],"collection":[{"href":"https:\/\/komlife.eu\/hu\/wp-json\/wp\/v2\/pages"}],"about":[{"href":"https:\/\/komlife.eu\/hu\/wp-json\/wp\/v2\/types\/page"}],"author":[{"embeddable":true,"href":"https:\/\/komlife.eu\/hu\/wp-json\/wp\/v2\/users\/2"}],"replies":[{"embeddable":true,"href":"https:\/\/komlife.eu\/hu\/wp-json\/wp\/v2\/comments?post=1119"}],"version-history":[{"count":6,"href":"https:\/\/komlife.eu\/hu\/wp-json\/wp\/v2\/pages\/1119\/revisions"}],"predecessor-version":[{"id":1828,"href":"https:\/\/komlife.eu\/hu\/wp-json\/wp\/v2\/pages\/1119\/revisions\/1828"}],"up":[{"embeddable":true,"href":"https:\/\/komlife.eu\/hu\/wp-json\/wp\/v2\/pages\/1114"}],"wp:featuredmedia":[{"embeddable":true,"href":"https:\/\/komlife.eu\/hu\/wp-json\/wp\/v2\/media\/860"}],"wp:attachment":[{"href":"https:\/\/komlife.eu\/hu\/wp-json\/wp\/v2\/media?parent=1119"}],"wp:term":[{"taxonomy":"hlavna-kategoria","embeddable":true,"href":"https:\/\/komlife.eu\/hu\/wp-json\/wp\/v2\/hlavna-kategoria?post=1119"}],"curies":[{"name":"wp","href":"https:\/\/api.w.org\/{rel}","templated":true}]}}