{"id":1114,"date":"2025-10-28T15:00:39","date_gmt":"2025-10-28T14:00:39","guid":{"rendered":"https:\/\/komlife.22projects.sk\/terhesseg-es-szulove-valas\/szules\/"},"modified":"2025-11-20T11:25:42","modified_gmt":"2025-11-20T10:25:42","slug":"szules","status":"publish","type":"page","link":"https:\/\/komlife.eu\/hu\/terhesseg-es-szulove-valas\/szules\/","title":{"rendered":"Sz\u00fcl\u00e9s"},"content":{"rendered":"\n<div class=\"wp-block-columns is-layout-flex wp-container-core-columns-is-layout-28f84493 wp-block-columns-is-layout-flex\">\n<div class=\"wp-block-column is-layout-flow wp-block-column-is-layout-flow\">\n<p>K\u00f6zeledik a nap, amire h\u00f3napok \u00f3ta k\u00e9sz\u00fcl? A sz\u00fcl\u00e9s egyed\u00fcl\u00e1ll\u00f3 \u00e9s megism\u00e9telhetetlen pillanat \u2013 \u00e9s b\u00e1r f\u00e9lelemmel is j\u00e1rhat, a megfelel\u0151 inform\u00e1ci\u00f3k \u00e9s t\u00e1mogat\u00e1s nyugalmat \u00e9s biztons\u00e1got adhatnak. <\/p>\n\n\n\n<p>Itt megtal\u00e1lja mindazt, amit a kom\u00e1romi AGEL K\u00f3rh\u00e1z sz\u00fcl\u00e9szet\u00e9r\u0151l tudni \u00e9rdemes \u2013 hogyan n\u00e9z ki a sz\u00fcl\u00e9szeti oszt\u00e1ly, milyen lehet\u0151s\u00e9gek vannak a f\u00e1jdalomcsillap\u00edt\u00e1sra, \u00e9s milyen gondoskod\u00e1s v\u00e1r \u00f6nre \u00e9s a kisbab\u00e1j\u00e1ra k\u00f6zvetlen\u00fcl a sz\u00fclet\u00e9s ut\u00e1n.<\/p>\n<\/div>\n\n\n\n<div class=\"wp-block-column is-layout-flow wp-block-column-is-layout-flow\">\n<figure class=\"wp-block-image size-large\"><img fetchpriority=\"high\" decoding=\"async\" width=\"683\" height=\"1024\" src=\"https:\/\/komlife.eu\/wp-content\/uploads\/2025\/10\/newborn-baby-boy-in-his-father-s-arms-lying-on-hi-2025-08-27-13-40-38-utc-683x1024.jpg\" alt=\"\" class=\"wp-image-1063\" style=\"aspect-ratio:3\/4;object-fit:cover\" srcset=\"https:\/\/komlife.eu\/wp-content\/uploads\/2025\/10\/newborn-baby-boy-in-his-father-s-arms-lying-on-hi-2025-08-27-13-40-38-utc-683x1024.jpg 683w, https:\/\/komlife.eu\/wp-content\/uploads\/2025\/10\/newborn-baby-boy-in-his-father-s-arms-lying-on-hi-2025-08-27-13-40-38-utc-200x300.jpg 200w, https:\/\/komlife.eu\/wp-content\/uploads\/2025\/10\/newborn-baby-boy-in-his-father-s-arms-lying-on-hi-2025-08-27-13-40-38-utc-768x1152.jpg 768w, https:\/\/komlife.eu\/wp-content\/uploads\/2025\/10\/newborn-baby-boy-in-his-father-s-arms-lying-on-hi-2025-08-27-13-40-38-utc-1024x1536.jpg 1024w, https:\/\/komlife.eu\/wp-content\/uploads\/2025\/10\/newborn-baby-boy-in-his-father-s-arms-lying-on-hi-2025-08-27-13-40-38-utc-1365x2048.jpg 1365w, https:\/\/komlife.eu\/wp-content\/uploads\/2025\/10\/newborn-baby-boy-in-his-father-s-arms-lying-on-hi-2025-08-27-13-40-38-utc-scaled.jpg 1707w\" sizes=\"(max-width: 683px) 100vw, 683px\" \/><\/figure>\n<\/div>\n<\/div>\n\n<h3 class=\"wp-block-heading\"><\/h3>\n","protected":false},"excerpt":{"rendered":"<p>K\u00f6zeledik a nap, amire h\u00f3napok \u00f3ta k\u00e9sz\u00fcl? A sz\u00fcl\u00e9s egyed\u00fcl\u00e1ll\u00f3 \u00e9s megism\u00e9telhetetlen pillanat \u2013 \u00e9s b\u00e1r f\u00e9lelemmel is j\u00e1rhat, a megfelel\u0151 inform\u00e1ci\u00f3k \u00e9s t\u00e1mogat\u00e1s nyugalmat \u00e9s biztons\u00e1got adhatnak. Itt megtal\u00e1lja mindazt, amit a kom\u00e1romi AGEL K\u00f3rh\u00e1z sz\u00fcl\u00e9szet\u00e9r\u0151l tudni \u00e9rdemes \u2013 hogyan n\u00e9z ki a sz\u00fcl\u00e9szeti oszt\u00e1ly, milyen lehet\u0151s\u00e9gek vannak a f\u00e1jdalomcsillap\u00edt\u00e1sra, \u00e9s milyen gondoskod\u00e1s v\u00e1r [&hellip;]<\/p>\n","protected":false},"author":2,"featured_media":860,"parent":562,"menu_order":0,"comment_status":"closed","ping_status":"closed","template":"","meta":{"_acf_changed":false,"footnotes":""},"hlavna-kategoria":[],"class_list":["post-1114","page","type-page","status-publish","has-post-thumbnail","hentry"],"acf":[],"_links":{"self":[{"href":"https:\/\/komlife.eu\/hu\/wp-json\/wp\/v2\/pages\/1114","targetHints":{"allow":["GET"]}}],"collection":[{"href":"https:\/\/komlife.eu\/hu\/wp-json\/wp\/v2\/pages"}],"about":[{"href":"https:\/\/komlife.eu\/hu\/wp-json\/wp\/v2\/types\/page"}],"author":[{"embeddable":true,"href":"https:\/\/komlife.eu\/hu\/wp-json\/wp\/v2\/users\/2"}],"replies":[{"embeddable":true,"href":"https:\/\/komlife.eu\/hu\/wp-json\/wp\/v2\/comments?post=1114"}],"version-history":[{"count":0,"href":"https:\/\/komlife.eu\/hu\/wp-json\/wp\/v2\/pages\/1114\/revisions"}],"up":[{"embeddable":true,"href":"https:\/\/komlife.eu\/hu\/wp-json\/wp\/v2\/pages\/562"}],"wp:featuredmedia":[{"embeddable":true,"href":"https:\/\/komlife.eu\/hu\/wp-json\/wp\/v2\/media\/860"}],"wp:attachment":[{"href":"https:\/\/komlife.eu\/hu\/wp-json\/wp\/v2\/media?parent=1114"}],"wp:term":[{"taxonomy":"hlavna-kategoria","embeddable":true,"href":"https:\/\/komlife.eu\/hu\/wp-json\/wp\/v2\/hlavna-kategoria?post=1114"}],"curies":[{"name":"wp","href":"https:\/\/api.w.org\/{rel}","templated":true}]}}