{"id":1112,"date":"2025-10-29T09:08:40","date_gmt":"2025-10-29T08:08:40","guid":{"rendered":"https:\/\/komlife.22projects.sk\/terhesseg-es-szulove-valas\/szules-utan\/gyermek-utan-jaro-tamogatasok\/"},"modified":"2026-02-04T10:17:42","modified_gmt":"2026-02-04T09:17:42","slug":"gyermek-utan-jaro-tamogatasok","status":"publish","type":"page","link":"https:\/\/komlife.eu\/hu\/terhesseg-es-szulove-valas\/szules-utan\/gyermek-utan-jaro-tamogatasok\/","title":{"rendered":"Gyermek ut\u00e1n j\u00e1r\u00f3 t\u00e1mogat\u00e1sok"},"content":{"rendered":"\n<h3 class=\"wp-block-heading\"><strong>Hol int\u00e9zhet\u0151?<\/strong><\/h3>\n\n<p>Minden juttat\u00e1s a k\u00f6vetkez\u0151 helyen ig\u00e9nyelhet\u0151:<\/p>\n\n<div class=\"wp-block-columns is-layout-flex wp-container-core-columns-is-layout-28f84493 wp-block-columns-is-layout-flex\">\n<div class=\"wp-block-column is-layout-flow wp-block-column-is-layout-flow\">\n<section class=\"wp-block-the-mighty22-contacts-grid contacts-grid\" style=\"--grid-columns:1\">\n<article class=\"wp-block-the-mighty22-contact-card contact-card\"><header class=\"contact-card__header\"><h4 class=\"contact-card__name\">Munka-, szoci\u00e1lis \u00e9s csal\u00e1d\u00fcgyi hivatal kom\u00e1romi kirendelts\u00e9ge<\/h4><\/header><div class=\"contact-card__addresses\"><div class=\"contact-card__address\"><span class=\"contact-card__icon contact-card__icon--address\"><svg xmlns=\"http:\/\/www.w3.org\/2000\/svg\" width=\"22\" height=\"30\" viewbox=\"0 0 22 30\" fill=\"none\"><path d=\"M11 0C4.93457 0 0 4.87395 0 10.8648C0 18.2997 9.84392 29.2145 10.263 29.6755C10.6567 30.1086 11.344 30.1078 11.737 29.6755C12.1561 29.2145 22 18.2997 22 10.8648C21.9999 4.87395 17.0654 0 11 0ZM11 16.3312C7.94833 16.3312 5.46568 13.879 5.46568 10.8648C5.46568 7.85063 7.94839 5.39848 11 5.39848C14.0516 5.39848 16.5343 7.85069 16.5343 10.8649C16.5343 13.8791 14.0516 16.3312 11 16.3312Z\" fill=\"#0E2433\"><\/path><\/svg><\/span><address class=\"contact-card__address-text\">\u017dupn\u00e1 15, Kom\u00e1rno<\/address><\/div><\/div><div class=\"contact-card__phones\"><div class=\"contact-card__phone\"><span class=\"contact-card__icon contact-card__icon--mobile\"><svg xmlns=\"http:\/\/www.w3.org\/2000\/svg\" width=\"17\" height=\"30\" viewbox=\"0 0 17 30\" fill=\"none\"><path d=\"M14.8144 0H2.18374C0.975814 0 0 0.979012 0 2.18621V27.8166C0 29.02 0.975814 30 2.18374 30H14.8144C16.0204 30 17 29.021 17 27.8166V2.18621C16.9991 0.979012 16.0204 0 14.8144 0ZM15.362 24.3068H1.63804V3.68787H15.362V24.3068ZM11.4274 2.2184H5.57161V1.58024H11.4284L11.4274 2.2184ZM13.9333 1.92678C13.9333 2.23544 13.6813 2.4854 13.3734 2.4854C13.0645 2.4854 12.8135 2.2345 12.8135 1.92678C12.8135 1.61906 13.0645 1.36816 13.3734 1.36816C13.6822 1.36721 13.9333 1.61812 13.9333 1.92678ZM11.165 27.6708H5.83214V26.0309H11.165V27.6708Z\" fill=\"#0E2433\"><\/path><\/svg><\/span><a class=\"contact-card__phone-link\" href=\"tel:+421352444250\" target=\"_blank\" rel=\"noopener noreferrer\">+421 35 244 42 50<\/a><\/div><\/div><div class=\"contact-card__emails\"><div class=\"contact-card__email\"><span class=\"contact-card__icon contact-card__icon--email\"><svg xmlns=\"http:\/\/www.w3.org\/2000\/svg\" width=\"22\" height=\"17\" viewbox=\"0 0 22 17\" fill=\"none\"><path d=\"M21.5703 5.45703C21.7422 5.32813 22 5.45703 22 5.67188V14.4375C22 15.5977 21.0547 16.5 19.9375 16.5H2.0625C0.902344 16.5 0 15.5977 0 14.4375V5.67188C0 5.45703 0.214844 5.32813 0.386719 5.45703C1.375 6.23047 2.62109 7.17578 7.00391 10.3555C7.90625 11 9.45313 12.418 11 12.418C12.5039 12.418 14.0938 11 14.9531 10.3555C19.3359 7.17578 20.582 6.23047 21.5703 5.45703ZM11 11C9.96875 11.043 8.55078 9.75391 7.82031 9.23828C2.10547 5.11328 1.67578 4.72656 0.386719 3.69531C0.128906 3.52344 0 3.22266 0 2.87891V2.0625C0 0.945313 0.902344 0 2.0625 0H19.9375C21.0547 0 22 0.945313 22 2.0625V2.87891C22 3.22266 21.8281 3.52344 21.5703 3.69531C20.2813 4.72656 19.8516 5.11328 14.1367 9.23828C13.4063 9.75391 11.9883 11.043 11 11Z\" fill=\"#0E2433\"><\/path><\/svg><\/span><a class=\"contact-card__email-link\" href=\"mailto:kn@upsvr.gov.sk\" target=\"_blank\" rel=\"noopener noreferrer\">kn@upsvr.gov.sk<\/a><\/div><\/div><\/article>\n<\/section>\n<\/div>\n\n\n\n<div class=\"wp-block-column is-layout-flow wp-block-column-is-layout-flow\">\n<iframe src=\"https:\/\/www.google.com\/maps\/embed?pb=!1m18!1m12!1m3!1d2682.178911340736!2d18.124414676706557!3d47.75858397746965!2m3!1f0!2f0!3f0!3m2!1i1024!2i768!4f13.1!3m3!1m2!1s0x476bad5682e46b21%3A0x178d18e073d61a6f!2zxb11cG7DoSAxMTQyLzE1LCBLb23DoXJubywgOTQ1IDAxIEtvbcOhcm5v!5e0!3m2!1sen!2ssk!4v1770192298228!5m2!1sen!2ssk\" width=\"600\" height=\"450\" style=\"border:0;\" allowfullscreen=\"\" loading=\"lazy\" referrerpolicy=\"no-referrer-when-downgrade\"><\/iframe>\n<\/div>\n<\/div>\n\n<h3 class=\"wp-block-heading\"><strong>Milyen juttat\u00e1sokra jogosultak a sz\u00fcl\u0151k?<\/strong><\/h3>\n\n<p>A gyermek sz\u00fclet\u00e9se ut\u00e1n az al\u00e1bbi t\u00e1mogat\u00e1sok ig\u00e9nyelhet\u0151k:<\/p>\n\n<ul class=\"wp-block-list\">\n<li><strong>Egyszeri t\u00e1mogat\u00e1s gyermek sz\u00fclet\u00e9sekor<\/strong><\/li>\n\n\n\n<li><strong>T\u00f6bbes sz\u00fcl\u00e9s eset\u00e9n j\u00e1r\u00f3 t\u00e1mogat\u00e1s<\/strong><\/li>\n\n\n\n<li><strong>Csal\u00e1di p\u00f3tl\u00e9k<\/strong><\/li>\n\n\n\n<li><strong>Kieg\u00e9sz\u00edt\u0151 csal\u00e1di p\u00f3tl\u00e9k<\/strong><\/li>\n\n\n\n<li><strong>Sz\u00fcl\u0151i t\u00e1mogat\u00e1s<\/strong><\/li>\n\n\n\n<li><strong>Gyermekgondoz\u00e1si t\u00e1mogat\u00e1s<\/strong><\/li>\n<\/ul>\n\n<p>A t\u00e1mogat\u00e1sok \u00f6sszege \u00e9s felt\u00e9telei id\u0151r\u0151l id\u0151re v\u00e1ltozhatnak, ez\u00e9rt aj\u00e1nlott ellen\u0151rizni az aktu\u00e1lis inform\u00e1ci\u00f3kat.<\/p>\n\n<h3 class=\"wp-block-heading\"><strong>Hasznos hivatkoz\u00e1sok<\/strong><\/h3>\n\n<p>Az \u00f6sszes, csal\u00e1doknak sz\u00f3l\u00f3 \u00e1llami t\u00e1mogat\u00e1s \u00e1ttekint\u00e9se el\u00e9rhet\u0151 az \u00daPSVaR hivatalos weboldal\u00e1n:<\/p>\n\n<div class=\"wp-block-buttons is-layout-flex wp-block-buttons-is-layout-flex\">\n<div class=\"wp-block-button\"><a class=\"wp-block-button__link wp-element-button\" href=\"https:\/\/www.upsvr.gov.sk\/socialne-veci-a-rodina-2\/socialne-veci\/davky-pre-rodiny-s-detmi.html?page_id=308593\" target=\"_blank\" rel=\"noreferrer noopener\">T\u00e1mogat\u00e1sok list\u00e1ja csal\u00e1doknak \u00e9s gyermekeknek<\/a><\/div>\n<\/div>\n\n<p>Teljes dokumentum:<\/p>\n\n<div class=\"wp-block-buttons is-layout-flex wp-block-buttons-is-layout-flex\">\n<div class=\"wp-block-button\"><a class=\"wp-block-button__link wp-element-button\" href=\"https:\/\/www.upsvr.gov.sk\/buxus\/docs\/SSVaR\/statne_soc.davky\/Prehlad_SSD_od_1.7.2025.docx\" target=\"_blank\" rel=\"noreferrer noopener\">2025. j\u00falius 1-t\u0151l \u00e9rv\u00e9nyes \u00e1llami szoci\u00e1lis juttat\u00e1sok \u00e1ttekint\u00e9se (docx)<\/a><\/div>\n<\/div>\n\n<section class=\"wp-block-the-mighty22-tip mighty-tip\"><div class=\"mighty-tip__icon\" aria-hidden=\"true\"><img src=\"data:image\/svg+xml;base64,PHN2ZyB2aWV3Qm94PSIwIDAgNjkgMTAxIiBwcmVzZXJ2ZUFzcGVjdFJhdGlvPSJ4TWlkWU1pZCBtZWV0IiB4bWxucz0iaHR0cDovL3d3dy53My5vcmcvMjAwMC9zdmciPjxwYXRoIGQ9Ik0zNC41LDIwLjcxYy0xNi40MSwwLTI5Ljc3LDEzLjM2LTI5Ljc3LDI5Ljc5LDAsMTUuMjMsMTQuMTksMjIuNjgsMTQuMTksMzEuNTZ2OS42N2MwLDUuMTEsNC4xNiw5LjI3LDkuMjcsOS4yN2gxMi42MmM1LjExLDAsOS4yNy00LjE2LDkuMjctOS4yN3YtOS42N2MwLTguODgsMTQuMTktMTYuMzMsMTQuMTktMzEuNTYsMC0xNi40Mi0xMy4zNS0yOS43OS0yOS43Ny0yOS43OVpNNDQuMTYsOTEuNzNjMCwxLjg1LTEuNSwzLjM1LTMuMzUsMy4zNWgtMTIuNjJjLTEuODUsMC0zLjM1LTEuNS0zLjM1LTMuMzV2LTYuNzFoMTkuMzJ2Ni43MVpNNDQuNDcsNzkuMWgtNy4wMXYtMTEuOTNjMy42Ni0xLjI0LDYuMzEtNC43MSw2LjMxLTguNzgsMC0xLjYzLTEuMzItMi45Ni0yLjk2LTIuOTZzLTIuOTYsMS4zMi0yLjk2LDIuOTZjMCwxLjg1LTEuNSwzLjM1LTMuMzUsMy4zNXMtMy4zNS0xLjUtMy4zNS0zLjM1YzAtMS42My0xLjMyLTIuOTYtMi45Ni0yLjk2cy0yLjk2LDEuMzItMi45NiwyLjk2YzAsNC4wOCwyLjY0LDcuNTUsNi4zMSw4Ljc4djExLjkzaC03LjAxYy0yLjA5LTEwLjE3LTEzLjg5LTE2LjcxLTEzLjg5LTI4LjYsMC0xMy4xNiwxMC43LTIzLjg3LDIzLjg1LTIzLjg3czIzLjg2LDEwLjcxLDIzLjg2LDIzLjg3YzAsMTEuODktMTEuODEsMTguNDQtMTMuODksMjguNloiLz48cGF0aCBkPSJNMzQuNSwxNC4wMWMxLjYzLDAsMi45Ni0xLjMzLDIuOTYtMi45NlYyLjk2YzAtMS42My0xLjMyLTIuOTYtMi45Ni0yLjk2cy0yLjk2LDEuMzMtMi45NiwyLjk2djguMDljMCwxLjYzLDEuMzIsMi45NiwyLjk2LDIuOTZaIi8+PHBhdGggZD0iTTExLjM2LDIxLjAzYzEuMTUtMS4xNSwxLjE1LTMuMDMsMC00LjE4bC02LjMxLTYuMzFjLTEuMTUtMS4xNi0zLjAzLTEuMTYtNC4xOCwwLTEuMTYsMS4xNS0xLjE2LDMuMDMsMCw0LjE4bDYuMzEsNi4zMWMxLjE1LDEuMTYsMy4wMywxLjE2LDQuMTgsMFoiLz48cGF0aCBkPSJNNjguMTMsMTAuNTNjLTEuMTYtMS4xNi0zLjAzLTEuMTYtNC4xOCwwbC02LjMxLDYuMzFjLTEuMTUsMS4xNS0xLjE1LDMuMDMsMCw0LjE4LDEuMTYsMS4xNiwzLjAzLDEuMTYsNC4xOCwwbDYuMzEtNi4zMWMxLjE1LTEuMTYsMS4xNS0zLjAzLDAtNC4xOFoiLz48L3N2Zz4=\" alt=\"\" loading=\"lazy\" decoding=\"async\"><\/div><div class=\"mighty-tip__body\"><h3 class=\"mighty-tip__heading\">Tipp<\/h3><div class=\"mighty-tip__text\">Seg\u00edts\u00e9gre van sz\u00fcks\u00e9ge a k\u00e9relmek kit\u00f6lt\u00e9s\u00e9hez? A munka\u00fcgyi hivatalban k\u00e9szs\u00e9ggel adnak tan\u00e1csot, de fordulhat a k\u00f6z\u00f6ss\u00e9gi centrumhoz vagy a helyi tan\u00e1csad\u00f3 szolg\u00e1lathoz is.<\/div><\/div><\/section>\n\n<p><\/p>\n","protected":false},"excerpt":{"rendered":"<p>Hol int\u00e9zhet\u0151? Minden juttat\u00e1s a k\u00f6vetkez\u0151 helyen ig\u00e9nyelhet\u0151: Milyen juttat\u00e1sokra jogosultak a sz\u00fcl\u0151k? A gyermek sz\u00fclet\u00e9se ut\u00e1n az al\u00e1bbi t\u00e1mogat\u00e1sok ig\u00e9nyelhet\u0151k: A t\u00e1mogat\u00e1sok \u00f6sszege \u00e9s felt\u00e9telei id\u0151r\u0151l id\u0151re v\u00e1ltozhatnak, ez\u00e9rt aj\u00e1nlott ellen\u0151rizni az aktu\u00e1lis inform\u00e1ci\u00f3kat. Hasznos hivatkoz\u00e1sok Az \u00f6sszes, csal\u00e1doknak sz\u00f3l\u00f3 \u00e1llami t\u00e1mogat\u00e1s \u00e1ttekint\u00e9se el\u00e9rhet\u0151 az \u00daPSVaR hivatalos weboldal\u00e1n: Teljes dokumentum:<\/p>\n","protected":false},"author":2,"featured_media":860,"parent":1104,"menu_order":0,"comment_status":"closed","ping_status":"closed","template":"","meta":{"_acf_changed":false,"footnotes":""},"hlavna-kategoria":[],"class_list":["post-1112","page","type-page","status-publish","has-post-thumbnail","hentry"],"acf":[],"_links":{"self":[{"href":"https:\/\/komlife.eu\/hu\/wp-json\/wp\/v2\/pages\/1112","targetHints":{"allow":["GET"]}}],"collection":[{"href":"https:\/\/komlife.eu\/hu\/wp-json\/wp\/v2\/pages"}],"about":[{"href":"https:\/\/komlife.eu\/hu\/wp-json\/wp\/v2\/types\/page"}],"author":[{"embeddable":true,"href":"https:\/\/komlife.eu\/hu\/wp-json\/wp\/v2\/users\/2"}],"replies":[{"embeddable":true,"href":"https:\/\/komlife.eu\/hu\/wp-json\/wp\/v2\/comments?post=1112"}],"version-history":[{"count":2,"href":"https:\/\/komlife.eu\/hu\/wp-json\/wp\/v2\/pages\/1112\/revisions"}],"predecessor-version":[{"id":1818,"href":"https:\/\/komlife.eu\/hu\/wp-json\/wp\/v2\/pages\/1112\/revisions\/1818"}],"up":[{"embeddable":true,"href":"https:\/\/komlife.eu\/hu\/wp-json\/wp\/v2\/pages\/1104"}],"wp:featuredmedia":[{"embeddable":true,"href":"https:\/\/komlife.eu\/hu\/wp-json\/wp\/v2\/media\/860"}],"wp:attachment":[{"href":"https:\/\/komlife.eu\/hu\/wp-json\/wp\/v2\/media?parent=1112"}],"wp:term":[{"taxonomy":"hlavna-kategoria","embeddable":true,"href":"https:\/\/komlife.eu\/hu\/wp-json\/wp\/v2\/hlavna-kategoria?post=1112"}],"curies":[{"name":"wp","href":"https:\/\/api.w.org\/{rel}","templated":true}]}}