{"id":1104,"date":"2025-10-28T15:05:13","date_gmt":"2025-10-28T14:05:13","guid":{"rendered":"https:\/\/komlife.22projects.sk\/terhesseg-es-szulove-valas\/szules-utan\/"},"modified":"2026-01-22T08:30:12","modified_gmt":"2026-01-22T07:30:12","slug":"szules-utan","status":"publish","type":"page","link":"https:\/\/komlife.eu\/hu\/terhesseg-es-szulove-valas\/szules-utan\/","title":{"rendered":"Sz\u00fcl\u00e9s ut\u00e1n"},"content":{"rendered":"\n<div class=\"wp-block-columns is-layout-flex wp-container-core-columns-is-layout-28f84493 wp-block-columns-is-layout-flex\">\n<div class=\"wp-block-column is-layout-flow wp-block-column-is-layout-flow\">\n<p>A gyermek sz\u00fclet\u00e9se hatalmas pillanat \u2013 \u00e9s b\u00e1r ezzel egy szakasz lez\u00e1rul, egy \u00faj \u00e9letszakasz ugyanakkor most kezd\u0151dik el. A sz\u00fcl\u00e9s ut\u00e1ni id\u0151szak sok v\u00e1ltoz\u00e1st, \u00f6r\u00f6m\u00f6t, de kih\u00edv\u00e1sokat is hoz mag\u00e1val. <\/p>\n\n\n\n<p>Ezen az oldalon gyakorlati inform\u00e1ci\u00f3kat tal\u00e1l, amelyek seg\u00edtenek eligazodni az adminisztrat\u00edv teend\u0151k k\u00f6z\u00f6tt, ig\u00e9nyelni a k\u00fcl\u00f6nb\u00f6z\u0151 t\u00e1mogat\u00e1sokat, kiv\u00e1lasztani a gyermekorvost, illetve beszerezni az \u00fajsz\u00fcl\u00f6tt \u201eindul\u00f3csomagj\u00e1t\u201d.<\/p>\n\n\n\n<p>Ak\u00e1r els\u0151 gyermek\u00e9t v\u00e1rja, ak\u00e1r m\u00e1r tapasztalt \u00e9desanya, biztosak vagyunk benne, hogy itt hasznos tan\u00e1csokat tal\u00e1l, amelyek megk\u00f6nny\u00edtik az els\u0151 napokat otthon a kisbab\u00e1val.<\/p>\n<\/div>\n\n\n\n<div class=\"wp-block-column is-layout-flow wp-block-column-is-layout-flow\">\n<figure class=\"wp-block-image size-large\"><img fetchpriority=\"high\" decoding=\"async\" width=\"683\" height=\"1024\" src=\"https:\/\/komlife.eu\/wp-content\/uploads\/2025\/10\/thoughtful-caucasian-baby-2024-09-20-16-10-19-utc-683x1024.jpg\" alt=\"\" class=\"wp-image-1068\" style=\"aspect-ratio:3\/4;object-fit:cover\" srcset=\"https:\/\/komlife.eu\/wp-content\/uploads\/2025\/10\/thoughtful-caucasian-baby-2024-09-20-16-10-19-utc-683x1024.jpg 683w, https:\/\/komlife.eu\/wp-content\/uploads\/2025\/10\/thoughtful-caucasian-baby-2024-09-20-16-10-19-utc-200x300.jpg 200w, https:\/\/komlife.eu\/wp-content\/uploads\/2025\/10\/thoughtful-caucasian-baby-2024-09-20-16-10-19-utc-768x1152.jpg 768w, https:\/\/komlife.eu\/wp-content\/uploads\/2025\/10\/thoughtful-caucasian-baby-2024-09-20-16-10-19-utc-1024x1536.jpg 1024w, https:\/\/komlife.eu\/wp-content\/uploads\/2025\/10\/thoughtful-caucasian-baby-2024-09-20-16-10-19-utc-1365x2048.jpg 1365w, https:\/\/komlife.eu\/wp-content\/uploads\/2025\/10\/thoughtful-caucasian-baby-2024-09-20-16-10-19-utc-scaled.jpg 1707w\" sizes=\"(max-width: 683px) 100vw, 683px\" \/><\/figure>\n<\/div>\n<\/div>\n","protected":false},"excerpt":{"rendered":"<p>A gyermek sz\u00fclet\u00e9se hatalmas pillanat \u2013 \u00e9s b\u00e1r ezzel egy szakasz lez\u00e1rul, egy \u00faj \u00e9letszakasz ugyanakkor most kezd\u0151dik el. A sz\u00fcl\u00e9s ut\u00e1ni id\u0151szak sok v\u00e1ltoz\u00e1st, \u00f6r\u00f6m\u00f6t, de kih\u00edv\u00e1sokat is hoz mag\u00e1val. Ezen az oldalon gyakorlati inform\u00e1ci\u00f3kat tal\u00e1l, amelyek seg\u00edtenek eligazodni az adminisztrat\u00edv teend\u0151k k\u00f6z\u00f6tt, ig\u00e9nyelni a k\u00fcl\u00f6nb\u00f6z\u0151 t\u00e1mogat\u00e1sokat, kiv\u00e1lasztani a gyermekorvost, illetve beszerezni az \u00fajsz\u00fcl\u00f6tt [&hellip;]<\/p>\n","protected":false},"author":2,"featured_media":860,"parent":562,"menu_order":0,"comment_status":"closed","ping_status":"closed","template":"","meta":{"_acf_changed":false,"footnotes":""},"hlavna-kategoria":[],"class_list":["post-1104","page","type-page","status-publish","has-post-thumbnail","hentry"],"acf":[],"_links":{"self":[{"href":"https:\/\/komlife.eu\/hu\/wp-json\/wp\/v2\/pages\/1104","targetHints":{"allow":["GET"]}}],"collection":[{"href":"https:\/\/komlife.eu\/hu\/wp-json\/wp\/v2\/pages"}],"about":[{"href":"https:\/\/komlife.eu\/hu\/wp-json\/wp\/v2\/types\/page"}],"author":[{"embeddable":true,"href":"https:\/\/komlife.eu\/hu\/wp-json\/wp\/v2\/users\/2"}],"replies":[{"embeddable":true,"href":"https:\/\/komlife.eu\/hu\/wp-json\/wp\/v2\/comments?post=1104"}],"version-history":[{"count":1,"href":"https:\/\/komlife.eu\/hu\/wp-json\/wp\/v2\/pages\/1104\/revisions"}],"predecessor-version":[{"id":1674,"href":"https:\/\/komlife.eu\/hu\/wp-json\/wp\/v2\/pages\/1104\/revisions\/1674"}],"up":[{"embeddable":true,"href":"https:\/\/komlife.eu\/hu\/wp-json\/wp\/v2\/pages\/562"}],"wp:featuredmedia":[{"embeddable":true,"href":"https:\/\/komlife.eu\/hu\/wp-json\/wp\/v2\/media\/860"}],"wp:attachment":[{"href":"https:\/\/komlife.eu\/hu\/wp-json\/wp\/v2\/media?parent=1104"}],"wp:term":[{"taxonomy":"hlavna-kategoria","embeddable":true,"href":"https:\/\/komlife.eu\/hu\/wp-json\/wp\/v2\/hlavna-kategoria?post=1104"}],"curies":[{"name":"wp","href":"https:\/\/api.w.org\/{rel}","templated":true}]}}