{"id":1101,"date":"2025-10-28T14:53:51","date_gmt":"2025-10-28T13:53:51","guid":{"rendered":"https:\/\/komlife.22projects.sk\/csaladi-gondoskodas\/programok-anyukaknak-es-gyermekeiknek\/zenes-programok-a-legkisebbeknek-ringato\/"},"modified":"2025-10-30T13:44:16","modified_gmt":"2025-10-30T12:44:16","slug":"zenes-programok-a-legkisebbeknek-ringato","status":"publish","type":"page","link":"https:\/\/komlife.eu\/hu\/csaladi-gondoskodas\/programok-anyukaknak-es-gyermekeiknek\/zenes-programok-a-legkisebbeknek-ringato\/","title":{"rendered":"Zen\u00e9s programok a legkisebbeknek (Ringat\u00f3)"},"content":{"rendered":"\n<div class=\"wp-block-columns is-layout-flex wp-container-core-columns-is-layout-28f84493 wp-block-columns-is-layout-flex\">\n<div class=\"wp-block-column is-layout-flow wp-block-column-is-layout-flow\">\n<p>A <strong>Ringat\u00f3 Kom\u00e1rom<\/strong> zenei foglalkoz\u00e1s az \u00f3vod\u00e1skor el\u0151tt \u00e1ll\u00f3 gyermekeknek sz\u00f3l. A program sor\u00e1n \u00e9nekl\u00e9s, ritmusj\u00e1t\u00e9kok, egyszer\u0171 dallamok, mond\u00f3k\u00e1k \u00e9s hangszeres j\u00e1t\u00e9k v\u00e1rja a r\u00e9sztvev\u0151ket. Mindez olyan k\u00f6zegben t\u00f6rt\u00e9nik, amely er\u0151s\u00edti a sz\u00fcl\u0151 \u00e9s gyermeke k\u00f6z\u00f6tti \u00e9rzelmi k\u00f6tel\u00e9ket. Remek lehet\u0151s\u00e9g a korai zenei nevel\u00e9sre \u00e9s a k\u00f6z\u00f6s j\u00e1t\u00e9kra \u2013 mindenki sz\u00e1m\u00e1ra el\u00e9rhet\u0151.  <br\/><\/p>\n\n\n\n<div class=\"wp-block-buttons is-layout-flex wp-block-buttons-is-layout-flex\">\n<div class=\"wp-block-button\"><a class=\"wp-block-button__link wp-element-button\" href=\"https:\/\/www.facebook.com\/ringatokomarom\">Tudjon meg t\u00f6bbet<\/a><\/div>\n<\/div>\n<\/div>\n\n\n\n<div class=\"wp-block-column is-layout-flow wp-block-column-is-layout-flow\">\n<figure class=\"wp-block-image size-large\"><img fetchpriority=\"high\" decoding=\"async\" width=\"1024\" height=\"682\" src=\"https:\/\/komlife.eu\/wp-content\/uploads\/2025\/10\/father-and-son-with-smartphone-and-earphones-list-2024-10-18-09-15-38-utc-1024x682.jpg\" alt=\"\" class=\"wp-image-1190\" style=\"object-fit:cover\" srcset=\"https:\/\/komlife.eu\/wp-content\/uploads\/2025\/10\/father-and-son-with-smartphone-and-earphones-list-2024-10-18-09-15-38-utc-1024x682.jpg 1024w, https:\/\/komlife.eu\/wp-content\/uploads\/2025\/10\/father-and-son-with-smartphone-and-earphones-list-2024-10-18-09-15-38-utc-300x200.jpg 300w, https:\/\/komlife.eu\/wp-content\/uploads\/2025\/10\/father-and-son-with-smartphone-and-earphones-list-2024-10-18-09-15-38-utc-768x511.jpg 768w, https:\/\/komlife.eu\/wp-content\/uploads\/2025\/10\/father-and-son-with-smartphone-and-earphones-list-2024-10-18-09-15-38-utc-1536x1022.jpg 1536w, https:\/\/komlife.eu\/wp-content\/uploads\/2025\/10\/father-and-son-with-smartphone-and-earphones-list-2024-10-18-09-15-38-utc-2048x1363.jpg 2048w\" sizes=\"(max-width: 1024px) 100vw, 1024px\" \/><\/figure>\n<\/div>\n<\/div>\n\n<p><\/p>\n","protected":false},"excerpt":{"rendered":"<p>A Ringat\u00f3 Kom\u00e1rom zenei foglalkoz\u00e1s az \u00f3vod\u00e1skor el\u0151tt \u00e1ll\u00f3 gyermekeknek sz\u00f3l. A program sor\u00e1n \u00e9nekl\u00e9s, ritmusj\u00e1t\u00e9kok, egyszer\u0171 dallamok, mond\u00f3k\u00e1k \u00e9s hangszeres j\u00e1t\u00e9k v\u00e1rja a r\u00e9sztvev\u0151ket. Mindez olyan k\u00f6zegben t\u00f6rt\u00e9nik, amely er\u0151s\u00edti a sz\u00fcl\u0151 \u00e9s gyermeke k\u00f6z\u00f6tti \u00e9rzelmi k\u00f6tel\u00e9ket. Remek lehet\u0151s\u00e9g a korai zenei nevel\u00e9sre \u00e9s a k\u00f6z\u00f6s j\u00e1t\u00e9kra \u2013 mindenki sz\u00e1m\u00e1ra el\u00e9rhet\u0151.<\/p>\n","protected":false},"author":2,"featured_media":860,"parent":516,"menu_order":0,"comment_status":"closed","ping_status":"closed","template":"","meta":{"_acf_changed":false,"footnotes":""},"hlavna-kategoria":[],"class_list":["post-1101","page","type-page","status-publish","has-post-thumbnail","hentry"],"acf":[],"_links":{"self":[{"href":"https:\/\/komlife.eu\/hu\/wp-json\/wp\/v2\/pages\/1101","targetHints":{"allow":["GET"]}}],"collection":[{"href":"https:\/\/komlife.eu\/hu\/wp-json\/wp\/v2\/pages"}],"about":[{"href":"https:\/\/komlife.eu\/hu\/wp-json\/wp\/v2\/types\/page"}],"author":[{"embeddable":true,"href":"https:\/\/komlife.eu\/hu\/wp-json\/wp\/v2\/users\/2"}],"replies":[{"embeddable":true,"href":"https:\/\/komlife.eu\/hu\/wp-json\/wp\/v2\/comments?post=1101"}],"version-history":[{"count":0,"href":"https:\/\/komlife.eu\/hu\/wp-json\/wp\/v2\/pages\/1101\/revisions"}],"up":[{"embeddable":true,"href":"https:\/\/komlife.eu\/hu\/wp-json\/wp\/v2\/pages\/516"}],"wp:featuredmedia":[{"embeddable":true,"href":"https:\/\/komlife.eu\/hu\/wp-json\/wp\/v2\/media\/860"}],"wp:attachment":[{"href":"https:\/\/komlife.eu\/hu\/wp-json\/wp\/v2\/media?parent=1101"}],"wp:term":[{"taxonomy":"hlavna-kategoria","embeddable":true,"href":"https:\/\/komlife.eu\/hu\/wp-json\/wp\/v2\/hlavna-kategoria?post=1101"}],"curies":[{"name":"wp","href":"https:\/\/api.w.org\/{rel}","templated":true}]}}